{"id":1848,"date":"2011-11-28T14:04:35","date_gmt":"2011-11-28T14:04:35","guid":{"rendered":"http:\/\/www.pagodethienminh.fr\/?page_id=1848"},"modified":"2013-03-14T15:38:45","modified_gmt":"2013-03-14T15:38:45","slug":"bai-phap-ng%e1%ba%afn-nh%e1%ba%a5t-c%e1%bb%a7a-d%e1%bb%a9c-ph%e1%ba%adt","status":"publish","type":"page","link":"https:\/\/www.pagodethienminh.fr\/?page_id=1848","title":{"rendered":"B\u00e0i ph\u00e1p ng\u1eafn nh\u1ea5t c\u1ee7a \u0111\u1ee9c Ph\u1eadt"},"content":{"rendered":"<p style=\"text-align: center;\"><strong>B\u00e0i ph\u00e1p ng\u1eafn nh\u1ea5t c\u1ee7a \u0111\u1ee9c Ph\u1eadt<\/strong><\/p>\n<p>\u201cKinh A H\u00e0m k\u1ec3 r\u1eb1ng c\u00f3 l\u1ea7n m\u1ed9t \u0111\u1ec7 t\u1eed h\u1ecfi Ph\u1eadt Th\u00edch Ca:<\/p>\n<p>&#8211; \u201cB\u1ea1ch Th\u1ebf T\u00f4n, gi\u00e1o ph\u00e1p c\u1ee7a Th\u1ebf T\u00f4n c\u00f3 th\u1ec3 t\u00f3m t\u1eaft n\u00f3i l\u00ean b\u1eb1ng m\u1ed9t c\u00e2u r\u1ea5t \u0111\u01a1n gi\u1ea3n hay kh\u00f4ng?\u201d<\/p>\n<p>Ph\u1eadt tr\u1ea3 l\u1eddi:<\/p>\n<p>&#8211; \u201cC\u00f3 th\u1ec3\u201d.<\/p>\n<p>\u0110\u1ec7 t\u1eed l\u1ea1i h\u1ecfi:<\/p>\n<p>&#8211; \u201c\u0110\u00f3 l\u00e0 c\u00e2u g\u00ec?\u201d<\/p>\n<p>Ph\u1eadt n\u00f3i:<\/p>\n<p>&#8211; \u201c\u0110\u1ed1i v\u1edbi t\u1ea5t c\u1ea3, \u0111\u1ec1u kh\u00f4ng ch\u1ea5p tr\u01b0\u1edbc. \u0110\u00f3 l\u00e0 l\u1eddi n\u00f3i quan tr\u1ecdng nh\u1ea5t trong t\u1ea5t c\u1ea3 gi\u00e1o ph\u00e1p c\u1ee7a Ta\u201d.<\/p>\n<p>Ti\u1ebfp theo Ph\u1eadt l\u1ea1i n\u00f3i:<\/p>\n<p>&#8211; \u201cN\u1ebfu c\u00f3 ng\u01b0\u1eddi n\u00e0o \u0111\u00f3 \u201chi\u1ec3u\u201d \u0111\u01b0\u1ee3c c\u00e2u \u1ea5y, th\u00ec s\u1ebd tin theo to\u00e0n b\u1ed9 gi\u00e1o ph\u00e1p c\u1ee7a Ta, n\u1ebfu c\u00f3 ng\u01b0\u1eddi n\u00e0o \u0111\u00f3 \u201cth\u1ef1c h\u00e0nh\u201d \u0111\u01b0\u1ee3c c\u00e2u \u1ea5y, th\u00ec t\u1ee9c l\u00e0 th\u1ef1c h\u00e0nh \u0111\u01b0\u1ee3c to\u00e0n b\u1ed9 gi\u00e1o ph\u00e1p c\u1ee7a Ta\u201d.<\/p>\n<p>\u201c\u0110\u1ed1i v\u1edbi t\u1ea5t c\u1ea3, \u0111\u1ec1u kh\u00f4ng ch\u1ea5p tr\u01b0\u1edbc\u201d, tuy\u1ec7t di\u1ec7u thay l\u1eddi d\u1ea1y ng\u1eafn g\u1ecdn c\u1ee7a \u0111\u1ee9c \u0110\u1ea1i Bi Th\u1ebf T\u00f4n. Kh\u00f4ng ch\u1ea5p tr\u01b0\u1edbc c\u00f3 ngh\u0129a l\u00e0 kh\u00f4ng d\u00ednh m\u1eafc, l\u1eddi d\u1ea1y n\u00e0y th\u00edch h\u1ee3p cho b\u1ea5t c\u1ee9 tr\u00ecnh \u0111\u1ed9 tu h\u00e0nh n\u00e0o. C\u1ea3 tu s\u0129 v\u00e0 c\u01b0 s\u0129, n\u1ebfu \u1ee9ng d\u1ee5ng \u0111\u1ec1u \u0111\u01b0\u1ee3c l\u1ee3i \u00edch.<\/p>\n<p>&#8220;V\u1eadt B\u1ed1 Th\u00ed c\u00fang d\u01b0\u1eddng n\u00e0o \u0111\u01b0\u1ee3c xem l\u00e0 c\u00e1o qu\u00fd nh\u1ea5t ?<br \/>\nTh\u1ef1c ph\u1ea9m n\u00e0o ngon mi\u1ec7ng nh\u1ea5t ?<br \/>\nC\u00e1i g\u00ec \u0111\u00eam \u0111\u1ebfn s\u1ef1 th\u00fa v\u00ec ni\u1ec7m h\u1ea1nh ph\u00fac l\u1edbn lao nh\u1ea5t ?<br \/>\n\u0110i\u1ec1u g\u00ec th\u00edch h\u1ee3p nh\u1ea5t \u0111\u1ec3 d\u1eadp t\u1ea5t \u0111\u01b0\u1ee3c l\u1edbn a\u00ed \u0111am m\u00ea ?&#8221;<\/p>\n<p>L\u00e0 Gi\u00e1o Ph\u00e1p.<\/p>\n","protected":false},"excerpt":{"rendered":"<p>B\u00e0i ph\u00e1p ng\u1eafn nh\u1ea5t c\u1ee7a \u0111\u1ee9c Ph\u1eadt \u201cKinh A H\u00e0m k\u1ec3 r\u1eb1ng c\u00f3 l\u1ea7n m\u1ed9t \u0111\u1ec7 t\u1eed h\u1ecfi Ph\u1eadt Th\u00edch Ca: &#8211; \u201cB\u1ea1ch Th\u1ebf T\u00f4n, \u2026 <a class=\"continue-reading-link\" href=\"https:\/\/www.pagodethienminh.fr\/?page_id=1848\">Continue \u00e0 lire <span class=\"meta-nav\">&rarr; <\/span><\/a><\/p>\n","protected":false},"author":1,"featured_media":0,"parent":836,"menu_order":8,"comment_status":"closed","ping_status":"closed","template":"template-onecolumn.php","meta":{"_mc_calendar":[],"footnotes":""},"class_list":["post-1848","page","type-page","status-publish","hentry"],"_links":{"self":[{"href":"https:\/\/www.pagodethienminh.fr\/index.php?rest_route=\/wp\/v2\/pages\/1848","targetHints":{"allow":["GET"]}}],"collection":[{"href":"https:\/\/www.pagodethienminh.fr\/index.php?rest_route=\/wp\/v2\/pages"}],"about":[{"href":"https:\/\/www.pagodethienminh.fr\/index.php?rest_route=\/wp\/v2\/types\/page"}],"author":[{"embeddable":true,"href":"https:\/\/www.pagodethienminh.fr\/index.php?rest_route=\/wp\/v2\/users\/1"}],"replies":[{"embeddable":true,"href":"https:\/\/www.pagodethienminh.fr\/index.php?rest_route=%2Fwp%2Fv2%2Fcomments&post=1848"}],"version-history":[{"count":2,"href":"https:\/\/www.pagodethienminh.fr\/index.php?rest_route=\/wp\/v2\/pages\/1848\/revisions"}],"predecessor-version":[{"id":3492,"href":"https:\/\/www.pagodethienminh.fr\/index.php?rest_route=\/wp\/v2\/pages\/1848\/revisions\/3492"}],"up":[{"embeddable":true,"href":"https:\/\/www.pagodethienminh.fr\/index.php?rest_route=\/wp\/v2\/pages\/836"}],"wp:attachment":[{"href":"https:\/\/www.pagodethienminh.fr\/index.php?rest_route=%2Fwp%2Fv2%2Fmedia&parent=1848"}],"curies":[{"name":"wp","href":"https:\/\/api.w.org\/{rel}","templated":true}]}}