{"id":181,"date":"2011-04-30T08:04:15","date_gmt":"2011-04-30T08:04:15","guid":{"rendered":"http:\/\/www.pagodethienminh.fr\/?page_id=181"},"modified":"2013-03-14T15:27:45","modified_gmt":"2013-03-14T15:27:45","slug":"2-presentation","status":"publish","type":"page","link":"https:\/\/www.pagodethienminh.fr\/?page_id=181","title":{"rendered":"Pr\u00e9sentation"},"content":{"rendered":"<p style=\"text-align: justify;\"><a href=\"https:\/\/www.pagodethienminh.fr\/?attachment_id=183\" rel=\"attachment wp-att-183\"><img loading=\"lazy\" decoding=\"async\" class=\"aligncenter size-medium wp-image-183\" title=\"Sakyamauni Bouddha\" alt=\"\" src=\"https:\/\/www.pagodethienminh.fr\/wp-content\/uploads\/2011\/04\/phat_thich_ca253-365x1801-300x147.jpg\" width=\"300\" height=\"147\" srcset=\"https:\/\/www.pagodethienminh.fr\/wp-content\/uploads\/2011\/04\/phat_thich_ca253-365x1801-300x147.jpg 300w, https:\/\/www.pagodethienminh.fr\/wp-content\/uploads\/2011\/04\/phat_thich_ca253-365x1801-150x73.jpg 150w, https:\/\/www.pagodethienminh.fr\/wp-content\/uploads\/2011\/04\/phat_thich_ca253-365x1801.jpg 365w\" sizes=\"auto, (max-width: 300px) 100vw, 300px\" \/><\/a>Les textes sacr\u00e9s du bouddhisme sont regoup\u00e9s en trois recueils appel\u00e9s &#8220;Tripitaka (Srkt)&#8221; ou &#8220;Tipitaka&#8221;(\u201cTam t\u1ea1ng\u201d en VN), qui sont la base originelle des livres bouddhistes, dont la traduction est &#8220;trois corbeilles&#8221; ou &#8220;livres canoniques&#8221; du bouddhisme\u00a0:<\/p>\n<ol style=\"text-align: justify;\">\n<li><strong>s\u016btra-pitaka<\/strong> (Kinh t\u1ea1ng en VN) ou corbeille des sutras\u00a0: regroupe tous les paroles et les enseignements donn\u00e9s par le Bouddha lui-m\u00eame, qui sont apr\u00e8s retranscrit par Ananda-A Nan (\u00e0 partir du par coeur), le plus proche des dix disciples du Bouddha, lors du premier Concile de Rajagriha, sept ans apr\u00e8s la mort du Bouddha. Chaque sutra commence par\u00a0: &#8220;Ainsi ai-je entendu&#8221; (Nh\u01b0 th\u1eadt t\u00f4i nghe en VN), puis d\u00e9crit le lieu, la saison et les circonstances de l\u2019enseignement.<\/li>\n<\/ol>\n<ol style=\"text-align: justify;\">\n<li><strong>vinaya-pitaka<\/strong> (Srkt) (Lu\u1eadt t\u1ea1ng en VN) ou corbeille de la discipline\u00a0: regroupe Textes concernant la communaut\u00e9 bouddhiste ou Sangha, d\u00e9crivant les r\u00e8gles que doivent suivre les moines bouddhistes. La discipline est repr\u00e9sent\u00e9 par des barri\u00e8res qui arr\u00eatent la cr\u00e9ation ou la continut\u00e9 des &#8220;mauvaises actions. Bouddha a expliqu\u00e9 \u00e0 ces disciples que lorsqu\u2019il ne sera plus de ce monde, la discipline sera le guide pour l\u2019\u00e9veil. Si on pratique et applique la discipline, on sera le disciple de Bouddha. Discipline est pris dans le sens de r\u00e8gle ou de loi de vie.<\/li>\n<\/ol>\n<ol style=\"text-align: justify;\">\n<li><strong>abhidharma-pitaka<\/strong> (Srkt) (Lu\u1eadn t\u1ea1ng en VN) ou la corbeille de la connaissance sup\u00e9rieure des ph\u00e9nom\u00e8nes\u00a0: est un ensemble d\u2019enseignements et d\u2019analyses des sermons du bouddha. L\u2019Abhidharma au sens litt\u00e9ral veut dire &#8220;Dharma sup\u00e9rieur&#8221;, dharma pouvant \u00eatre pris au sens de l\u2019enseignement ou des ph\u00e9nom\u00e8nes. L\u2019Abhidharma est une caract\u00e9ristique propre au Bouddhisme. Sa pr\u00e9sentation de la sagesse-connaissante permet de comprendre les sutras et tantras.<\/li>\n<\/ol>\n<p style=\"text-align: justify;\">Le Bouddha a enseign\u00e9 5 p\u00e9riodes de Sutras, apr\u00e8s avoir atteint l\u2019illumination\u00a0:<\/p>\n<ul style=\"text-align: justify;\">\n<li>P\u00e9riode 1\u00a0: Apr\u00e8s avoir atteint l\u2019illumination, il a enseign\u00e9 21 jours sur le Sutra d\u2019Avatamsaka (Kinh Hoa Nghi\u00eam)<\/li>\n<\/ul>\n<ul style=\"text-align: justify;\">\n<li>P\u00e9riode 2\u00a0: Puis enseign\u00e9 durant 12 ans sur le Sutra d\u2019Agamas (Kinh A H\u00e0m) au parc des Gazelles<\/li>\n<\/ul>\n<ul style=\"text-align: justify;\">\n<li>P\u00e9riode 3\u00a0: Il a continu\u00e9 a donn\u00e9 un enseignement pendant 8 ans sur le Sutra de Vaipulyas (Kinh Ph\u01b0\u01a1ng \u0111\u1eb3ng) pour la voie du Mahayana<\/li>\n<\/ul>\n<ul style=\"text-align: justify;\">\n<li>P\u00e9riode 4\u00a0: Vint apr\u00e8s la p\u00e9riode de Sutra de Prajna (Kinh B\u00e1t Nh\u00e3) pendant 22 ans pour la voie du Mahayana<\/li>\n<\/ul>\n<ul style=\"text-align: justify;\">\n<li>P\u00e9riode 5\u00a0: Et enfin il a enseign\u00e9 pendant la p\u00e9riode du Nirvana, deux Sutras\u00a0: le Sutra du Lotus (Kinh Ph\u00e1p Hoa) et le Sutra du Nirvana (Kinh Ni\u1ebft B\u00e0n) qui a dur\u00e9 8 ann\u00e9es.<\/li>\n<\/ul>\n<p style=\"text-align: justify;\">On peut faire r\u00e9f\u00e9rence \u00e0 quelques Sutras connus du Mahayana (\u0111\u1ea1i th\u1eeba en VN), qui sont \u00e9crits entre 100 ans avant J.C. et 500 ans apr\u00e8s J.C.\u00a0:<\/p>\n<ul style=\"text-align: justify;\">\n<li>le Sutra du coeur, le plus court des 40 sutra appel\u00e9s Mahaprajnaparamita-sutra en sanskrit, tr\u00e8s connu en Chine et au Japon. Le bouddhisme zen le consid\u00e8re comme le plus important, avec notamment le concept de vacuit\u00e9 (qualit\u00e9 de ce qui est vide) r\u00e9sum\u00e9 par\u00a0: &#8220;La forme n\u2019est que vide. Le vide n\u2019est que forme&#8221;.<\/li>\n<li>le Sutra du lotus, tr\u00e8s connu \u00e9galement en Chine et au Japon. Il rassemble l\u2019ensemble de la doctrine du Bouddha, et \u00e0 ce titre est consid\u00e9r\u00e9 comme le plus important pour de nombreuses \u00e9coles bouddhistes. Il a \u00e9t\u00e9 prononc\u00e9 par Bouddha au lieu dit &#8220;Pic du Vautour&#8221; devant une tr\u00e8s grande foule. Il aborde les diverses voies pour arriver \u00e0 l\u2019Illumination, qui n\u00e9cessitent toutes l\u2019abandon de soi et privil\u00e9gient la foi.<\/li>\n<li>le Sutra du diamant, le plus ancien livre imprim\u00e9 du monde. Il fait partie du Prajnaparamita-sutra. il est appel\u00e9 ainsi car il est tranchant comme un diamant. Il distingue les manifestations ph\u00e9nom\u00e9nales, qui ne sont que des illusions, de l\u2019Ultime R\u00e9alit\u00e9.<\/li>\n<li>le Sutra de la lumi\u00e8re dor\u00e9e, qui pr\u00e9sente le Bouddha comme l\u2019incarnation de la V\u00e9rit\u00e9, fait l\u2019\u00e9loge de la sagesse, du don de soi, traite du dharma, et fait le lien entre la politique et la religion. Il contient la parabole du Bouddha qui s\u2019offre en nourriture \u00e0 un lion.<\/li>\n<\/ul>\n<p style=\"text-align: justify;\">\n","protected":false},"excerpt":{"rendered":"<p>Les textes sacr\u00e9s du bouddhisme sont regoup\u00e9s en trois recueils appel\u00e9s &#8220;Tripitaka (Srkt)&#8221; ou &#8220;Tipitaka&#8221;(\u201cTam t\u1ea1ng\u201d en VN), qui sont la base originelle des livres \u2026 <a class=\"continue-reading-link\" href=\"https:\/\/www.pagodethienminh.fr\/?page_id=181\">Continue \u00e0 lire <span class=\"meta-nav\">&rarr; <\/span><\/a><\/p>\n","protected":false},"author":1,"featured_media":0,"parent":832,"menu_order":2,"comment_status":"closed","ping_status":"closed","template":"template-onecolumn.php","meta":{"_mc_calendar":[],"footnotes":""},"class_list":["post-181","page","type-page","status-publish","hentry"],"_links":{"self":[{"href":"https:\/\/www.pagodethienminh.fr\/index.php?rest_route=\/wp\/v2\/pages\/181","targetHints":{"allow":["GET"]}}],"collection":[{"href":"https:\/\/www.pagodethienminh.fr\/index.php?rest_route=\/wp\/v2\/pages"}],"about":[{"href":"https:\/\/www.pagodethienminh.fr\/index.php?rest_route=\/wp\/v2\/types\/page"}],"author":[{"embeddable":true,"href":"https:\/\/www.pagodethienminh.fr\/index.php?rest_route=\/wp\/v2\/users\/1"}],"replies":[{"embeddable":true,"href":"https:\/\/www.pagodethienminh.fr\/index.php?rest_route=%2Fwp%2Fv2%2Fcomments&post=181"}],"version-history":[{"count":8,"href":"https:\/\/www.pagodethienminh.fr\/index.php?rest_route=\/wp\/v2\/pages\/181\/revisions"}],"predecessor-version":[{"id":186,"href":"https:\/\/www.pagodethienminh.fr\/index.php?rest_route=\/wp\/v2\/pages\/181\/revisions\/186"}],"up":[{"embeddable":true,"href":"https:\/\/www.pagodethienminh.fr\/index.php?rest_route=\/wp\/v2\/pages\/832"}],"wp:attachment":[{"href":"https:\/\/www.pagodethienminh.fr\/index.php?rest_route=%2Fwp%2Fv2%2Fmedia&parent=181"}],"curies":[{"name":"wp","href":"https:\/\/api.w.org\/{rel}","templated":true}]}}