{"id":1799,"date":"2011-11-27T13:02:30","date_gmt":"2011-11-27T13:02:30","guid":{"rendered":"http:\/\/www.pagodethienminh.fr\/?page_id=1799"},"modified":"2013-03-14T15:21:08","modified_gmt":"2013-03-14T15:21:08","slug":"g%c6%b0%c6%a1ng-hi%e1%ba%bfu-h%e1%ba%a1nh-d%e1%bb%a9c-m%e1%bb%a5c-ki%e1%bb%81n-lien","status":"publish","type":"page","link":"https:\/\/www.pagodethienminh.fr\/?page_id=1799","title":{"rendered":"G\u01af\u01a0NG HI\u1ebeU H\u1ea0NH \u0110\u1ee8C M\u1ee4C KI\u1ec0N LI\u00caN"},"content":{"rendered":"<p style=\"text-align: center;\"><strong>G\u01af\u01a0NG HI\u1ebeU H\u1ea0NH \u0110\u1ee8C M\u1ee4C KI\u1ec0N LI\u00caN<\/strong><\/p>\n<p style=\"text-align: center;\"><strong><\/strong>Vi\u1ebft b\u1edfi Th\u00edch Thanh T\u1eeb<\/p>\n<p style=\"text-align: justify;\">H\u00f4m nay l\u00e0 ng\u00e0y L\u1ec5 Vu lan; \u0111\u1ed1i v\u1edbi Ph\u1eadt gi\u00e1o Vi\u1ec7t Nam, ng\u00e0y l\u1ec5 n\u00e0y c\u00f3 \u00fd ngh\u0129a r\u1ea5t l\u1edbn v\u00ec \u0111\u00e2y l\u00e0 ng\u00e0y T\u00f4n gi\u1ea3 M\u1ee5c Ki\u1ec1n Li\u00ean c\u1ee9u m\u1eb9 tho\u00e1t kh\u1ecfi kh\u1ed5 h\u00ecnh trong \u0111\u1ecba ng\u1ee5c.<\/p>\n<p style=\"text-align: justify;\">H\u00f4m nay l\u00e0 ng\u00e0y L\u1ec5 Vu lan; \u0111\u1ed1i v\u1edbi Ph\u1eadt gi\u00e1o Vi\u1ec7t Nam, ng\u00e0y l\u1ec5 n\u00e0y c\u00f3 \u00fd ngh\u0129a r\u1ea5t l\u1edbn v\u00ec \u0111\u00e2y l\u00e0 ng\u00e0y T\u00f4n gi\u1ea3 M\u1ee5c Ki\u1ec1n Li\u00ean c\u1ee9u m\u1eb9 tho\u00e1t kh\u1ecfi kh\u1ed5 h\u00ecnh trong \u0111\u1ecba ng\u1ee5c. T\u1ea1i sao Ng\u00e0i M\u1ee5c Ki\u1ec1n Li\u00ean l\u00e0 v\u1ecb \u0111\u1ec7 t\u1eed c\u1ee7a Ph\u1eadt, c\u0169ng nh\u01b0 bao nhi\u00eau v\u1ecb A la h\u00e1n kh\u00e1c nh\u01b0ng ch\u00fang ta l\u1ea1i \u0111\u1eb7t quan tr\u1ecdng? B\u1edfi v\u00ec ng\u01b0\u1eddi Vi\u1ec7t Nam l\u00e2u nay n\u1eb7ng v\u1ec1 ch\u1eef Hi\u1ebfu, t\u1ed5 ti\u00ean \u00f4ng b\u00e0 cha m\u1eb9 \u0111\u1ec1u l\u1ea5y ch\u1eef Hi\u1ebfu l\u00e0m \u0111\u1ea7u. G\u01b0\u01a1ng c\u1ee7a ng\u00e0i M\u1ee5c Ki\u1ec1n Li\u00ean l\u00e0 m\u1ed9t g\u01b0\u01a1ng s\u00e1ng n\u00f3i l\u00ean l\u00f2ng hi\u1ebfu th\u1ea3o c\u1ee7a ng\u01b0\u1eddi con \u0111\u1ed1i v\u1edbi cha m\u1eb9, n\u00ean r\u1ea5t th\u00edch h\u1ee3p v\u1edbi Ph\u1eadt gi\u00e1o Vi\u1ec7t Nam.<\/p>\n<p style=\"text-align: justify;\">Cho n\u00ean Ph\u1eadt gi\u00e1o n\u01b0\u1edbc ta xem ng\u00e0y L\u1ec5 Vu lan r\u1ea5t quan tr\u1ecdng, \u0111\u1ec3 nh\u1eafc nh\u1edf t\u1ea5t c\u1ea3 Ph\u1eadt t\u1eed \u0111\u1ec1u \u00fd th\u1ee9c ng\u00e0y l\u1ec5 n\u00e0y l\u00e0 m\u1ed9t h\u00ecnh \u1ea3nh \u0111\u1eb9p, l\u00e0 m\u1ed9t t\u1ea5m g\u01b0\u01a1ng s\u00e1ng ng\u1eddi, ch\u00fang ta ph\u1ea3i h\u1eb1ng nh\u1edb h\u1eb1ng bi\u1ebft, ch\u1edb kh\u00f4ng th\u1ec3 l\u01a1 l\u00e0 \u0111\u01b0\u1ee3c. Ng\u01b0\u1eddi Vi\u1ec7t Nam m\u00ecnh t\u00f4n tr\u1ecdng ch\u1eef Hi\u1ebfu l\u00e0m \u0111\u1ea7u, \u0111i\u1ec1u n\u00e0y c\u00f3 sai l\u1ec7ch kh\u00f4ng? Ch\u1eafc l\u00e0 kh\u00f4ng. B\u1edfi v\u00ec ai c\u0169ng th\u1ea5y r\u00f5, ch\u00fang ta nh\u1edd th\u1eeba h\u01b0\u1edfng s\u1ef1 trao truy\u1ec1n t\u1eeb cha m\u1eb9 m\u00e0 m\u00ecnh c\u00f3 h\u00ecnh h\u00e0i, c\u00f3 th\u00e2n th\u1ec3 n\u00e0y. S\u1ef1 trao truy\u1ec1n \u0111\u00f3 l\u00e0 huy\u1ebft th\u1ed1ng, ch\u1edb kh\u00f4ng ph\u1ea3i chuy\u1ec7n \u1edf b\u00ean ngo\u00e0i. Cho n\u00ean m\u1ecdi hay d\u1edf t\u1ed1t x\u1ea5u c\u1ee7a ch\u00fang ta l\u00e0 ni\u1ec1m vui bu\u1ed3n hay \u0111au kh\u1ed5 c\u1ee7a cha m\u1eb9. B\u1ed5n ph\u1eadn l\u00e0m con kh\u00f4ng bao gi\u1edd qu\u00ean \u01a1n cha m\u1eb9, b\u1edfi v\u00ec th\u00e2m \u00e2n \u0111\u00f3 kh\u00f4ng th\u1ec3 n\u00e0o ch\u1ed1i c\u00e3i, kh\u00f4ng th\u1ec3 n\u00e0o t\u1eeb b\u1ecf \u0111\u01b0\u1ee3c.<\/p>\n<p style=\"text-align: justify;\">Ng\u01b0\u1eddi n\u00e0o th\u1ea5y cha m\u1eb9 gi\u00e0 c\u00f3 v\u1ebb l\u1ea9m c\u1ea9m m\u1ed9t ch\u00fat m\u00e0 xem th\u01b0\u1eddng cha m\u1eb9 l\u00e0 c\u00f3 l\u1ed7i l\u1edbn. D\u00f9 cha m\u1eb9 l\u1ea9m c\u1ea9m bao nhi\u00eau \u0111i n\u1eefa, nh\u01b0ng ch\u00fang ta c\u0169ng nh\u1edb r\u1eb1ng b\u1ea3n th\u00e2n m\u00ecnh l\u00e0 m\u1ed9t ph\u1ea7n c\u1ee7a th\u00e2n th\u1ec3 cha m\u1eb9, kh\u00f4ng th\u1ec3 t\u00e1ch r\u1eddi, kh\u00f4ng th\u1ec3 \u0111\u1ee9ng ri\u00eang, d\u00f9 mu\u1ed1n ch\u1ed1i b\u1ecf c\u0169ng kh\u00f4ng ch\u1ed1i b\u1ecf \u0111\u01b0\u1ee3c. Th\u00e2n n\u00e0y \u0111\u00e3 l\u00e0 c\u1ee7a cha m\u1eb9 m\u00e0 m\u00ecnh ph\u1ee5 r\u1eaby, vong \u00e2n th\u00ec \u0111i\u1ec1u \u0111\u00f3 th\u1eadt v\u00f4 ngh\u0129a, kh\u00f4ng x\u1ee9ng \u0111\u00e1ng l\u00e0 m\u1ed9t con ng\u01b0\u1eddi. Do \u0111\u00f3 l\u00f2ng hi\u1ebfu th\u1ea3o \u0111\u1ed1i v\u1edbi ch\u00fang ta l\u00e0 m\u1ed9t ch\u00e2n l\u00fd. Tr\u00ean th\u1ebf gian n\u00e0y kh\u00f4ng c\u00f3 \u00e2n n\u00e0o qu\u00fd tr\u1ecdng v\u00e0 cao c\u1ea3 b\u1eb1ng \u00e2n cha m\u1eb9. N\u1ebfu \u00e2n cao c\u1ea3 nh\u01b0 v\u1eady m\u00e0 ch\u00fang ta qu\u00ean \u0111i th\u00ec nh\u1eefng \u00e2n th\u01b0\u1eddng trong x\u00e3 h\u1ed9i, \u00e2n c\u1ee7a b\u1ea1n b\u00e8 gi\u00fap \u0111\u1ee1, ch\u00fang ta l\u00e0m g\u00ec bi\u1ebft \u01a1n v\u00e0 \u0111\u1ec1n \u01a1n.<\/p>\n<p style=\"text-align: justify;\">Nh\u01b0 v\u1eady mu\u1ed1n th\u00e0nh ng\u01b0\u1eddi t\u1ed1t, c\u00f3 \u0111\u1ea1o \u0111\u1ee9c, tr\u01b0\u1edbc ti\u00ean ph\u1ea3i l\u00e0 ng\u01b0\u1eddi con hi\u1ebfu th\u1ea3o. Ng\u01b0\u1eddi Ph\u1eadt t\u1eed kh\u00f4ng ph\u1ea3i tu theo Ph\u1eadt \u0111\u1ec3 ch\u1ec9 c\u1ea7u gi\u1ea3i tho\u00e1t sanh t\u1eed th\u00f4i, m\u00e0 c\u00f2n tu trong b\u1ed5n ph\u1eadn l\u00e0m ng\u01b0\u1eddi, trong \u0111\u00f3 cha m\u1eb9 l\u00e0 tr\u00ean h\u1ebft. \u0110\u1ed1i v\u1edbi cha m\u1eb9 m\u00e0 qu\u00ean th\u00ec c\u1ea7u th\u00e0nh Ph\u1eadt, c\u1ea7u gi\u1ea3i tho\u00e1t, e r\u1eb1ng ch\u01b0a \u0111\u01b0\u1ee3c. V\u00ec sao? V\u00ec ng\u00e0i M\u1ee5c Ki\u1ec1n Li\u00ean \u0111\u00e3 ch\u1ee9ng A la h\u00e1n r\u1ed3i m\u00e0 c\u00f2n ch\u01b0a qu\u00ean c\u00f4ng \u01a1n c\u1ee7a m\u1eb9, hu\u1ed1ng n\u1eefa ch\u00fang ta l\u00e0 ph\u00e0m T\u0103ng ph\u00e0m Ni, l\u1ea1i kh\u00f4ng nh\u1edb kh\u00f4ng k\u1ec3 g\u00ec \u0111\u1ebfn \u00e2n cha m\u1eb9, \u0111\u00f3 l\u00e0 m\u1ed9t \u0111i\u1ec1u thi\u1ebfu s\u00f3t kh\u00f4ng th\u1ec3 ch\u1ea5p nh\u1eadn \u0111\u01b0\u1ee3c.<\/p>\n<p style=\"text-align: justify;\">V\u00ec v\u1eady ng\u00e0y L\u1ec5 Vu lan v\u1eeba l\u00e0 l\u1ec5 Ph\u1eadt, l\u1ec5 B\u1ed3 t\u00e1t, l\u1ec5 A la h\u00e1n t\u1ee9c ng\u00e0i M\u1ee5c Ki\u1ec1n Li\u00ean, m\u00e0 c\u0169ng l\u00e0 m\u1ed9t ng\u00e0y g\u1ee3i nh\u1eafc l\u1ea1i cho ch\u00fang ta tinh th\u1ea7n cao \u0111\u1eb9p c\u1ee7a t\u1ed5 ti\u00ean m\u00ecnh. Ch\u00fang ta ph\u1ea3i nh\u1edb ng\u00e0y L\u1ec5 Vu lan c\u00f3 \u00fd ngh\u0129a tr\u1ecdng \u0111\u1ea1i nh\u01b0 th\u1ebf, ch\u1edb kh\u00f4ng ph\u1ea3i t\u1edbi ng\u00e0y n\u00e0y ch\u1ec9 c\u1ea7u nguy\u1ec7n cho \u00f4ng b\u00e0 si\u00eau sanh T\u1ecbnh \u0111\u1ed9 th\u00f4i, m\u00e0 ch\u00fang ta lu\u00f4n ngh\u0129 t\u1edbi b\u1ed5n ph\u1eadn l\u00e0m con \u0111\u1ed1i v\u1edbi cha m\u1eb9. Ngh\u0129 \u0111\u1ebfn t\u00ecnh th\u01b0\u01a1ng cha m\u1eb9 \u0111\u1ed1i v\u1edbi ch\u00fang ta nh\u01b0 th\u1ebf n\u00e0o \u0111\u1ec3 c\u1ed1 g\u1eafng tu h\u00e0nh, c\u1ed1 g\u1eafng \u0111\u1ec1n tr\u1ea3 c\u00f4ng \u01a1n l\u1edbn lao c\u1ee7a cha m\u1eb9. Nh\u01b0 v\u1eady m\u1edbi x\u1ee9ng \u0111\u00e1ng l\u00e0 ng\u01b0\u1eddi con Ph\u1eadt, c\u0169ng x\u1ee9ng \u0111\u00e1ng l\u00e0 ng\u01b0\u1eddi Ph\u1eadt t\u1eed Vi\u1ec7t Nam.<\/p>\n<p style=\"text-align: justify;\">Nhi\u1ec1u ng\u01b0\u1eddi \u0111\u1eb7t c\u00e2u h\u1ecfi, t\u1ea1i sao ng\u00e0i M\u1ee5c Ki\u1ec1n Li\u00ean \u0111\u00e3 tu ch\u1ee9ng l\u1ee5c th\u00f4ng, c\u00f3 th\u1ec3 \u0111\u1ebfn \u0111\u01b0\u1ee3c ch\u1ed7 c\u1ee7a m\u1eb9 \u1edf trong c\u00f5i ng\u1ea1 qu\u1ef7 \u0111\u00f3i kh\u00e1t, m\u00e0 kh\u00f4ng d\u00f9ng th\u1ea7n th\u00f4ng c\u00f5ng m\u1eb9 ch\u1ea1y l\u00ean c\u00f5i Tr\u1eddi cho sung s\u01b0\u1edbng? T\u1ea1i sao th\u1ea5y c\u1ea3nh m\u1eb9 kh\u1ed5 r\u1ed3i kh\u00f3c tr\u1edf v\u1ec1, kh\u00f4ng l\u00e0m g\u00ec \u0111\u01b0\u1ee3c? \u0110\u00f3 l\u00e0 m\u1ed9t v\u1ea5n \u0111\u1ec1 c\u1ea7n ph\u1ea3i hi\u1ec3u r\u00f5. Trong nh\u00e0 Ph\u1eadt c\u00f3 c\u00e2u \u201cTh\u1ea7n th\u00f4ng b\u1ea5t n\u0103ng \u0111\u1ecbch nghi\u1ec7p\u201d, ngh\u0129a l\u00e0 th\u1ea7n th\u00f4ng kh\u00f4ng th\u1ec3 di\u1ec7t \u0111\u01b0\u1ee3c \u0111\u1ecbnh nghi\u1ec7p. Nghi\u1ec7p \u0111\u00e3 nh\u1ea5t \u0111\u1ecbnh r\u1ed3i, d\u00f9 c\u00f3 th\u1ea7n th\u00f4ng c\u0169ng kh\u00f4ng \u0111\u1ed5i d\u1eddi \u0111\u01b0\u1ee3c.<\/p>\n<p style=\"text-align: justify;\">Nh\u01b0 tr\u01b0\u1eddng h\u1ee3p \u0110\u1ee9c Ph\u1eadt khi \u0111\u00e3 \u0111\u1eafc qu\u1ea3 r\u1ed3i, d\u00f2ng h\u1ecd Th\u00edch b\u1ecb vua L\u01b0u Ly c\u1eed binh sang \u0111\u00e1nh. \u0110\u1ee9c Ph\u1eadt nhi\u1ec1u l\u1ea7n khuy\u00ean ng\u0103n nh\u01b0ng kh\u00f4ng \u0111\u01b0\u1ee3c, cu\u1ed1i c\u00f9ng Ph\u1eadt c\u0169ng \u0111\u00e0nh ch\u1ecbu \u0111\u1ec3 vua L\u01b0u Ly ch\u00e9m gi\u1ebft d\u00f2ng h\u1ecd Th\u00edch Ca. Nh\u01b0 v\u1eady \u0111\u1ec3 th\u1ea5y khi \u0111\u1ecbnh nghi\u1ec7p c\u00f3 r\u1ed3i th\u00ec kh\u00f3 c\u1ea3i \u0111\u1ed5i \u0111\u01b0\u1ee3c. \u0110\u1ee9c Ph\u1eadt kh\u00f4ng c\u1ee9u \u0111\u01b0\u1ee3c d\u00f2ng h\u1ecd c\u0169ng nh\u01b0 ng\u00e0i M\u1ee5c Ki\u1ec1n Li\u00ean kh\u00f4ng c\u1ee9u \u0111\u01b0\u1ee3c m\u1eb9, d\u00f9 l\u00e0 c\u00f3 th\u1ea7n th\u00f4ng. Qua c\u00e2u chuy\u1ec7n tr\u00ean, ch\u00fang ta th\u1ea5y r\u00f5 th\u1ea7n th\u00f4ng kh\u00f4ng chuy\u1ec3n \u0111\u01b0\u1ee3c \u0111\u1ecbnh nghi\u1ec7p c\u1ee7a ng\u01b0\u1eddi kh\u00e1c.<\/p>\n<p style=\"text-align: justify;\">Trong nh\u00e0 thi\u1ec1n th\u00ec xem th\u01b0\u1eddng th\u1ea7n th\u00f4ng l\u1eafm. Nh\u01b0 t\u1ed5 Ho\u00e0ng B\u00e1 \u1edf Trung Hoa, ng\u00e0i l\u00ean n\u00fai Thi\u00ean Thai v\u00e0o m\u00f9a m\u01b0a, khi xu\u1ed1ng n\u00fai g\u1eb7p m\u1ed9t v\u1ecb T\u0103ng, c\u1ea3 hai k\u1ebft b\u1ea1n c\u00f9ng \u0111i. \u0110i m\u1ed9t \u0111\u1ed7i g\u1eb7p d\u00f2ng su\u1ed1i l\u1edbn, n\u01b0\u1edbc ch\u1ea3y m\u1ea1nh, \u0111\u1eb1ng xa c\u00f3 m\u1ed9t con thuy\u1ec1n. V\u1ecb T\u0103ng c\u00f9ng \u0111i b\u1ea3o \u201chuynh \u0111i qua \u0111i\u201d, ng\u00e0i Ho\u00e0ng B\u00e1 n\u00f3i \u201chuynh qua \u0111\u01b0\u1ee3c th\u00ec c\u1ee9 qua tr\u01b0\u1edbc\u201d. V\u1ecb T\u0103ng n\u1ecd li\u1ec1n v\u00e9n \u00e1o, \u0111i th\u1eadt nhanh tr\u00ean m\u1eb7t n\u01b0\u1edbc qua b\u1edd b\u00ean kia. Ng\u00e0i Ho\u00e0ng B\u00e1 d\u00f9ng thuy\u1ec1n qua sau. \u0110\u1ebfn b\u1edd b\u00ean kia, ng\u01b0\u1eddi b\u1ea1n \u0111\u1ed3ng h\u00e0nh c\u01b0\u1eddi ra v\u1ebb xem th\u01b0\u1eddng ng\u00e0i kh\u00f4ng c\u00f3 th\u1ea7n th\u00f4ng.<\/p>\n<p style=\"text-align: justify;\">Ng\u00e0i h\u1ecfi: &#8211; Huynh t\u1eadp bao l\u00e2u m\u1edbi \u0111\u01b0\u1ee3c th\u1ea7n th\u00f4ng?<\/p>\n<p style=\"text-align: justify;\">\u0110\u00e1p: &#8211; Ba m\u01b0\u01a1i n\u0103m.<\/p>\n<p style=\"text-align: justify;\">Ng\u00e0i Ho\u00e0ng B\u00e1 n\u00f3i: &#8211; C\u00f4ng c\u1ee7a huynh t\u1eadp ba m\u01b0\u01a1i n\u0103m, gi\u00e1 \u0111\u00e1ng hai xu th\u00f4i.<\/p>\n<p style=\"text-align: justify;\">V\u00ec b\u1ecf ra ba m\u01b0\u01a1i n\u0103m \u0111\u1ec3 c\u00f3 th\u1ea7n th\u00f4ng \u0111i qua d\u00f2ng su\u1ed1i, trong khi thi\u1ec1n s\u01b0 ch\u1ec9 c\u1ea7n t\u1ed1n hai xu qua \u0111\u00f2 l\u00e0 xong. N\u00ean ng\u00e0i n\u00f3i c\u00f4ng t\u1eadp ba m\u01b0\u01a1i n\u0103m ch\u1ec9 \u0111\u00e1ng gi\u00e1 hai xu! Nh\u01b0 v\u1eady \u0111\u1ec3 ch\u00fang ta hi\u1ec3u \u0111\u1ea1o Ph\u1eadt tr\u1ecdng tu h\u00e0nh chuy\u1ec3n nghi\u1ec7p h\u01a1n l\u00e0 th\u1ea7n th\u00f4ng. B\u1edfi v\u00ec nghi\u1ec7p m\u00ecnh t\u1ea1o s\u1ebd chu\u1ed1c qu\u1ea3 kh\u1ed5, ng\u01b0\u1eddi kh\u00e1c c\u00f3 th\u1ea7n th\u00f4ng kh\u00f4ng c\u1ee9u \u0111\u01b0\u1ee3c. Mu\u1ed1n h\u1ebft nghi\u1ec7p ph\u1ea3i chuy\u1ec3n t\u1eeb l\u00fac ban \u0111\u1ea7u, ch\u1edb kh\u00f4ng ph\u1ea3i luy\u1ec7n t\u1eadp th\u1ea7n th\u00f4ng m\u00e0 \u0111\u01b0\u1ee3c.<\/p>\n<p style=\"text-align: justify;\">Nghi\u1ec7p c\u1ee7a b\u00e0 Thanh \u0110\u1ec1, m\u1eb9 ng\u00e0i M\u1ee5c Ki\u1ec1n Li\u00ean l\u00e0 nghi\u1ec7p g\u00ec? B\u1ecfn x\u1ebbn l\u00e0 m\u1ed9t ph\u1ea7n nh\u1ecf, l\u1edbn h\u01a1n l\u00e0 l\u00f2ng hi\u1ec3m \u00e1c. T\u1eeb nghi\u1ec7p hi\u1ec3m \u00e1c b\u1ecfn s\u1ebbn m\u00e0 \u0111\u1ecda v\u00e0o ki\u1ebfp ng\u1ea1 qu\u1ef7, l\u00e0m qu\u1ef7 \u0111\u00f3i. \u0110\u00e3 \u0111\u1ecda r\u1ed3i th\u00ec ph\u1ea3i ch\u1ecbu qu\u1ea3, d\u00f9 con m\u00ecnh c\u00f3 th\u1ea7n th\u00f4ng c\u0169ng kh\u00f4ng c\u1ee9u \u0111\u01b0\u1ee3c. Cho n\u00ean bi\u1ebft th\u1ea7n th\u00f4ng kh\u00f4ng chuy\u1ec3n \u0111\u01b0\u1ee3c nghi\u1ec7p, ch\u1ec9 tu m\u1edbi chuy\u1ec3n \u0111\u01b0\u1ee3c th\u00f4i. \u0110\u00f3 l\u00e0 gi\u1ea3i \u0111\u00e1p th\u1eafc m\u1eafc v\u1ec1 v\u1ea5n \u0111\u1ec1 th\u1ea7n th\u00f4ng.<\/p>\n<p style=\"text-align: justify;\">C\u00f2n m\u1ed9t v\u1ea5n \u0111\u1ec1 n\u1eefa, sau khi ng\u00e0i M\u1ee5c Ki\u1ec1n Li\u00ean v\u1ec1, tr\u00ecnh l\u00ean Ph\u1eadt n\u1ed7i \u0111au kh\u1ed5 v\u00ec th\u1ea5y m\u1eb9 \u0111\u00f3i, Ng\u00e0i \u0111em c\u01a1m cho m\u1eb9 \u0103n m\u00e0 b\u00e0 \u0103n kh\u00f4ng \u0111\u01b0\u1ee3c. Ng\u00e0i mu\u1ed1n c\u1ee9u m\u1eb9, kh\u00f4ng l\u00e0m sao c\u1ee9u \u0111\u01b0\u1ee3c. Ph\u1eadt m\u1edbi d\u1ea1y T\u00f4n gi\u1ea3 th\u1ec9nh ch\u01b0 T\u0103ng c\u1ea7u nguy\u1ec7n cho m\u1eb9 Ng\u00e0i chuy\u1ec3n ki\u1ebfp ng\u1ea1 qu\u1ef7. Sau khi t\u1ed5 ch\u1ee9c L\u1ec5 Vu lan r\u1ed3i, ch\u01b0 T\u0103ng th\u1ecd trai xong, \u0111\u1ed3ng th\u1eddi nguy\u1ec7n c\u1ea7u cho b\u00e0 chuy\u1ec3n \u0111\u01b0\u1ee3c t\u00e2m ni\u1ec7m \u00e1c \u0111\u1ed9c tr\u1edf th\u00e0nh t\u00e2m ni\u1ec7m l\u01b0\u01a1ng thi\u1ec7n. N\u01b0\u01a1ng n\u01a1i s\u1ee9c c\u1ea7u nguy\u1ec7n c\u1ee7a ch\u01b0 Th\u00e1nh t\u0103ng, b\u00e0 chuy\u1ec3n \u0111\u01b0\u1ee3c t\u00e2m x\u1ea5u \u00e1c th\u00e0nh t\u00e2m thi\u1ec7n l\u00e0nh, li\u1ec1n sanh l\u00ean c\u00f5i Tr\u1eddi. Nh\u00e2n \u0111\u00f3, ng\u01b0\u1eddi ta \u0111\u1eb7t c\u00e2u h\u1ecfi \u0111\u1ea1o Ph\u1eadt n\u00f3i nh\u00e2n qu\u1ea3, t\u1ea1o nh\u00e2n n\u00e0o th\u00ec ch\u1ecbu qu\u1ea3 n\u1ea5y, t\u1ea1i sao c\u1ea7u nguy\u1ec7n li\u1ec1n m\u1ea5t h\u1ebft qu\u1ea3 c\u0169. Nh\u01b0 v\u1eady l\u00fd nh\u00e2n qu\u1ea3 n\u1eb1m \u1edf ch\u1ed7 n\u00e0o? \u0110\u00f3 l\u00e0 m\u1ed9t v\u1ea5n \u0111\u1ec1.<\/p>\n<p style=\"text-align: justify;\">Qu\u00fd Ph\u1eadt t\u1eed n\u00ean bi\u1ebft kh\u00f4ng ph\u1ea3i ch\u01b0 T\u0103ng t\u1ee5ng kinh c\u1ea7u nguy\u1ec7n, li\u1ec1n \u0111\u00f3 b\u00e0 Thanh \u0110\u1ec1 \u0111\u01b0\u1ee3c sanh v\u1ec1 c\u00f5i Tr\u1eddi. H\u01b0\u01a1ng linh c\u1ee7a ng\u01b0\u1eddi ch\u1ebft \u0111\u1ecda v\u00e0o ki\u1ebfp ng\u1ea1 qu\u1ef7, h\u1ecd s\u1ed1ng, h\u1ecd \u0103n b\u1eb1ng c\u00e1i t\u01b0\u1edfng. Ch\u00fang ta c\u00fang c\u00f4 h\u1ed3n g\u1ed3m mu\u1ed1i, g\u1ea1o, c\u01a1m ch\u00e1o\u2026, c\u00fang r\u1ed3i c\u00f2n hay h\u1ebft, c\u00fang r\u1ed3i c\u00f2n nguy\u00ean. Nh\u01b0 v\u1eady r\u00f5 r\u00e0ng do t\u00e2m t\u01b0\u1edfng, h\u1ecd \u0103n \u0111\u01b0\u1ee3c no. H\u1ecd \u0103n b\u1eb1ng c\u00e1i t\u01b0\u1edfng n\u00ean h\u1ecd s\u1ed1ng b\u1eb1ng t\u00e2m t\u01b0\u1edfng nhi\u1ec1u h\u01a1n s\u1ed1ng b\u1eb1ng c\u00e1i th\u1ef1c. V\u00ec th\u1ec3 x\u00e1c c\u1ee7a h\u1ecd kh\u00f4ng n\u1eb7ng n\u1ec1 nh\u01b0 m\u00ecnh, m\u00e0 nh\u1eb9 nh\u00e0ng nh\u01b0 b\u00f3ng nh\u01b0 gi\u00f3 v\u1eady. Do s\u1ed1ng b\u1eb1ng t\u00e2m t\u01b0\u1edfng n\u00ean khi chuy\u1ec3n t\u00e2m t\u01b0\u1edfng l\u1ea1i th\u00ec li\u1ec1n \u0111\u00f3 tho\u00e1t kh\u1ed5. Khi ch\u01b0 T\u0103ng nguy\u1ec7n l\u00e0nh cho b\u00e0, b\u00e0 th\u1ee9c t\u1ec9nh chuy\u1ec3n t\u00e2m hi\u1ec3m \u00e1c keo ki\u1ec7t tr\u1edf th\u00e0nh t\u00e2m l\u01b0\u01a1ng thi\u1ec7n, li\u1ec1n sanh c\u00f5i Tr\u1eddi. Nh\u01b0 v\u1eady kh\u00f4ng ph\u1ea3i ch\u01b0 T\u0103ng c\u00f3 kh\u1ea3 n\u0103ng \u0111\u01b0a b\u00e0 l\u00ean c\u00f5i Tr\u1eddi, m\u00e0 do b\u00e0 chuy\u1ec3n \u0111\u01b0\u1ee3c t\u00e2m ni\u1ec7m n\u00ean sanh v\u1ec1 c\u00f5i Tr\u1eddi.<\/p>\n<p style=\"text-align: justify;\">L\u00fac tr\u01b0\u1edbc b\u00e0 ch\u1ebft, t\u00e2m hi\u1ec3m \u00e1c keo ki\u1ec7t d\u1eabn b\u00e0 \u0111i v\u00e0o c\u00f5i Ng\u1ea1 qu\u1ef7. Th\u1ebf th\u00ec qu\u00fd Ph\u1eadt t\u1eed nh\u1ea5t l\u00e0 nh\u1eefng v\u1ecb l\u1edbn tu\u1ed5i c\u1ea7n ph\u1ea3i \u0111\u1ec1 ph\u00f2ng. Ch\u00fang ta khi ra \u0111i s\u1ebd theo t\u00e2m t\u01b0\u1edfng m\u00e0 th\u00e1c sanh. T\u01b0\u1edfng l\u00e0nh t\u01b0\u1edfng \u00e1c s\u1ebd d\u1eabn m\u00ecnh \u0111i v\u00e0o \u0111\u01b0\u1eddng l\u00e0nh \u0111\u01b0\u1eddng \u00e1c. Do \u0111\u00f3 nh\u00e0 ch\u00f9a hay t\u1ed5 ch\u1ee9c l\u1ec5 c\u1ea7u nguy\u1ec7n cho ng\u01b0\u1eddi s\u1eafp l\u00e2m chung, ch\u01b0 T\u0103ng ch\u01b0 Ni ho\u1eb7c huynh \u0111\u1ec7 Ph\u1eadt t\u1eed t\u1edbi h\u1ed9 ni\u1ec7m \u0111\u1ec3 l\u00e0m g\u00ec? B\u1edfi v\u00ec khi ch\u00fang ta s\u1eafp x\u1ea3 th\u00e2n, th\u1ec3 x\u00e1c n\u00e0y \u0111au \u0111\u1edbn kh\u1ed5 s\u1edf v\u00f4 k\u1ec3, v\u00ec lo \u0111au \u0111\u1edbn n\u00ean qu\u00ean ni\u1ec7m l\u00e0nh. B\u00e2y gi\u1edd mu\u1ed1n \u0111\u01b0\u1ee3c ni\u1ec7m l\u00e0nh ph\u1ea3i c\u00f3 s\u1ef1 tr\u1ee3 l\u1ef1c c\u1ee7a ch\u01b0 T\u0103ng ch\u01b0 Ni ho\u1eb7c huynh \u0111\u1ec7, c\u00f9ng \u0111\u1ecdc l\u00ean nh\u1eefng l\u1eddi d\u1ea1y c\u1ee7a Ph\u1eadt t\u1ee9c l\u00e0 \u0111\u1ecdc kinh, \u0111\u1ec3 m\u00ecnh nh\u1edb l\u1ea1i Ph\u1eadt m\u00e0 qu\u00ean nh\u1eefng ni\u1ec7m x\u1ea5u. Nh\u1edd nh\u1edb Ph\u1eadt, qu\u00ean ni\u1ec7m x\u1ea5u n\u00ean nh\u1eafm m\u1eaft m\u00ecnh \u0111i \u0111\u01b0\u1eddng l\u00e0nh. \u0110\u00f3 l\u00e0 \u00fd ngh\u0129a quan tr\u1ecdng c\u1ee7a ng\u01b0\u1eddi tr\u1ee3 ni\u1ec7m.<\/p>\n<p style=\"text-align: justify;\">Ch\u00fang ta khi c\u00f2n kh\u1ecfe m\u1ea1nh t\u1ec9nh t\u00e1o ngh\u0129 t\u1edbi \u0111i\u1ec1u l\u00e0nh, ngh\u0129 t\u1edbi l\u1eddi Ph\u1eadt d\u1ea1y kh\u00f4ng kh\u00f3. Nh\u01b0ng l\u00fac \u0111au \u0111\u1edbn kh\u1ed5 s\u1edf, th\u00e2n th\u1ec3 b\u1ee9c ng\u1eb7t qu\u00e1, th\u1eadt l\u00e0 kh\u00f3 nh\u1edb. Cho n\u00ean b\u00e2y gi\u1edd ch\u00fang ta r\u00e1ng tu, r\u00e1ng g\u00ecn gi\u1eef t\u00e2m t\u01b0 trong s\u00e1ng. Nh\u1eefng t\u00e2m t\u01b0 trong s\u00e1ng \u0111\u00f3 gi\u00fap m\u00ecnh khi b\u1ee9c b\u00e1ch kh\u00f4ng b\u1ecb qu\u00ean, kh\u00f4ng b\u1ecb xao l\u00e3ng, n\u1ebfu kh\u00f4ng tu nh\u01b0 v\u1eady t\u1edbi ch\u1eebng \u0111\u00f3 ch\u00fang ta kh\u00f4ng th\u1ec3 chuy\u1ec3n k\u1ecbp. Nhi\u1ec1u ng\u01b0\u1eddi khi s\u1ed1ng c\u0169ng l\u00e0m \u0111\u00f4i ba vi\u1ec7c thi\u1ec7n, nh\u01b0ng khi ch\u1ebft \u0111au kh\u1ed5 qu\u00e1, ai l\u00e0m tr\u00e1i \u00fd li\u1ec1n n\u1ed5i gi\u1eadn l\u00ean. Ch\u00ednh c\u00e1i gi\u1eadn \u0111\u00f3 s\u1ebd d\u1eabn h\u1ecd \u0111i v\u00e0o \u0111\u01b0\u1eddng \u00e1c, g\u1ecdi l\u00e0 c\u1eadn t\u1eed nghi\u1ec7p, c\u00e1i \u0111\u00f3 h\u1ebft s\u1ee9c h\u1ec7 tr\u1ecdng. Qu\u00fd Ph\u1eadt t\u1eed ngh\u0129 \u0111\u1ebfn s\u1ef1 tu th\u00ec r\u00e1ng t\u1eadp t\u00e2m t\u01b0 c\u1ee7a m\u00ecnh lu\u00f4n lu\u00f4n trong s\u00e1ng. Khi g\u1ea7n nh\u1eafm m\u1eaft \u0111\u01b0\u1ee3c ch\u01b0 T\u0103ng ch\u01b0 Ni ho\u1eb7c c\u00e1c Ph\u1eadt t\u1eed gi\u00fap cho, m\u00ecnh c\u1ed1 g\u1eafng th\u00eam qu\u00ean c\u00e1i \u0111au \u0111\u1edbn, ch\u1ec9 nh\u1edb Ph\u1eadt, \u0111\u00f3 l\u00e0 duy\u00ean t\u1ed1t \u0111\u1ec3 \u0111i \u0111\u01b0\u1eddng l\u00e0nh. Ng\u01b0\u1eddi th\u00e2n c\u0169ng n\u00ean nh\u1edb \u0111\u1eebng g\u00e2y phi\u1ec1n h\u00e0 bu\u1ed3n b\u1ef1c l\u00e0m cho th\u1ea7n th\u1ee9c k\u1ebb s\u1eafp l\u00e2m chung \u0111i v\u00e0o \u0111\u01b0\u1eddng kh\u1ed5.<\/p>\n<p style=\"text-align: justify;\">B\u1edfi v\u1eady tinh th\u1ea7n hi\u1ebfu th\u1ea3o c\u1ee7a Ph\u1eadt t\u1eed l\u00e0 ph\u1ea3i qu\u00fd tr\u1ecdng gi\u1edd l\u00e2m chung c\u1ee7a cha m\u1eb9, \u0111em h\u1ebft l\u00f2ng th\u00e0nh k\u00ednh th\u1ec9nh m\u1eddi ch\u01b0 T\u0103ng ch\u01b0 Ni t\u1edbi \u0111\u1ec3 tr\u1ee3 l\u1ef1c gi\u00fap cho cha m\u1eb9 t\u1ec9nh t\u00e1o, nh\u1edb \u0111\u01b0\u1ee3c \u0111i\u1ec1u l\u00e0nh. \u0110\u00e2y l\u00e0 vi\u1ec7c h\u1ebft s\u1ee9c thi\u1ebft y\u1ebfu. Ph\u1eadt t\u1eed nh\u1edb ch\u00fang ta tu l\u00e0 l\u00e0m sao cho hi\u1ec7n \u0111\u1eddi \u0111\u01b0\u1ee3c an l\u1ea1c, khi nh\u1eafm m\u1eaft \u0111i tr\u00ean \u0111\u01b0\u1eddng l\u00e0nh. \u0110\u00f3 l\u00e0 ng\u01b0\u1eddi bi\u1ebft lo xa, chu\u1ea9n b\u1ecb tr\u01b0\u1edbc, kh\u00f4ng ph\u1ea3i tu ch\u1ec9 \u0111\u1ec3 \u0111\u01b0\u1ee3c ph\u01b0\u1edbc. \u0110\u01b0\u1ee3c ph\u01b0\u1edbc m\u00e0 t\u00e2m c\u00f2n t\u1ed1i t\u0103m, x\u1ea5u xa th\u00ec ph\u01b0\u1edbc ch\u01b0a \u0111\u1ee7 \u0111\u1ec3 \u0111\u01b0a m\u00ecnh t\u1edbi ch\u1ed7 l\u00e0nh.<\/p>\n<p style=\"text-align: justify;\">Nh\u01b0 ch\u00fang ta th\u1ea5y c\u00f3 nhi\u1ec1u con ch\u00f3 s\u01b0\u1edbng h\u01a1n con ng\u01b0\u1eddi, ph\u1ea3i kh\u00f4ng? N\u00f3 \u0111\u01b0\u1ee3c c\u01b0ng \u0111\u01b0\u1ee3c qu\u00fd, trong khi nhi\u1ec1u con ng\u01b0\u1eddi s\u1ed1ng lang thang r\u1ea5t kh\u1ed5 s\u1edf. B\u00e2y gi\u1edd \u0111\u1eb7t c\u00e2u h\u1ecfi ng\u01b0\u1ee3c l\u1ea1i, c\u00f3 ph\u01b0\u1edbc m\u1edbi \u0111\u01b0\u1ee3c l\u00e0m ng\u01b0\u1eddi, v\u00f4 ph\u01b0\u1edbc m\u1edbi l\u00e0m s\u00fac sanh, t\u1ea1i sao \u0111\u00e3 l\u00e0m s\u00fac sanh m\u00e0 s\u01b0\u1edbng h\u01a1n ng\u01b0\u1eddi? \u0110\u00f3 l\u00e0 m\u1ed9t v\u1ea5n \u0111\u1ec1 ch\u00fang ta c\u1ea7n ph\u1ea3i hi\u1ec3u r\u00f5. B\u1edfi v\u00ec ng\u01b0\u1eddi v\u1eeba l\u00e0m ph\u01b0\u1edbc v\u1eeba t\u1ea1o t\u1ed9i n\u00ean sanh c\u00f3 qu\u1ea3 kh\u00f4ng c\u1ed1 \u0111\u1ecbnh \u0111\u01b0\u1ee3c. V\u00ed nh\u01b0 ng\u01b0\u1eddi \u0111i \u0103n tr\u1ed9m \u0111\u01b0\u1ee3c ti\u1ec1n nhi\u1ec1u, h\u1ecd \u0111em c\u00fang ch\u00f9a m\u1ed9t ph\u1ea7n, h\u01b0\u1edfng m\u1ed9t ph\u1ea7n. Nh\u01b0 v\u1eady m\u1ed9t b\u00ean l\u00e0m t\u1ed9i m\u1ed9t b\u00ean l\u00e0m ph\u01b0\u1edbc. C\u00f3 t\u1ed9i th\u00ec ph\u1ea3i \u0111\u1ecda, nh\u01b0ng l\u00e0m ph\u01b0\u1edbc th\u00ec h\u01b0\u1edfng ph\u01b0\u1edbc. Cho n\u00ean tuy t\u1ed9i \u0111\u1ecda l\u00e0m s\u00fac sanh m\u00e0 v\u1eabn h\u01b0\u1edfng \u0111\u01b0\u1ee3c ph\u01b0\u1edbc sung s\u01b0\u1edbng. Ph\u1eadt t\u1eed tu l\u00e0m sao \u0111\u1ec3 v\u1eeba \u0111\u01b0\u1ee3c l\u00e0m ng\u01b0\u1eddi, v\u1eeba c\u00f3 ph\u01b0\u1edbc n\u1eefa, ch\u1edb \u0111\u1eebng c\u00f3 ph\u01b0\u1edbc m\u00e0 kh\u00f4ng \u0111\u01b0\u1ee3c l\u00e0m ng\u01b0\u1eddi, u\u1ed5ng l\u1eafm. Hi\u1ec3u r\u00f5 nh\u01b0 v\u1eady ch\u00fang ta s\u1ebd kh\u00f4ng th\u1eafc m\u1eafc v\u1ec1 th\u00e2n ph\u1eadn v\u00e0 qu\u1ea3 ph\u01b0\u1edbc kh\u00e1c nhau c\u1ee7a ch\u00fang sanh.<\/p>\n<p style=\"text-align: justify;\">Qu\u00fd v\u1ecb tu h\u00e0nh kh\u00f4ng ph\u1ea3i ch\u1ec9 l\u00e0m ph\u01b0\u1edbc th\u00f4i m\u00e0 r\u00e1ng chuy\u1ec3n t\u00e2m c\u1ee7a m\u00ecnh l\u00e0m sao cho t\u1ed1t, cho thanh t\u1ecbnh s\u00e1ng su\u1ed1t. \u0110\u00f3 m\u1edbi l\u00e0 g\u1ed1c c\u1ee7a s\u1ef1 tu. Ph\u01b0\u1edbc \u0111\u1ec3 b\u1ed5 t\u00fac th\u00eam khi\u1ebfn cho ch\u00fang ta c\u00f3 m\u1eb7t \u1edf \u0111\u00e2u \u0111\u1ec1u \u0111\u01b0\u1ee3c an vui, sung s\u01b0\u1edbng, d\u1ec5 tu. Trong nh\u00e0 Ph\u1eadt th\u01b0\u1eddng g\u1ecdi l\u00e0 ph\u01b0\u1edbc tu\u1ec7 song tu. Tu\u1ec7 l\u00e0 tr\u00ed tu\u1ec7 \u0111\u1ec3 chi\u1ebfu soi l\u00e0m cho x\u1ea5u xa suy gi\u1ea3m, r\u1ed3i sau \u0111\u00f3 tu ph\u01b0\u1edbc n\u1eefa th\u00ec m\u1edbi \u0111\u01b0\u1ee3c h\u01b0\u1edfng \u0111\u1ea7y \u0111\u1ee7. \u0110\u00f3 l\u00e0 n\u00f3i s\u01a1 l\u01b0\u1ee3c qua v\u1ec1 \u00fd ngh\u0129a c\u1ee7a tinh th\u1ea7n kinh Vu Lan trong nh\u00e0 Ph\u1eadt.<\/p>\n<p style=\"text-align: justify;\">HT. Th\u00edch Thanh T\u1eeb<\/p>\n","protected":false},"excerpt":{"rendered":"<p>G\u01af\u01a0NG HI\u1ebeU H\u1ea0NH \u0110\u1ee8C M\u1ee4C KI\u1ec0N LI\u00caN Vi\u1ebft b\u1edfi Th\u00edch Thanh T\u1eeb H\u00f4m nay l\u00e0 ng\u00e0y L\u1ec5 Vu lan; \u0111\u1ed1i v\u1edbi Ph\u1eadt gi\u00e1o Vi\u1ec7t Nam, \u2026 <a class=\"continue-reading-link\" href=\"https:\/\/www.pagodethienminh.fr\/?page_id=1799\">Continue \u00e0 lire <span class=\"meta-nav\">&rarr; <\/span><\/a><\/p>\n","protected":false},"author":1,"featured_media":0,"parent":1599,"menu_order":31,"comment_status":"closed","ping_status":"closed","template":"template-onecolumn.php","meta":{"_mc_calendar":[],"footnotes":""},"class_list":["post-1799","page","type-page","status-publish","hentry"],"_links":{"self":[{"href":"https:\/\/www.pagodethienminh.fr\/index.php?rest_route=\/wp\/v2\/pages\/1799","targetHints":{"allow":["GET"]}}],"collection":[{"href":"https:\/\/www.pagodethienminh.fr\/index.php?rest_route=\/wp\/v2\/pages"}],"about":[{"href":"https:\/\/www.pagodethienminh.fr\/index.php?rest_route=\/wp\/v2\/types\/page"}],"author":[{"embeddable":true,"href":"https:\/\/www.pagodethienminh.fr\/index.php?rest_route=\/wp\/v2\/users\/1"}],"replies":[{"embeddable":true,"href":"https:\/\/www.pagodethienminh.fr\/index.php?rest_route=%2Fwp%2Fv2%2Fcomments&post=1799"}],"version-history":[{"count":3,"href":"https:\/\/www.pagodethienminh.fr\/index.php?rest_route=\/wp\/v2\/pages\/1799\/revisions"}],"predecessor-version":[{"id":3425,"href":"https:\/\/www.pagodethienminh.fr\/index.php?rest_route=\/wp\/v2\/pages\/1799\/revisions\/3425"}],"up":[{"embeddable":true,"href":"https:\/\/www.pagodethienminh.fr\/index.php?rest_route=\/wp\/v2\/pages\/1599"}],"wp:attachment":[{"href":"https:\/\/www.pagodethienminh.fr\/index.php?rest_route=%2Fwp%2Fv2%2Fmedia&parent=1799"}],"curies":[{"name":"wp","href":"https:\/\/api.w.org\/{rel}","templated":true}]}}