{"id":178,"date":"2011-04-30T08:02:38","date_gmt":"2011-04-30T08:02:38","guid":{"rendered":"http:\/\/www.pagodethienminh.fr\/?page_id=178"},"modified":"2013-03-14T15:27:30","modified_gmt":"2013-03-14T15:27:30","slug":"1-introduction","status":"publish","type":"page","link":"https:\/\/www.pagodethienminh.fr\/?page_id=178","title":{"rendered":"Introduction"},"content":{"rendered":"<p style=\"text-align: justify;\"><a href=\"https:\/\/www.pagodethienminh.fr\/?attachment_id=171\" rel=\"attachment wp-att-171\"><img loading=\"lazy\" decoding=\"async\" class=\"alignleft\" title=\"Sutra\" alt=\"\" src=\"https:\/\/www.pagodethienminh.fr\/wp-content\/uploads\/2011\/04\/autres-insolite-nepal-1111617611-11526621-300x224.jpg\" width=\"300\" height=\"224\" \/><\/a>Les S\u00fbtras sont l\u2019ensemble des enseignements oraux par le Bouddha lui-m\u00eame. Ces Suttras ont \u00e9t\u00e9s \u00e9cout\u00e9s puis retranscrits par les plus grands disciples de Bouddhas. Tous les livres de suttras retranscrits comme de la m\u00eame mani\u00e8re par\u00a0: &#8220;Ainsi, ai-je entendu\u00a0:&#8221;. Ce qui signifie que le texte qui suit cette expression, repr\u00e9sente les dits du Bouddha. L\u2019ensemble des Suttras raconte des situations v\u00e9cues du Bouddha dans lesquelles un enseignement est donn\u00e9. C\u2019est pour cette raison que la majorit\u00e9 des Suttras retrace l\u2019exp\u00e9rience du Bouddha face \u00e0 son environnement dans les Trois sph\u00e8res. Le Bouddha a voulu montrer que son enseignement, ou plut\u00f4t que le bouddhisme est une prise de conscience de nos exp\u00e9riences suivie d\u2019une pratique ou une application de moyens issus de la Sagesse ultime.<\/p>\n<p>&nbsp;<\/p>\n","protected":false},"excerpt":{"rendered":"<p>Les S\u00fbtras sont l\u2019ensemble des enseignements oraux par le Bouddha lui-m\u00eame. Ces Suttras ont \u00e9t\u00e9s \u00e9cout\u00e9s puis retranscrits par les plus grands disciples de Bouddhas. \u2026 <a class=\"continue-reading-link\" href=\"https:\/\/www.pagodethienminh.fr\/?page_id=178\">Continue \u00e0 lire <span class=\"meta-nav\">&rarr; <\/span><\/a><\/p>\n","protected":false},"author":1,"featured_media":0,"parent":832,"menu_order":1,"comment_status":"closed","ping_status":"closed","template":"template-onecolumn.php","meta":{"_mc_calendar":[],"footnotes":""},"class_list":["post-178","page","type-page","status-publish","hentry"],"_links":{"self":[{"href":"https:\/\/www.pagodethienminh.fr\/index.php?rest_route=\/wp\/v2\/pages\/178","targetHints":{"allow":["GET"]}}],"collection":[{"href":"https:\/\/www.pagodethienminh.fr\/index.php?rest_route=\/wp\/v2\/pages"}],"about":[{"href":"https:\/\/www.pagodethienminh.fr\/index.php?rest_route=\/wp\/v2\/types\/page"}],"author":[{"embeddable":true,"href":"https:\/\/www.pagodethienminh.fr\/index.php?rest_route=\/wp\/v2\/users\/1"}],"replies":[{"embeddable":true,"href":"https:\/\/www.pagodethienminh.fr\/index.php?rest_route=%2Fwp%2Fv2%2Fcomments&post=178"}],"version-history":[{"count":8,"href":"https:\/\/www.pagodethienminh.fr\/index.php?rest_route=\/wp\/v2\/pages\/178\/revisions"}],"predecessor-version":[{"id":3470,"href":"https:\/\/www.pagodethienminh.fr\/index.php?rest_route=\/wp\/v2\/pages\/178\/revisions\/3470"}],"up":[{"embeddable":true,"href":"https:\/\/www.pagodethienminh.fr\/index.php?rest_route=\/wp\/v2\/pages\/832"}],"wp:attachment":[{"href":"https:\/\/www.pagodethienminh.fr\/index.php?rest_route=%2Fwp%2Fv2%2Fmedia&parent=178"}],"curies":[{"name":"wp","href":"https:\/\/api.w.org\/{rel}","templated":true}]}}