{"id":1756,"date":"2011-11-24T08:32:12","date_gmt":"2011-11-24T08:32:12","guid":{"rendered":"http:\/\/www.pagodethienminh.fr\/?page_id=1756"},"modified":"2024-07-01T18:17:26","modified_gmt":"2024-07-01T18:17:26","slug":"kinh","status":"publish","type":"page","link":"https:\/\/www.pagodethienminh.fr\/?page_id=1756","title":{"rendered":"Vi\u1ec7t ng\u1eed"},"content":{"rendered":"<p>1.<a href=\"https:\/\/www.pagodethienminh.fr\/?page_id=429\">Kinh B\u00e1t \u0110\u1ea1i Nh\u00e2n Gi\u00e1c<\/a><br \/>\n2.<a href=\"https:\/\/www.pagodethienminh.fr\/?page_id=275\">Kinh \u0110\u1ea1i Ph\u01b0\u1edbc \u0110\u1ee9c<\/a><br \/>\n3.<a href=\"https:\/\/www.pagodethienminh.fr\/?page_id=281\">Kinh Nh\u00e2n Qu\u1ea3 Ba \u00d0\u1eddi<\/a><br \/>\n4.<a href=\"https:\/\/www.pagodethienminh.fr\/?page_id=870\">Kinh T\u1eeb (Metta Sutta)<\/a><br \/>\n5.<a href=\"https:\/\/www.pagodethienminh.fr\/?page_id=895\">48 Nguy\u1ec7n Ph\u1eadt A Di \u0110\u00e0<\/a><br \/>\n6.<a href=\"https:\/\/www.pagodethienminh.fr\/?page_id=1028\">Nghi Th\u1ee9c Th\u01b0\u1ee3ng C\u00fang<\/a><br \/>\n7.<a href=\"https:\/\/www.pagodethienminh.fr\/?page_id=1659\">Kinh Sa-m\u00f4n qu\u1ea3 : B\u00e0i ph\u00e1p d\u00e0i nh\u1ea5t c\u1ee7a \u0111\u1ee9c Ph\u1eadt<\/a><br \/>\n8.<a href=\"https:\/\/www.pagodethienminh.fr\/?page_id=1848\">B\u00e0i ph\u00e1p ng\u1eafn nh\u1ea5t c\u1ee7a \u0111\u1ee9c Ph\u1eadt<\/a><br \/>\n9.<a href=\"https:\/\/www.pagodethienminh.fr\/?page_id=2235\">Ph\u1eadt Thuy\u1ebft Kinh A Di \u0110\u00e0<\/a><br \/>\n10.<a href=\"https:\/\/www.pagodethienminh.fr\/?page_id=3054\">Quan Th\u1ebf \u00c2m B\u1ed3 T\u00e1t<\/a><br \/>\n11.<a href=\"https:\/\/www.pagodethienminh.fr\/?page_id=2544\">KINH A-di-\u0111\u00e0<\/a><br \/>\n12.<a href=\"https:\/\/www.pagodethienminh.fr\/?page_id=2566\">Kinh B\u00e1o \u00c2n Cha M\u1eb9<\/a><br \/>\n13.<a href=\"https:\/\/www.pagodethienminh.fr\/?page_id=2531\">KINH B\u00e1t Nh\u00e3<\/a><br \/>\n14.<a href=\"https:\/\/www.pagodethienminh.fr\/?page_id=2557\">KINH KASSAPA<\/a><br \/>\n15.<a href=\"https:\/\/www.pagodethienminh.fr\/?page_id=2570\">KINH KIM C\u01b0\u01a1ng<\/a><br \/>\n16.<a href=\"https:\/\/www.pagodethienminh.fr\/?page_id=2562\">KINH PH\u00c1P C\u00da<\/a><br \/>\n17.<a href=\"https:\/\/www.pagodethienminh.fr\/?page_id=2564\">KINH PH\u00c1P M\u00d4N C\u0102N B\u1ed4N<\/a><br \/>\n18.<a href=\"https:\/\/www.pagodethienminh.fr\/?page_id=2559\">KINH THANH T\u1ecaNH<\/a><br \/>\n19.<a href=\"https:\/\/www.pagodethienminh.fr\/?page_id=2547\">KINH TRUNG \u1ea4M<\/a><br \/>\n20.<a href=\"https:\/\/www.pagodethienminh.fr\/?page_id=2568\">Kinh Vu Lan<\/a><br \/>\n21.<a href=\"https:\/\/www.pagodethienminh.fr\/?page_id=2555\">KINH \u0110\u1ea0I B\u00c1T NI\u1ebeT B\u00c0N<\/a><br \/>\n22.<a href=\"https:\/\/www.pagodethienminh.fr\/?page_id=2686\">KINH Jivaka Komarabhacca<\/a><br \/>\n23.<a href=\"https:\/\/www.pagodethienminh.fr\/?page_id=2769\">KINH TH\u1eacP THI\u1ec6N NGHI\u1ec6P \u0110\u1ea0O<\/a><br \/>\n24.<a href=\"https:\/\/www.pagodethienminh.fr\/?page_id=2904\">KINH L\u0102NG-GI\u00c0 T\u00c2M \u1ea4N<\/a><br \/>\n25.<a href=\"https:\/\/www.pagodethienminh.fr\/?page_id=2918\">KINH NGHI\u1ec6P B\u00c1O SAI BI\u1ec6T<\/a><br \/>\n26.<a href=\"https:\/\/www.pagodethienminh.fr\/?page_id=2977\">KINH NA TI\u00caN T\u1ef2 KHEO<\/a><br \/>\n27.<a href=\"https:\/\/www.pagodethienminh.fr\/?page_id=3019\">Kinh Kim Cang Gi\u1ea3ng Gi\u1ea3i<\/a><br \/>\n28.<a href=\"https:\/\/www.pagodethienminh.fr\/?page_id=4511\">TH\u1eacP CH\u00da<\/a><br \/>\n29.<a href=\"https:\/\/www.pagodethienminh.fr\/?page_id=5107\">KINH X\u01afNG T\u00c1N TINH \u0110\u1ed8 PH\u1eacT NHI\u1ebeP TH\u1ecc<\/a><\/p>\n<p>&#8212;&#8212;&#8212;&#8212;&#8212;&#8212;&#8212;&#8212;&#8212;&#8212;&#8212;&#8212;&#8212;&#8212;&#8212;&#8212;&#8212;&#8212;&#8212;&#8212;-<\/p>\n<p>01.<a href=\"https:\/\/www.pagodethienminh.fr\/?page_id=257\">T\u00e1m t\u00e2m gi\u00e1c Ng\u1ed9<\/a><br \/>\n02.<a href=\"https:\/\/www.pagodethienminh.fr\/?page_id=260\">Ni\u1ec7m Ph\u1eadt<\/a><br \/>\n03.<a href=\"https:\/\/www.pagodethienminh.fr\/?page_id=264\">T\u1ee9 \u00e2n<\/a><br \/>\n04.<a href=\"https:\/\/www.pagodethienminh.fr\/?page_id=240\">\u0110\u1ea3nh L\u1ec5 Tri \u00c2n<\/a><br \/>\n05.<a href=\"https:\/\/www.pagodethienminh.fr\/?page_id=254\">10 Ph\u01b0\u01a1ng Ph\u00e1p Tu H\u00e0nh<\/a><br \/>\n06.<a href=\"https:\/\/www.pagodethienminh.fr\/?page_id=534\">\u00c1I NG\u1eee NHI\u1ebeP<\/a><br \/>\n07.<a href=\"https:\/\/www.pagodethienminh.fr\/?page_id=537\">Ph\u00e1p \u0111\u1ec3 t\u1ea3y nghi\u1ec7p<\/a><br \/>\n08.<a href=\"https:\/\/www.pagodethienminh.fr\/?page_id=542\">T\u1ecbnh kh\u1ea9u<\/a><br \/>\n09.<a href=\"https:\/\/www.pagodethienminh.fr\/?page_id=549\">Tu kh\u1ea9u nghi\u1ec7p<\/a><br \/>\n10.<a href=\"https:\/\/www.pagodethienminh.fr\/?page_id=552\">Ch\u00e1nh Ng\u1eef<\/a><br \/>\n11.<a href=\"https:\/\/www.pagodethienminh.fr\/?page_id=662\">Ph\u1eadt Ph\u00e1p M\u1ea7u Nhi\u1ec7m<\/a><br \/>\n12.<a href=\"https:\/\/www.pagodethienminh.fr\/?page_id=667\">CH\u1eee T\u00c2M<\/a><br \/>\n13.<a href=\"https:\/\/www.pagodethienminh.fr\/?page_id=680\">Ph\u00e1p m\u00f4n Ni\u1ec7m Ph\u1eadt<\/a><br \/>\n14.<a href=\"https:\/\/www.pagodethienminh.fr\/?page_id=685\">Tr\u00ed tu\u1ec7 trong \u0111\u1ea1o Ph\u1eadt<\/a><br \/>\n15.<a href=\"https:\/\/www.pagodethienminh.fr\/?page_id=688\">H\u1ea1nh Nguy\u1ec7n Ph\u1eadt A Di \u0110\u00e0<\/a><br \/>\n16.<a href=\"https:\/\/www.pagodethienminh.fr\/?page_id=693\">L\u1ec4 B\u00c1I S\u00c1U PH\u01af\u01a0NG<\/a><br \/>\n17.<a href=\"https:\/\/www.pagodethienminh.fr\/?page_id=735\">\u0110\u1ee9c Ph\u1eadt Th\u00e0nh \u0111\u1ea1o<\/a><br \/>\n18.<a href=\"https:\/\/www.pagodethienminh.fr\/?page_id=741\">Kinh B\u1ed1n M\u01b0\u01a1i Hai B\u00e0i<\/a><br \/>\n19.<a href=\"https:\/\/www.pagodethienminh.fr\/?page_id=749\">PH\u1eacT T\u00c2M PH\u1eacT T\u01af\u1edaNG<\/a><br \/>\n20.<a href=\"https:\/\/www.pagodethienminh.fr\/?page_id=899\">OM MANI PADME HUM<\/a><br \/>\n21.<a href=\"https:\/\/www.pagodethienminh.fr\/?page_id=905\">B\u00e1t K\u00ednh Ph\u00e1p<\/a><br \/>\n22.<a href=\"https:\/\/www.pagodethienminh.fr\/?page_id=916\">Mahayana v\u00e0 Theravada<\/a><br \/>\n23.<a href=\"https:\/\/www.pagodethienminh.fr\/?page_id=918\">B\u00e0i ph\u00e1p c\u1ee7a \u0111\u1ee9c \u0110\u1ea1t Lai L\u1ea1t Ma<\/a><br \/>\n24.<a href=\"https:\/\/www.pagodethienminh.fr\/?page_id=973\">T\u00f4n Gi\u1ea3 Ma Ha Ca Di\u1ebfp<\/a><br \/>\n25.<a href=\"https:\/\/www.pagodethienminh.fr\/?page_id=989\">C\u1ea7u an \u0111\u01b0\u1ee3c an<\/a><br \/>\n26.<a href=\"https:\/\/www.pagodethienminh.fr\/?page_id=1012\">PH\u1eacT T\u00c2M PH\u1eacT T\u01af\u1edaNG<\/a><br \/>\n27.<a href=\"https:\/\/www.pagodethienminh.fr\/?page_id=1333\">\u00dd Ngh\u0129a C\u00e2u Ch\u00fa: OM MANI PADME HUM<\/a><br \/>\n28.<a href=\"https:\/\/www.pagodethienminh.fr\/?page_id=1388\">L\u1ee5c Ho\u00e0<\/a><br \/>\n29.<a href=\"https:\/\/www.pagodethienminh.fr\/?page_id=1390\">T\u1ee8 NHI\u1ebeP PH\u00c1P<\/a><br \/>\n30.<a href=\"https:\/\/www.pagodethienminh.fr\/?page_id=1478\">T\u1ef1 T\u00e1nh Tam B\u1ea3o &#8211; Vi\u00ean Ng\u1ecdc Minh Ch\u00e2u<\/a><br \/>\n31.<a href=\"https:\/\/www.pagodethienminh.fr\/?page_id=1853\">TH\u1eacT HAY GI\u1ea2 CH\u00daNG TA C\u1ea6N KI\u1ec2M CH\u1ee8NG L\u1ea0I<\/a><br \/>\n32.<a href=\"https:\/\/www.pagodethienminh.fr\/?page_id=1971\">\u0110\u1ee9c Ph\u1eadt D\u1ea1y v\u1ec1 T\u00ecnh Y\u00eau<\/a><br \/>\n33.<a href=\"https:\/\/www.pagodethienminh.fr\/?page_id=2020\">L\u1ee5c \u0111\u1ed9 Ba-la-m\u1eadt<\/a><br \/>\n34.<a href=\"https:\/\/www.pagodethienminh.fr\/?page_id=2019\">Nh\u1eabn Nh\u1ee5c Ba-La-M\u1eadt (Khanti-p\u0101ramit\u0101)<\/a><br \/>\n35.<a href=\"https:\/\/www.pagodethienminh.fr\/?page_id=2083\">N\u0102M NH\u00c2M TH\u00ccN 2012 N\u00d3I V\u1ec0 CON R\u1ed2NG<\/a><br \/>\n36.<a href=\"https:\/\/www.pagodethienminh.fr\/?page_id=2189\">\u00dd ngh\u0129a V\u00eda Ph\u1eadt &#8211; B\u1ed3 T\u00e1t trong n\u0103m<\/a><br \/>\n37.<a href=\"https:\/\/www.pagodethienminh.fr\/?page_id=2239\">\u00dd ngh\u0129a ng\u00e0y xu\u1ea5t gia c\u1ee7a\u2026 \u0110\u1ee9c Ph\u1eadt<\/a><br \/>\n38.<a href=\"https:\/\/www.pagodethienminh.fr\/?page_id=2257\">V\u00f4 th\u01b0\u1eddng &#8211; Kh\u1ed5 &#8211; V\u00f4 Ng\u00e3<\/a><br \/>\n39.<a href=\"https:\/\/www.pagodethienminh.fr\/?page_id=2299\">37 PH\u1ea8M TR\u1ee2 \u0110\u1ea0O<\/a><br \/>\n40.<a href=\"https:\/\/www.pagodethienminh.fr\/?page_id=2311\">M\u01b0\u1eddi hai nh\u00e2n duy\u00ean<\/a><br \/>\n41.<a href=\"https:\/\/www.pagodethienminh.fr\/?page_id=2448\">Kinh S\u1ee3 kh\u1ed5<\/a><br \/>\n42.<a href=\"https:\/\/www.pagodethienminh.fr\/?page_id=2456\">Thi\u1ec1n T\u1ee9 Ni\u1ec7m X\u1ee9<\/a><br \/>\n43.<a href=\"https:\/\/www.pagodethienminh.fr\/?page_id=2505\">Ch\u1ebft &amp; T\u00e1i Sinh<\/a><br \/>\n44.<a href=\"https:\/\/www.pagodethienminh.fr\/?page_id=2646\">38 Ph\u00e1p (voies) H\u1ea1nh Ph\u00fac (Bonheur)<\/a><br \/>\n45.<a href=\"https:\/\/www.pagodethienminh.fr\/?page_id=2794\">TH\u1eacP \u00c1C NGHI\u1ec6P<\/a><br \/>\n46.<a href=\"https:\/\/www.pagodethienminh.fr\/?page_id=2853\">T\u00c0NG TH\u1ee8C (ALAYAVIJNANA)<\/a><br \/>\n47.<a href=\"https:\/\/www.pagodethienminh.fr\/?page_id=3007\">T\u1ee8 DI\u1ec6U \u0110\u1ebe<\/a><br \/>\n48.<a href=\"https:\/\/www.pagodethienminh.fr\/?page_id=3646\">Ni\u1ebft-b\u00e0n<\/a><br \/>\n49.<a href=\"https:\/\/www.pagodethienminh.fr\/?page_id=3677\">Ch\u1ea5p Ng\u00e3 v\u00e0 Ch\u1ea5p Ph\u00e1p<\/a><br \/>\n50.<a href=\"https:\/\/www.pagodethienminh.fr\/?page_id=3685\">\u0110\u1ea0O L\u00c0M NG\u01af\u1edcI<\/a><br \/>\n51.<a href=\"https:\/\/www.pagodethienminh.fr\/?page_id=3772\">Ph\u1eadt Gi\u00e1o v\u00e0 kinh t\u1ebf<\/a><br \/>\n52.<a href=\"https:\/\/www.pagodethienminh.fr\/?page_id=3832\">\u0111\u1ee9c tin trong \u0111\u1ea1o Ph\u1eadt<\/a><br \/>\n53.<a href=\"https:\/\/www.pagodethienminh.fr\/?page_id=3024\">T\u1ee8 DI\u1ec6U \u0110\u1ebe<\/a><br \/>\n54.<a href=\"https:\/\/www.pagodethienminh.fr\/?page_id=3022\">\u0110\u1ee8C PH\u1eacT QUA KH\u00c1I NI\u1ec6M PH\u1eacT TH\u00c2N<\/a><br \/>\n55.<a href=\"https:\/\/www.pagodethienminh.fr\/?page_id=3852\">Tinh Y\u1ebfu c\u1ee7a Kinh S\u00e1u X\u1ee9<\/a><br \/>\n56.<a href=\"https:\/\/www.pagodethienminh.fr\/?page_id=3871\">V\u00ec sao ng\u01b0\u1eddi ta S\u1ee3 Ch\u1ebft<\/a><br \/>\n57.<a href=\"https:\/\/www.pagodethienminh.fr\/?page_id=3974\">N\u0102M GI\u1edaI: M\u1ed8T N\u1ebeP S\u1ed0NG L\u00c0NH M\u1ea0NH, AN L\u1ea0C, H\u1ea0NH PH\u00daC<\/a><br \/>\n58.<a href=\"https:\/\/www.pagodethienminh.fr\/?page_id=3922\">Quy Y Tam B\u1ea3o<\/a><br \/>\n59.<a href=\"https:\/\/www.pagodethienminh.fr\/?page_id=3976\">NGHI TH\u1ee8C T\u1ee4NG N\u0102M GI\u1edaI<\/a><br \/>\n60.<a href=\"https:\/\/www.pagodethienminh.fr\/?page_id=4024\">\u0110\u1ea0O PH\u1eacT C\u1ee8U KH\u1ed4 CH\u00daNG SANH B\u1eb0NG C\u00c1CH N\u00c0O ?<\/a><br \/>\n61.<a href=\"https:\/\/www.pagodethienminh.fr\/?page_id=4058\">Thi\u1ec3u D\u1ee5c V\u00e0 Tri T\u00fac<\/a><br \/>\n62.<a href=\"https:\/\/www.pagodethienminh.fr\/?page_id=4270\">S\u1ef1 t\u00edch v\u00e0 \u00fd ngh\u0129a c\u1ee7a ng\u00e0y l\u1ec5 Vu Lan<\/a><br \/>\n63.<a href=\"https:\/\/www.pagodethienminh.fr\/?page_id=4384\">PH\u1eacT GI\u00c1O \u0110\u1ea0I TH\u1eeaA<\/a><br \/>\n64.<a href=\"https:\/\/www.pagodethienminh.fr\/?page_id=4380\">LU\u1eacN V\u00c3NG SINH<\/a><br \/>\n65.<a href=\"https:\/\/www.pagodethienminh.fr\/?page_id=4431\">MAI T\u00d4I \u0110I<\/a><br \/>\n66.<a href=\"https:\/\/www.pagodethienminh.fr\/?page_id=4433\">Tu c\u00e1i mi\u1ec7ng l\u00e0 tu h\u01a1n n\u1eeda \u0111\u1eddi ng\u01b0\u1eddi (nghi\u1ec7p kh\u1ea9u)<\/a><br \/>\n67.<a href=\"https:\/\/www.pagodethienminh.fr\/?page_id=4472\">Minh S\u00e1t Tu T\u1eadp<\/a><br \/>\n68.<a href=\"https:\/\/www.pagodethienminh.fr\/?page_id=4475\">S\u1ee8 M\u1ec6NH C\u1ee6A \u0110\u1ea0O PH\u1eacT<\/a><br \/>\n69.<a href=\"https:\/\/www.pagodethienminh.fr\/?page_id=4478\">Th\u1eadp Nh\u1ecb Nh\u00e2n Duy\u00ean<\/a><br \/>\n70.<a href=\"https:\/\/www.pagodethienminh.fr\/?page_id=4875\">CHU\u1ea8N B\u1eca CHO C\u00c1I CH\u1ebeT V\u00c0 GI\u00daP \u0110\u1ee0 NG\u01af\u1edcI CH\u1ebeT<\/a><br \/>\n71.<a href=\"https:\/\/www.pagodethienminh.fr\/?page_id=5360\">TR\u00cd TU\u1ec6 V\u00c0 S\u1ef0 GI\u00c0U SANG<\/a><br \/>\n72.<a href=\"https:\/\/www.pagodethienminh.fr\/?page_id=5363\">\u0110\u1ea1o Ph\u1eadt \u0110em L\u1ea1i H\u1ea1nh Ph\u00fac Ngay N\u01a1i Cu\u1ed9c \u0110\u1eddi N\u00e0y<\/a><br \/>\n73.<a href=\"https:\/\/www.pagodethienminh.fr\/?page_id=5366\">Ba C\u00f4ng D\u1ee5ng C\u1ee7a \u0110\u1ea1o Ph\u1eadt<\/a><br \/>\n74.<a href=\"https:\/\/www.pagodethienminh.fr\/?page_id=5369\">30 ng\u00e0y thi\u1ec1n th\u1ea5t b\u00ean trong V\u1ea1n Ph\u1eadt Th\u00e1nh Th\u00e0nh (P.2)<\/a><br \/>\n75.<a href=\"https:\/\/www.pagodethienminh.fr\/?page_id=5372\">Ch\u1eef h\u1ea1nh trong \u0111\u1ea1o ph\u1eadt<\/a><br \/>\n76.<a href=\"https:\/\/www.pagodethienminh.fr\/?page_id=5376\">Tr\u1ed3ng c\u0103n l\u00e0nh &amp; s\u00e1m h\u1ed1i<\/a><\/p>\n","protected":false},"excerpt":{"rendered":"<p>1.Kinh B\u00e1t \u0110\u1ea1i Nh\u00e2n Gi\u00e1c 2.Kinh \u0110\u1ea1i Ph\u01b0\u1edbc \u0110\u1ee9c 3.Kinh Nh\u00e2n Qu\u1ea3 Ba \u00d0\u1eddi 4.Kinh T\u1eeb (Metta Sutta) 5.48 Nguy\u1ec7n Ph\u1eadt A Di \u0110\u00e0 6.Nghi \u2026 <a class=\"continue-reading-link\" href=\"https:\/\/www.pagodethienminh.fr\/?page_id=1756\">Continue \u00e0 lire <span class=\"meta-nav\">&rarr; <\/span><\/a><\/p>\n","protected":false},"author":1,"featured_media":0,"parent":7229,"menu_order":3,"comment_status":"closed","ping_status":"closed","template":"","meta":{"_mc_calendar":[],"footnotes":""},"class_list":["post-1756","page","type-page","status-publish","hentry"],"_links":{"self":[{"href":"https:\/\/www.pagodethienminh.fr\/index.php?rest_route=\/wp\/v2\/pages\/1756","targetHints":{"allow":["GET"]}}],"collection":[{"href":"https:\/\/www.pagodethienminh.fr\/index.php?rest_route=\/wp\/v2\/pages"}],"about":[{"href":"https:\/\/www.pagodethienminh.fr\/index.php?rest_route=\/wp\/v2\/types\/page"}],"author":[{"embeddable":true,"href":"https:\/\/www.pagodethienminh.fr\/index.php?rest_route=\/wp\/v2\/users\/1"}],"replies":[{"embeddable":true,"href":"https:\/\/www.pagodethienminh.fr\/index.php?rest_route=%2Fwp%2Fv2%2Fcomments&post=1756"}],"version-history":[{"count":15,"href":"https:\/\/www.pagodethienminh.fr\/index.php?rest_route=\/wp\/v2\/pages\/1756\/revisions"}],"predecessor-version":[{"id":7280,"href":"https:\/\/www.pagodethienminh.fr\/index.php?rest_route=\/wp\/v2\/pages\/1756\/revisions\/7280"}],"up":[{"embeddable":true,"href":"https:\/\/www.pagodethienminh.fr\/index.php?rest_route=\/wp\/v2\/pages\/7229"}],"wp:attachment":[{"href":"https:\/\/www.pagodethienminh.fr\/index.php?rest_route=%2Fwp%2Fv2%2Fmedia&parent=1756"}],"curies":[{"name":"wp","href":"https:\/\/api.w.org\/{rel}","templated":true}]}}