{"id":1731,"date":"2011-11-21T09:49:22","date_gmt":"2011-11-21T09:49:22","guid":{"rendered":"http:\/\/www.pagodethienminh.fr\/?page_id=1731"},"modified":"2024-07-01T18:24:39","modified_gmt":"2024-07-01T18:24:39","slug":"francais","status":"publish","type":"page","link":"https:\/\/www.pagodethienminh.fr\/?page_id=1731","title":{"rendered":"En fran\u00e7ais"},"content":{"rendered":"<p>1.<a href=\"https:\/\/www.pagodethienminh.fr\/?page_id=178\">Introduction<\/a><br \/>\n2.<a href=\"https:\/\/www.pagodethienminh.fr\/?page_id=181\">Pr\u00e9sentation<\/a><br \/>\n3.<a href=\"https:\/\/www.pagodethienminh.fr\/?page_id=187\">Amitabha Bouddha Soutra<\/a><br \/>\n4.<a href=\"https:\/\/www.pagodethienminh.fr\/?page_id=277\">Mahamangala Soutra<\/a><br \/>\n5.<a href=\"https:\/\/www.pagodethienminh.fr\/?page_id=284\">Om Mani Peme Hung<\/a><br \/>\n6.<a href=\"https:\/\/www.pagodethienminh.fr\/?page_id=286\">METTA Sutta<\/a><br \/>\n7.<a href=\"https:\/\/www.pagodethienminh.fr\/?page_id=288\">Bouddha M\u00e9decine<\/a><br \/>\n8.<a href=\"https:\/\/www.pagodethienminh.fr\/?page_id=290\">Voeux du Bhai\u015fajyaguru<\/a><br \/>\n9.<a href=\"https:\/\/www.pagodethienminh.fr\/?page_id=1075\">Shurangama Mantra<\/a><br \/>\n10.<a href=\"https:\/\/www.pagodethienminh.fr\/?page_id=1811\">Sutra Ksitigarbha &#8211; Matrice de la Terre &#8211; Grand Bodhisattva<\/a><br \/>\n11.<a href=\"https:\/\/www.pagodethienminh.fr\/?page_id=1818\">Sutra du Ni Accroissement Ni Diminution<\/a><br \/>\n12.<a href=\"https:\/\/www.pagodethienminh.fr\/?page_id=1821\">Sutra sur la Nature de Bouddha<\/a><br \/>\n13.<a href=\"https:\/\/www.pagodethienminh.fr\/?page_id=1824\">Sutra de la Dh\u0101ra\u1e47\u012b<\/a><br \/>\n14.<a href=\"https:\/\/www.pagodethienminh.fr\/?page_id=1827\">Sutra de l\u2019\u00c9tat Inconcevable du Tath\u0101gata<\/a><br \/>\n15.<a href=\"https:\/\/www.pagodethienminh.fr\/?page_id=1830\">S\u016btra Mah\u0101y\u0101na de la Porte de Dharma Indicible<\/a><br \/>\n16.<a href=\"https:\/\/www.pagodethienminh.fr\/?page_id=1834\">S\u00fbtra du Bouddha de M\u00e9decine<\/a><br \/>\n17.<a href=\"https:\/\/www.pagodethienminh.fr\/?page_id=1837\">S\u00fbtra sur La Cause et l\u2019Effet<\/a><br \/>\n18.<a href=\"https:\/\/www.pagodethienminh.fr\/?page_id=1840\">S\u00fbtra sur les Dix Chemins Vertueux d\u2019Action<\/a><br \/>\n19.<a href=\"https:\/\/www.pagodethienminh.fr\/?page_id=1843\">S\u00fbtra de l\u2019Obtention de la Bouddh\u00e9it\u00e9 du Bodhisattva Maitreya<\/a><br \/>\n20.<a href=\"https:\/\/www.pagodethienminh.fr\/?page_id=4408\">SUTRA DES HUIT ETATS EVEIL &#8211; KINH B\u00c1T \u0110\u1ea0I NH\u00c2N GI\u00c1C<\/a><\/p>\n","protected":false},"excerpt":{"rendered":"<p>1.Introduction 2.Pr\u00e9sentation 3.Amitabha Bouddha Soutra 4.Mahamangala Soutra 5.Om Mani Peme Hung 6.METTA Sutta 7.Bouddha M\u00e9decine 8.Voeux du Bhai\u015fajyaguru 9.Shurangama Mantra 10.Sutra Ksitigarbha &#8211; Matrice de \u2026 <a class=\"continue-reading-link\" href=\"https:\/\/www.pagodethienminh.fr\/?page_id=1731\">Continue \u00e0 lire <span class=\"meta-nav\">&rarr; <\/span><\/a><\/p>\n","protected":false},"author":1,"featured_media":0,"parent":7229,"menu_order":1,"comment_status":"closed","ping_status":"closed","template":"","meta":{"_mc_calendar":[],"footnotes":""},"class_list":["post-1731","page","type-page","status-publish","hentry"],"_links":{"self":[{"href":"https:\/\/www.pagodethienminh.fr\/index.php?rest_route=\/wp\/v2\/pages\/1731","targetHints":{"allow":["GET"]}}],"collection":[{"href":"https:\/\/www.pagodethienminh.fr\/index.php?rest_route=\/wp\/v2\/pages"}],"about":[{"href":"https:\/\/www.pagodethienminh.fr\/index.php?rest_route=\/wp\/v2\/types\/page"}],"author":[{"embeddable":true,"href":"https:\/\/www.pagodethienminh.fr\/index.php?rest_route=\/wp\/v2\/users\/1"}],"replies":[{"embeddable":true,"href":"https:\/\/www.pagodethienminh.fr\/index.php?rest_route=%2Fwp%2Fv2%2Fcomments&post=1731"}],"version-history":[{"count":18,"href":"https:\/\/www.pagodethienminh.fr\/index.php?rest_route=\/wp\/v2\/pages\/1731\/revisions"}],"predecessor-version":[{"id":7286,"href":"https:\/\/www.pagodethienminh.fr\/index.php?rest_route=\/wp\/v2\/pages\/1731\/revisions\/7286"}],"up":[{"embeddable":true,"href":"https:\/\/www.pagodethienminh.fr\/index.php?rest_route=\/wp\/v2\/pages\/7229"}],"wp:attachment":[{"href":"https:\/\/www.pagodethienminh.fr\/index.php?rest_route=%2Fwp%2Fv2%2Fmedia&parent=1731"}],"curies":[{"name":"wp","href":"https:\/\/api.w.org\/{rel}","templated":true}]}}