{"id":168,"date":"2011-04-30T07:57:04","date_gmt":"2011-04-30T07:57:04","guid":{"rendered":"http:\/\/www.pagodethienminh.fr\/?page_id=168"},"modified":"2013-03-13T16:38:54","modified_gmt":"2013-03-13T16:38:54","slug":"3-themes","status":"publish","type":"page","link":"https:\/\/www.pagodethienminh.fr\/?page_id=168","title":{"rendered":"Th\u00e8mes &#8211; \u0110\u1ec1 t\u00e0i"},"content":{"rendered":"<p style=\"text-align: justify;\"><a rel=\"attachment wp-att-174\" href=\"https:\/\/www.pagodethienminh.fr\/?attachment_id=174\"><img loading=\"lazy\" decoding=\"async\" class=\"aligncenter size-full wp-image-174\" title=\"Bouddha Sakyamauni\" src=\"https:\/\/www.pagodethienminh.fr\/wp-content\/uploads\/2011\/04\/Tuong-Phat-300x199.jpg\" alt=\"\" width=\"300\" height=\"199\" srcset=\"https:\/\/www.pagodethienminh.fr\/wp-content\/uploads\/2011\/04\/Tuong-Phat-300x199.jpg 300w, https:\/\/www.pagodethienminh.fr\/wp-content\/uploads\/2011\/04\/Tuong-Phat-300x199-150x99.jpg 150w\" sizes=\"auto, (max-width: 300px) 100vw, 300px\" \/><\/a>Les enseignements li\u00e9s au bouddhisme peuvent \u00eatre class\u00e9s sous deux cat\u00e9gories\u00a0:<\/p>\n<ul style=\"text-align: justify;\">\n<li>La 1\u00e8re celle issue directement du Bouddha Sakyamuni<\/li>\n<li>La 2e celle issue directement des disciples du bouddhisme.<\/li>\n<\/ul>\n<p style=\"text-align: justify;\">Les enseignements sont importants pour la compr\u00e9hension de cette doctrine. Historiquement, le Bouddha a transmis les connaissances du bouddhisme, non pas dans l\u2019objectif de conserver cette connaissance \u00e0 travers les temps mais de montrer une voie vers l\u2019\u00e9veil &#8220;Ultime&#8221;. Ces enseignements ne sont pas pris uniquement comme un savoir parmi tant d\u2019autres savoirs issus de l\u2019intelligence des \u00eatres, mais il est pris comme un savoir issu de la Sagesse des \u00eatres, c\u2019est \u00e0 dire un savoir qui n\u2019est pas une &#8220;cr\u00e9ation&#8221; ou une &#8220;invention&#8221; de l\u2019esprit.<\/p>\n<p style=\"text-align: justify;\">&nbsp;<\/p>\n","protected":false},"excerpt":{"rendered":"<p>Les enseignements li\u00e9s au bouddhisme peuvent \u00eatre class\u00e9s sous deux cat\u00e9gories\u00a0: La 1\u00e8re celle issue directement du Bouddha Sakyamuni La 2e celle issue directement des \u2026 <a class=\"continue-reading-link\" href=\"https:\/\/www.pagodethienminh.fr\/?page_id=168\">Continue \u00e0 lire <span class=\"meta-nav\">&rarr; <\/span><\/a><\/p>\n","protected":false},"author":1,"featured_media":0,"parent":37,"menu_order":3,"comment_status":"closed","ping_status":"closed","template":"template-onecolumn.php","meta":{"_mc_calendar":[],"footnotes":""},"class_list":["post-168","page","type-page","status-publish","hentry"],"_links":{"self":[{"href":"https:\/\/www.pagodethienminh.fr\/index.php?rest_route=\/wp\/v2\/pages\/168","targetHints":{"allow":["GET"]}}],"collection":[{"href":"https:\/\/www.pagodethienminh.fr\/index.php?rest_route=\/wp\/v2\/pages"}],"about":[{"href":"https:\/\/www.pagodethienminh.fr\/index.php?rest_route=\/wp\/v2\/types\/page"}],"author":[{"embeddable":true,"href":"https:\/\/www.pagodethienminh.fr\/index.php?rest_route=\/wp\/v2\/users\/1"}],"replies":[{"embeddable":true,"href":"https:\/\/www.pagodethienminh.fr\/index.php?rest_route=%2Fwp%2Fv2%2Fcomments&post=168"}],"version-history":[{"count":9,"href":"https:\/\/www.pagodethienminh.fr\/index.php?rest_route=\/wp\/v2\/pages\/168\/revisions"}],"predecessor-version":[{"id":3274,"href":"https:\/\/www.pagodethienminh.fr\/index.php?rest_route=\/wp\/v2\/pages\/168\/revisions\/3274"}],"up":[{"embeddable":true,"href":"https:\/\/www.pagodethienminh.fr\/index.php?rest_route=\/wp\/v2\/pages\/37"}],"wp:attachment":[{"href":"https:\/\/www.pagodethienminh.fr\/index.php?rest_route=%2Fwp%2Fv2%2Fmedia&parent=168"}],"curies":[{"name":"wp","href":"https:\/\/api.w.org\/{rel}","templated":true}]}}