{"id":1665,"date":"2011-11-21T06:45:46","date_gmt":"2011-11-21T06:45:46","guid":{"rendered":"http:\/\/www.pagodethienminh.fr\/?page_id=1665"},"modified":"2024-07-01T18:25:03","modified_gmt":"2024-07-01T18:25:03","slug":"francais","status":"publish","type":"page","link":"https:\/\/www.pagodethienminh.fr\/?page_id=1665","title":{"rendered":"Fran\u00e7ais"},"content":{"rendered":"<p>1.<a href=\"https:\/\/www.pagodethienminh.fr\/?page_id=193\">Le Dharma<\/a><br \/>\n2.<a href=\"https:\/\/www.pagodethienminh.fr\/?page_id=198\">La Prise de refuge<\/a><br \/>\n3.<a href=\"https:\/\/www.pagodethienminh.fr\/?page_id=227\">La Sangha : communaut\u00e9 monastique<\/a><br \/>\n4.<a href=\"https:\/\/www.pagodethienminh.fr\/?page_id=233\">Les Premiers pas dans le bouddhisme<\/a><br \/>\n5.<a href=\"https:\/\/www.pagodethienminh.fr\/?page_id=225\">La M\u00e9ditation<\/a><br \/>\n6.<a href=\"https:\/\/www.pagodethienminh.fr\/?page_id=235\">Les Trois \u00ab V\u00e9hicules \u00bb<\/a><br \/>\n7.<a href=\"https:\/\/www.pagodethienminh.fr\/?page_id=238\">Les Quatre Nobles V\u00e9rit\u00e9s<\/a><br \/>\n8.<a href=\"https:\/\/www.pagodethienminh.fr\/?page_id=241\">La G\u00e9n\u00e9rosit\u00e9<\/a><br \/>\n9.<a href=\"https:\/\/www.pagodethienminh.fr\/?page_id=245\">La Compassion<\/a><br \/>\n10.<a href=\"https:\/\/www.pagodethienminh.fr\/?page_id=247\">Les Six actions d\u2019harmonie<\/a><br \/>\n11.<a href=\"https:\/\/www.pagodethienminh.fr\/?page_id=249\">Les Huit \u00e9tats d\u2019Eveil<\/a><br \/>\n12.<a href=\"https:\/\/www.pagodethienminh.fr\/?page_id=251\">La R\u00e9citation m\u00e9ditative<\/a><br \/>\n13.<a href=\"https:\/\/www.pagodethienminh.fr\/?page_id=253\">Les 28 avantages des m\u00e9rites<\/a><br \/>\n14.<a href=\"https:\/\/www.pagodethienminh.fr\/?page_id=522\">Le Karma<\/a><br \/>\n15.<a href=\"https:\/\/www.pagodethienminh.fr\/?page_id=628\">Les Qualit\u00e9s humaines<\/a><br \/>\n16.<a href=\"https:\/\/www.pagodethienminh.fr\/?page_id=1008\">La M\u00e9ditation de shin\u00e9<\/a><br \/>\n17.<a href=\"https:\/\/www.pagodethienminh.fr\/?page_id=2035\">Les 6 paramitas: La patience<\/a><br \/>\n18.<a href=\"https:\/\/www.pagodethienminh.fr\/?page_id=2158\">Nirvana &#8211; Le Bonheur Supr\u00eame<\/a><br \/>\n19.<a href=\"https:\/\/www.pagodethienminh.fr\/?page_id=2315\">Les 12 Liens Interd\u00e9pendants<\/a><br \/>\n20.<a href=\"https:\/\/www.pagodethienminh.fr\/?page_id=2320\">Les cinq agr\u00e9gats<\/a><br \/>\n21.<a href=\"https:\/\/www.pagodethienminh.fr\/?page_id=2961\">L&#8217;usage du Mo<\/a><\/p>\n","protected":false},"excerpt":{"rendered":"<p>1.Le Dharma 2.La Prise de refuge 3.La Sangha : communaut\u00e9 monastique 4.Les Premiers pas dans le bouddhisme 5.La M\u00e9ditation 6.Les Trois \u00ab V\u00e9hicules \u00bb 7.Les \u2026 <a class=\"continue-reading-link\" href=\"https:\/\/www.pagodethienminh.fr\/?page_id=1665\">Continue \u00e0 lire <span class=\"meta-nav\">&rarr; <\/span><\/a><\/p>\n","protected":false},"author":1,"featured_media":0,"parent":7232,"menu_order":18,"comment_status":"closed","ping_status":"closed","template":"","meta":{"_mc_calendar":[],"footnotes":""},"class_list":["post-1665","page","type-page","status-publish","hentry"],"_links":{"self":[{"href":"https:\/\/www.pagodethienminh.fr\/index.php?rest_route=\/wp\/v2\/pages\/1665","targetHints":{"allow":["GET"]}}],"collection":[{"href":"https:\/\/www.pagodethienminh.fr\/index.php?rest_route=\/wp\/v2\/pages"}],"about":[{"href":"https:\/\/www.pagodethienminh.fr\/index.php?rest_route=\/wp\/v2\/types\/page"}],"author":[{"embeddable":true,"href":"https:\/\/www.pagodethienminh.fr\/index.php?rest_route=\/wp\/v2\/users\/1"}],"replies":[{"embeddable":true,"href":"https:\/\/www.pagodethienminh.fr\/index.php?rest_route=%2Fwp%2Fv2%2Fcomments&post=1665"}],"version-history":[{"count":10,"href":"https:\/\/www.pagodethienminh.fr\/index.php?rest_route=\/wp\/v2\/pages\/1665\/revisions"}],"predecessor-version":[{"id":3277,"href":"https:\/\/www.pagodethienminh.fr\/index.php?rest_route=\/wp\/v2\/pages\/1665\/revisions\/3277"}],"up":[{"embeddable":true,"href":"https:\/\/www.pagodethienminh.fr\/index.php?rest_route=\/wp\/v2\/pages\/7232"}],"wp:attachment":[{"href":"https:\/\/www.pagodethienminh.fr\/index.php?rest_route=%2Fwp%2Fv2%2Fmedia&parent=1665"}],"curies":[{"name":"wp","href":"https:\/\/api.w.org\/{rel}","templated":true}]}}