{"id":139,"date":"2011-04-30T07:23:26","date_gmt":"2011-04-30T07:23:26","guid":{"rendered":"http:\/\/www.pagodethienminh.fr\/?page_id=139"},"modified":"2014-06-20T09:19:28","modified_gmt":"2014-06-20T09:19:28","slug":"3-ng%e1%bb%8dc-xa-l%e1%bb%a3i","status":"publish","type":"page","link":"https:\/\/www.pagodethienminh.fr\/?page_id=139","title":{"rendered":"Ng\u1ecdc X\u00e1 L\u1ee3i"},"content":{"rendered":"<p style=\"text-align: justify;\"><strong>Ng\u1ecdc X\u00e1 L\u1ee3i- B\u00ed \u1ea9n ch\u01b0a \u0111\u01b0\u1ee3c kh\u00e1m ph\u00e1<\/strong><\/p>\n<p style=\"text-align: justify;\"><a href=\"https:\/\/www.pagodethienminh.fr\/?attachment_id=135\" rel=\"attachment wp-att-135\"><img loading=\"lazy\" decoding=\"async\" class=\"alignleft size-full wp-image-135\" title=\"Perles de reliques de Bouddha\" src=\"https:\/\/www.pagodethienminh.fr\/wp-content\/uploads\/2011\/04\/crbst_DSC06332.jpg\" alt=\"\" width=\"128\" height=\"96\" \/><\/a>\u0110\u00f3 l\u00e0 nh\u1eefng\u00a0 tinh th\u1ec3 \u0111\u1ee7 m\u00e0u s\u1eafc, long lanh nh\u01b0 ng\u1ecdc, r\u1eafn nh\u01b0 kim c\u01b0\u01a1ng, b\u00faa \u0111\u1eadp kh\u00f4ng v\u1ee1, l\u1eefa thi\u00eau kh\u00f4ng ch\u00e1y, \u0111\u01b0\u1ee3c t\u00ecm th\u1ea5y trong tro h\u00e0i c\u1ed1t c\u1ee7a m\u1ed9t s\u1ed1 nh\u00e0 tu h\u00e0nh.<\/p>\n<p style=\"text-align: justify;\">Cho \u0111\u1ebfn nay, khi n\u1ec1n khoa h\u1ecdc k\u1ef9 thu\u1eadt c\u1ee7a nh\u00e2n lo\u1ea1i \u0111\u00e3 ph\u00e1t tri\u1ec3n \u1edf tr\u00ecnh \u0111\u1ed9 cao, c\u00e1c vi\u00ean x\u00e1 l\u1ee3i v\u1eabn t\u1ed3n t\u1ea1i nh\u01b0 m\u1ed9t b\u00ed \u1ea9n.<\/p>\n<p style=\"text-align: justify;\"><strong>B\u1ea3o v\u1eadt c\u1ee7a nh\u00e0 Ph\u1eadt<\/strong><\/p>\n<p style=\"text-align: justify;\">\u00ab\u00a0 X\u00e1 l\u1ee3i l\u00e0 phi\u00ean \u00e2m c\u1ee7a t\u1eeb \u00ab\u00a0 sarira trong ti\u1ebfng Ph\u1ea1n, ngh\u0129a \u0111en l\u00e0 \u00ab\u00a0 nh\u1eefng h\u1ea1t c\u1ee9ng\u00a0\u00bb. Theo ghi ch\u00e9p trong l\u1ecbch s\u1eed Ph\u1eadt gi\u00e1o, khi Ph\u1eadt t\u1ed5 Th\u00edch Ca M\u00e2u Ni vi\u00ean t\u1ecbch, c\u00e1c t\u00edn \u0111\u1ed3 \u0111em thi h\u00e0i \u0111i h\u1ecfa t\u00e1ng. Sau khi l\u1eeda t\u00e0n, h\u1ecd ph\u00e1t hi\u1ec7n trong tro c\u00f3 r\u1ea5t nhi\u1ec1u tinh th\u1ec3 trong su\u1ed1t, h\u00ecnh d\u1ea1ng v\u00e0 k\u00edch th\u01b0\u1edbc kh\u00e1c nhau, c\u1ee9ng nh\u01b0 th\u00e9p, l\u00f3ng l\u00e1nh v\u00e0 t\u1ecfa ra nh\u1eefng tia s\u00e1ng mu\u00f4n m\u00e0u, gi\u1ed1ng nh\u01b0 nh\u1eefng vi\u00ean ng\u1ecdc qu\u00fd. H\u1ecd \u0111\u1ebfm \u0111\u01b0\u1ee3c c\u1ea3 th\u1ea3y\u00a0 84.000 vi\u00ean, \u0111\u1ef1ng\u00a0 \u0111\u1ea7y trong\u00a0 8 h\u1ed9c v\u00e0 4 \u0111\u1ea5u. N\u00f3 \u0111\u01b0\u1ee3c \u0111\u1eb7t t\u00ean l\u00e0 x\u00e1 l\u1ee3i, l\u00e0 b\u1ea3o v\u1eadt c\u1ee7a Ph\u1eadt gi\u00e1o.<\/p>\n<p style=\"text-align: justify;\"><strong>Khoa h\u1ecdc c\u00f2n\u00a0\u00bb b\u00f3 tay \u00ab<\/strong><\/p>\n<p style=\"text-align: justify;\">V\u00e0i ch\u1ee5c n\u0103m tr\u1edf l\u1ea1i \u0111\u00e2y, gi\u1edbi khoa h\u1ecdc b\u1eaft \u0111\u1ea7u t\u00ecm c\u00e1ch gi\u1ea3i th\u00edch nh\u1eefng hi\u1ec7n t\u01b0\u1ee3ng huy\u1ec1n b\u00ed \u0111\u01b0\u1ee3c nh\u00e0 Ph\u1eadt n\u00f3i \u0111\u1ebfn trong kinh \u0111i\u1ec3n. Th\u1ebf nh\u01b0ng khi b\u1eaft tay v\u00e0o nghi\u00ean c\u1ee9u hi\u1ec7n x\u00e1 l\u1ee3i, h\u1ecd \u0111\u00e3 g\u1eb7p kh\u00f4ng \u00edt tr\u1edf ng\u1ea1i.<\/p>\n<p style=\"text-align: justify;\">Tr\u01b0\u1edbc \u0111\u00e2y, ng\u01b0\u1eddi ta kh\u00f4ng tin l\u00e0 c\u00f3 x\u00e1 l\u1ee3i Ph\u1eadt t\u1ed5. M\u00e3i \u0111\u1ebfn n\u0103m 1997, \u00f4ng Pepp\u00e9 ng\u01b0\u1eddi Ph\u00e1p khi ti\u1ebfn h\u00e0nh kh\u1ea3o c\u1ed5 t\u1ea1i v\u00f9ng Piprava, ph\u00eda nam N\u00e9pal, \u0111\u00e3 t\u00ecm th\u1ea5y nh\u1eefng vi\u00ean x\u00e1 l\u1ee3i \u0111\u1ef1ng trong chi\u1ebfc h\u1ed9p b\u1eb1ng \u0111\u00e1. Tr\u00ean h\u1ed9p\u00a0 c\u00f3 kh\u1eafc nh\u1eefng v\u0103n t\u1ef1 Brahmi, n\u1ed9i dung nh\u01b0 sau\u00a0:\u00a0\u00bb \u0110\u00e2y l\u00e0 x\u00e1 l\u1ee3i c\u1ee7a \u0111\u1ee9c Ph\u1eadt. Ph\u1ea7n x\u00e1 l\u1ee3i n\u00e0y do b\u1ed9 t\u1ed9c Sakya, n\u01b0\u1edbc Savatthi ph\u1ee5ng th\u1edd \u00ab\u00a0 . Kh\u00e1m ph\u00e1 n\u00e0y \u0111\u00e3 ch\u1ee9ng minh\u00a0: Nh\u1eefng g\u00ec \u0111\u01b0\u1ee3c ghi trong kinh Tr\u01b0\u1eddng A H\u00e0m v\u00e0 m\u1ed9t s\u1ed1 kinh s\u00e1ch kh\u00e1c v\u1ec1 vi\u1ec7c ph\u00e2n chia x\u00e1 l\u1ee3i \u0111\u1ee9c Ph\u1eadt th\u00e0nh 8 ph\u1ea7n cho 8 qu\u1ed1c gia c\u1ed5 \u0111\u1ea1i khi Ph\u1eadt nh\u1eadp Ni\u1ebft b\u00e0n l\u00e0 c\u00f3 th\u1eadt. \u0110i\u1ec1u k\u1ef3 l\u1ea1 l\u00e0 tr\u1ea3i qua h\u01a1n 25 th\u1ebf k\u1ef7, x\u00e1 l\u1ee3i \u0111\u1ee9c Ph\u1eadt v\u1eabn c\u00f2n nguy\u00ean v\u1eb9n, l\u1ea5p l\u00e1nh nhi\u1ec1u m\u00e0u s\u1eafc.<\/p>\n<p style=\"text-align: justify;\"><strong>Ch\u00f9a \u0110\u1eadu \u1edf t\u1ec9nh H\u00e0 T\u00e2y\u00a0 c\u00e1ch H\u00e0 N\u1ed9i\u00a0 21km v\u1ec1 ph\u00eda nam<\/strong><\/p>\n<p style=\"text-align: justify;\">C\u00e1ch \u0111\u00e2y g\u1ea7n\u00a0 2000 n\u0103m Ch\u00f9a \u0110\u1eadu \u0111\u00e3 n\u1ed7i ti\u1ebfng l\u00e0 n\u01a1i linh thi\u00eang \u1ee9ng nghi\u1ec7m, m\u1ecdi ng\u01b0\u1eddi cho r\u1eb1ng v\u1ec1 t\u1edbi n\u01a1i \u0111\u00e2y l\u00e0 \u0111\u1ebfn \u0111\u1ea5t Ph\u1eadt. G\u1ea7n \u0111\u00e2y h\u01a1n 300 n\u0103m, c\u00f3 hai v\u1ecb thi\u1ec1n s\u01b0\u00a0 V\u0169 kh\u1eafc Tr\u01b0\u1eddng v\u00e0 V\u0169 kh\u1eafc Minh th\u00e0nh \u0111\u1ea1o t\u1ea1i ch\u00f9a, l\u01b0u l\u1ea1i to\u00e0n th\u00e2n x\u00e1 l\u1ee3i.<\/p>\n<p style=\"text-align: justify;\">Chi\u00eam b\u00e1i x\u00e1 \u00a0l\u1ee3i \u0111\u1ee9c Ph\u1eadt v\u00e0 c\u00e1c b\u1eadc th\u00e1nh t\u0103ng qu\u00fd v\u1ecb s\u1ebb \u0111\u01b0\u1ee3c c\u1ea3m nghi\u1ec7m m\u1ea7u nhi\u1ec7m th\u00e2n t\u00e2m an l\u1ea1c, b\u1ec7nh t\u1eadt ti\u00eau tr\u1eeb.<\/p>\n","protected":false},"excerpt":{"rendered":"<p>Ng\u1ecdc X\u00e1 L\u1ee3i- B\u00ed \u1ea9n ch\u01b0a \u0111\u01b0\u1ee3c kh\u00e1m ph\u00e1 \u0110\u00f3 l\u00e0 nh\u1eefng\u00a0 tinh th\u1ec3 \u0111\u1ee7 m\u00e0u s\u1eafc, long lanh nh\u01b0 ng\u1ecdc, r\u1eafn nh\u01b0 kim c\u01b0\u01a1ng, \u2026 <a class=\"continue-reading-link\" href=\"https:\/\/www.pagodethienminh.fr\/?page_id=139\">Continue \u00e0 lire <span class=\"meta-nav\">&rarr; <\/span><\/a><\/p>\n","protected":false},"author":1,"featured_media":0,"parent":4146,"menu_order":4,"comment_status":"closed","ping_status":"closed","template":"template-onecolumn.php","meta":{"_mc_calendar":[],"footnotes":""},"class_list":["post-139","page","type-page","status-publish","hentry"],"_links":{"self":[{"href":"https:\/\/www.pagodethienminh.fr\/index.php?rest_route=\/wp\/v2\/pages\/139","targetHints":{"allow":["GET"]}}],"collection":[{"href":"https:\/\/www.pagodethienminh.fr\/index.php?rest_route=\/wp\/v2\/pages"}],"about":[{"href":"https:\/\/www.pagodethienminh.fr\/index.php?rest_route=\/wp\/v2\/types\/page"}],"author":[{"embeddable":true,"href":"https:\/\/www.pagodethienminh.fr\/index.php?rest_route=\/wp\/v2\/users\/1"}],"replies":[{"embeddable":true,"href":"https:\/\/www.pagodethienminh.fr\/index.php?rest_route=%2Fwp%2Fv2%2Fcomments&post=139"}],"version-history":[{"count":7,"href":"https:\/\/www.pagodethienminh.fr\/index.php?rest_route=\/wp\/v2\/pages\/139\/revisions"}],"predecessor-version":[{"id":4154,"href":"https:\/\/www.pagodethienminh.fr\/index.php?rest_route=\/wp\/v2\/pages\/139\/revisions\/4154"}],"up":[{"embeddable":true,"href":"https:\/\/www.pagodethienminh.fr\/index.php?rest_route=\/wp\/v2\/pages\/4146"}],"wp:attachment":[{"href":"https:\/\/www.pagodethienminh.fr\/index.php?rest_route=%2Fwp%2Fv2%2Fmedia&parent=139"}],"curies":[{"name":"wp","href":"https:\/\/api.w.org\/{rel}","templated":true}]}}