{"id":1388,"date":"2011-10-14T11:01:16","date_gmt":"2011-10-14T11:01:16","guid":{"rendered":"http:\/\/www.pagodethienminh.fr\/?page_id=1388"},"modified":"2013-03-14T15:18:25","modified_gmt":"2013-03-14T15:18:25","slug":"l%e1%bb%a5c-hoa","status":"publish","type":"page","link":"https:\/\/www.pagodethienminh.fr\/?page_id=1388","title":{"rendered":"L\u1ee5c Ho\u00e0"},"content":{"rendered":"<div style=\"text-align: justify;\" align=\"center\"><center><strong><big><big>S\u00e1u ph\u00e1p t\u1ea1o n\u00ean s\u1ef1 h\u00f2a h\u1ee3p <\/big><\/big><\/strong><\/center><center><strong><big><big>trong \u0111\u1eddi s\u1ed1ng c\u1ed9ng \u0111\u1ed3ng<\/big><\/big><\/strong><\/center><\/div>\n<div style=\"text-align: justify;\" align=\"center\"><center><strong><span style=\"color: #0000ff;\"><big>TK. Th\u00edch Hu\u1ec7 Ngh\u0129a<\/big><\/span><\/strong><\/center><\/div>\n<hr width=\"15%\" \/>\n<p style=\"text-align: justify;\" align=\"JUSTIFY\">L\u00e0 m\u1ed9t ph\u01b0\u01a1ng ph\u00e1p m\u00e0 t\u1eeb th\u1eddi \u0110\u1ee9c Ph\u1eadt \u0111\u00e3 \u00e1p d\u1ee5ng l\u00e0m kim ch\u1ec9 nam trong T\u0103ng \u0111o\u00e0n, \u0111\u00e3 \u0111em l\u1ea1i hi\u1ec7u qu\u1ea3 \u1ed5n \u0111\u1ecbnh trong n\u1ebfp sinh ho\u1ea1t c\u1ee7a ng\u01b0\u1eddi xu\u1ea5t gia, cho \u0111\u1ebfn ng\u00e0y nay n\u00f3 v\u1eabn l\u00e0 gi\u00e1 tr\u1ecb tuy\u1ec7t \u0111\u1ed1i v\u00e0 thi\u1ebft th\u1ef1c v\u1edbi nh\u1eefng ai th\u1ef1c h\u00e0nh theo \u0111\u00f3. \u0110\u00f3 l\u00e0 ph\u01b0\u01a1ng ph\u00e1p L\u1ee5c H\u00f2a, ch\u00fang ta h\u00e3y t\u00ecm hi\u1ec3u n\u00f3 nh\u01b0 th\u1ebf n\u00e0o ?<\/p>\n<p style=\"text-align: justify;\" align=\"JUSTIFY\">Tr\u01b0\u1edbc ti\u00ean ch\u00fang ta hi\u1ec3u th\u1ebf n\u00e0o l\u00e0 L\u1ee5c H\u00f2a ? \u0110\u00f3 l\u00e0 s\u00e1u ph\u01b0\u01a1ng ph\u00e1p h\u00f2a k\u00ednh c\u01b0 x\u1eed v\u1edbi nhau trong s\u1ef1 h\u00f2a h\u1ee3p t\u1eeb v\u1eadt ch\u1ea5t \u0111\u1ebfn tinh th\u1ea7n, t\u1eeb l\u1eddi n\u00f3i \u0111\u1ebfn vi\u1ec7c l\u00e0m. L\u00e0 s\u00e1u \u0111i\u1ec1u h\u00f2a h\u1ee3p \u0111em \u0111\u1ebfn l\u1ee3i l\u1ea1c v\u00e0 an vui cho ch\u00fang ta.<\/p>\n<p style=\"text-align: justify;\" align=\"center\"><big>1\/- Th\u00e2n h\u00f2a \u0111\u1ed3ng tr\u1ee5 : (Th\u00e2n h\u00f2a c\u00f9ng \u1edf)<\/big><\/p>\n<p style=\"text-align: justify;\" align=\"JUSTIFY\">T\u1ee9c l\u00e0 s\u1ed1ng chung m\u1ed9t gia \u0111\u00ecnh, m\u1ed9t t\u1eadp th\u1ec3 v.v&#8230; ph\u1ea3i h\u00f2a thu\u1eadn, \u0111o\u00e0n k\u1ebft, th\u01b0\u01a1ng y\u00eau nhau. V\u00ec s\u1ed1ng trong m\u1ed9t gia \u0111\u00ecnh n\u1ebfu gia \u0111\u00ecnh \u1ea5y c\u1ee9 t\u1ed1i ng\u00e0y \u0111\u00e1nh l\u1ed9n, kh\u00f4ng bi\u1ebft \u0111o\u00e0n k\u1ebft th\u01b0\u01a1ng y\u00eau nhau th\u00ec s\u1ef1 chia ly, kh\u1ed5 \u0111au s\u1ebd lu\u00f4n lu\u00f4n hi\u1ec7n h\u1eefu \u0111\u1ebfn v\u1edbi gia \u0111\u00ecnh \u1ea5y. Xa h\u01a1n n\u1eefa l\u00e0 ngo\u00e0i x\u00e3 h\u1ed9i, n\u1ebfu x\u00e3 h\u1ed9i \u1ea5y kh\u00f4ng bi\u1ebft t\u00f4n tr\u1ecdng l\u1eabn nhau, qu\u00fd m\u1ebfn nhau th\u00ec x\u00e3 h\u1ed9i \u1ea5y l\u00fac n\u00e0o c\u0169ng t\u1ed9i \u00e1c gia t\u0103ng, con ng\u01b0\u1eddi tr\u1edf n\u00ean \u0111\u1ed9c \u00e1c, hi\u1ec1m kh\u00edch l\u1eabn nhau, s\u1ef1 chung s\u1ed1ng n\u01a1i \u1ea5y kh\u00f4ng \u0111\u01b0\u1ee3c y\u00ean \u1ed5n, t\u1eeb s\u1ef1 kh\u00f4ng y\u00ean \u1ed5n d\u1eabn \u0111\u1ebfn nhi\u1ec1u n\u1ed5i kh\u1ed5 kh\u00e1c d\u1ea5y kh\u1edfi v.v.. S\u1ed1ng chung trong m\u1ed9t \u0111\u1ea5t n\u01b0\u1edbc, m\u00e0 \u0111\u1ea5t n\u01b0\u1edbc \u1ea5y lu\u00f4n lu\u00f4n l\u00fac n\u00e0o c\u0169ng b\u1ea5t \u1ed5n, bi\u1ec3u t\u00ecnh, b\u1ea1o \u0111\u1ed9ng l\u00e0m cho c\u00e1c nh\u00e0 l\u00e3nh \u0111\u1ea1o ph\u1ea3i \u0111au \u0111\u1ea7u, ng\u01b0\u1eddi d\u00e2n kh\u1ed1n kh\u1ed5 v.v.. th\u00ec qu\u1ed1c gia \u1ea5y s\u1edbm mu\u1ed9n g\u00ec c\u0169ng x\u1ea3y ra c\u1ea3nh huynh \u0111\u1ec7 t\u01b0\u01a1ng t\u00e0n, \u0111\u1ea7u r\u01a1i m\u00e1u ch\u1ea3y. V\u00ec th\u1ebf s\u1ef1 h\u00f2a thu\u1eadn, c\u00f9ng s\u1ed1ng chung trong m\u1ed9t m\u00f4i tr\u01b0\u1eddng l\u00e0 r\u1ea5t c\u1ea7n thi\u1ebft, \u0111em l\u1ea1i s\u1ef1 b\u00ecnh y\u00ean, th\u1ecbnh tr\u1ecb, nh\u00e2n d\u00e2n \u0111\u01b0\u1ee3c \u1ea5m no, h\u1ea1nh ph\u00fac.<\/p>\n<p style=\"text-align: justify;\" align=\"center\"><big>2\/- Kh\u1ea9u h\u00f2a v\u00f4 tr\u00e1nh: (l\u1eddi n\u00f3i h\u00f2a hi\u1ec7p, kh\u00f4ng tranh c\u1ea3i nhau)<\/big><\/p>\n<p style=\"text-align: justify;\" align=\"JUSTIFY\">L\u1eddi n\u00f3i ph\u1ea3i \u0111\u01b0\u1ee3c gi\u1eef g\u00ecn, \u00f4n h\u00f2a, nh\u00e3 nh\u1eb7n, kh\u00f4ng \u0111\u01b0\u1ee3c r\u1ea7y r\u00e0 c\u1ea3i c\u1ecd. C\u00f3 ng\u01b0\u1eddi \u0111\u00e3 h\u01a1n thua t\u1eebng c\u00e2u n\u00f3i \u0111\u1ec3 d\u1eabn \u0111\u1ebfn c\u1ea3nh anh em xa l\u00eca, v\u1ee3 ch\u1ed3ng ly t\u00e1n, cha con th\u00e0nh th\u00f9 ngh\u1ecbch. C\u0169ng v\u00ec m\u1ed9t l\u1eddi n\u00f3i kh\u00f4ng h\u00f2a, ph\u0129 b\u00e1ng l\u1eabn nhau m\u00e0 d\u1eabn \u0111\u1ebfn nhi\u1ec1u qu\u1ed1c gia l\u00e2m v\u00e0o c\u1ea3nh chi\u1ebfn tranh v\u00e0 hi\u1ec7n nay n\u00f3 \u0111ang l\u00e0 n\u1ed5i th\u1ed1ng kh\u1ed5 c\u1ee7a c\u00e1c d\u00e2n t\u1ed9c tr\u00ean th\u1ebf gi\u1edbi. Cho n\u00ean \u00f4ng b\u00e0 ta c\u00f3 d\u1ea1y : &#8220;L\u1eddi n\u00f3i kh\u00f4ng m\u1ea5t ti\u1ec1n mua, l\u1ef1a l\u1eddi m\u00e0 n\u00f3i kh\u00f4ng v\u1eeba l\u00f2ng nhau&#8221; ho\u1eb7c Trang T\u1eed c\u00f3 c\u00e2u : &#8220;Tr\u01b0\u1edbc khi n\u00f3i n\u00ean u\u1ed1ng l\u01b0\u1edfi b\u1ea3y l\u1ea7n&#8221;. \u0110\u01b0\u1ee3c nh\u01b0 th\u1ebf th\u00ec s\u1ef1 an l\u1ea1c s\u1ebd \u0111\u1ebfn v\u1edbi m\u00ecnh v\u00e0 c\u1ed9ng \u0111\u1ed3ng x\u00e3 h\u1ed9i. Cho n\u00ean c\u00f3 c\u00e2u :<\/p>\n<blockquote>\n<dl>\n<dt>&#8220;Mi\u1ec7ng ta l\u00e0 c\u00e1nh hoa sen<\/dt>\n<dt>M\u1ed9t khi h\u00e9 n\u1edf, m\u1ed9t phen th\u01a1m l\u1eebng<\/dt>\n<dt>Ti\u1ebfng ta l\u00e0 gi\u00f3 m\u00f9a xu\u00e2n<\/dt>\n<dt>M\u1ed9t khi th\u1ed5i nh\u1eb9 mu\u00f4n d\u00e2n m\u00e1t l\u00f2ng&#8221;,<\/dt>\n<\/dl>\n<\/blockquote>\n<p style=\"text-align: justify;\" align=\"center\"><big>3\/- \u00dd h\u00f2a \u0111\u1ed3ng duy\u1ec7t (T\u00e2m \u00fd c\u00f9ng vui)<\/big><\/p>\n<p style=\"text-align: justify;\" align=\"JUSTIFY\">Trong \u0110\u1ea1o Ph\u1eadt, khi n\u00f3i \u0111\u1ebfn \u00fd th\u00ec n\u00f3 \u0111\u01b0\u1ee3c xem l\u00e0 quan tr\u1ecdng nh\u1ea5t, v\u00ec n\u00f3 l\u00e0 \u0111\u1ea7u m\u1ed1i cho th\u00e2n v\u00e0 mi\u1ec7ng h\u00e0nh \u0111\u1ed9ng cho n\u00ean duy th\u1ee9c h\u1ecdc g\u1ecdi \u00fd l\u00e0 : &#8220;C\u00f4ng vi th\u1ee7, t\u1ed9i vi kh\u00f4i&#8221;, n\u1ebfu x\u00e9t v\u1ec1 c\u00f4ng, th\u00ec \u0111\u1ee9ng \u0111\u1ea7u, x\u00e9t v\u1ec1 t\u1ed9i th\u00ec c\u0169ng \u0111\u1ee9ng tr\u01b0\u1edbc.<\/p>\n<p style=\"text-align: justify;\" align=\"JUSTIFY\">B\u1edfi v\u1eady t\u1eeb gia \u0111\u00ecnh cho \u0111\u1ebfn \u0111o\u00e0n th\u1ec3, x\u00e3 h\u1ed9i m\u1ed7i ng\u01b0\u1eddi c\u1ea9n th\u1eadn trong \u00fd t\u1ee9, n\u1ebfu \u00fd hi\u1ec1n h\u00f2a, c\u1edfi m\u1edf th\u00ec th\u00e2n v\u00e0 l\u1eddi n\u00f3i d\u1ec5 gi\u1eef \u0111\u01b0\u1ee3c h\u00f2a kh\u00ed. Tr\u00e1i l\u1ea1i n\u1ebfu \u00fd t\u1ee9 b\u1ea5t h\u00f2a, th\u00ec s\u1ef1 h\u00f2a \u1ea5y nh\u01b0 l\u1edbp s\u01a1n t\u00f4 l\u00ean g\u1ed5 m\u1ee5c. N\u00ean Ph\u1eadt d\u1ea1y &#8220;Kh\u00f4ng ch\u1ea5p ng\u01b0\u1eddi, kh\u00f4ng ch\u1ea5p ta, \u0111\u1ea1t \u0111\u1ebfn s\u1ef1 v\u00f4 ch\u1ea5p th\u00ec m\u1edbi th\u1eadt s\u1ef1 h\u00f2a thu\u1eadn v\u1edbi nhau&#8221;. H\u00f2a thu\u1eadn b\u1eb1ng th\u00e1i \u0111\u1ed9 v\u00f4 ch\u1ea5p l\u00e0 h\u00ecnh th\u1ee9c kh\u00e1c c\u1ee7a h\u1ea1nh h\u1ef7 x\u00e3, ngh\u0129a l\u00e0 b\u1ecf ra ngo\u00e0i nh\u1eefng bu\u1ed3n, gi\u1eadn m\u00e0 k\u1ebb kh\u00e1c g\u00e2y t\u1ea1o.<\/p>\n<p style=\"text-align: justify;\" align=\"center\"><big>4\/- Gi\u1edbi h\u00f3a \u0111\u1ed3ng tu : (Gi\u1edbi h\u00f2a c\u00f9ng tu)<\/big><\/p>\n<p style=\"text-align: justify;\" align=\"JUSTIFY\">\u0110\u1ed1i v\u1edbi Ph\u1eadt t\u1eed t\u1ea1i gia c\u0169ng nh\u01b0 xu\u1ea5t gia th\u00ec \u0110\u1ee9c Ph\u1eadt ch\u1ebf ra n\u0103m gi\u1edbi \u0111\u1ec3 ng\u0103n ch\u1eb7n nh\u1eefng h\u00e0nh vi \u00e1c, b\u1ea5t thi\u1ec7n v\u00e0 n\u00f3 l\u00e0 n\u0103m gi\u1edbi c\u0103n b\u1ea3n \u0111\u1ec3 gi\u00fap cho ch\u00fang ta c\u00f3 m\u1ed9t \u0111\u1eddi s\u1ed1ng an \u1ed5n, \u0111\u00fang ch\u00e1nh ph\u00e1p. N\u00f3i r\u1ed9ng ra b\u1ea5t k\u1ef3 trong m\u1ed9t gia \u0111\u00ecnh, m\u1ed9t \u0111o\u00e0n th\u1ec3, m\u1ed9t x\u00e3 h\u1ed9i v.v&#8230; bao gi\u1edd c\u0169ng l\u1ea5y k\u1ef7 lu\u1eadt, n\u1ed9i quy l\u00e0m \u0111\u1ea7u. V\u00ec sao v\u1eady ! V\u00ec n\u1ebfu trong m\u1ed9t gia \u0111\u00ecnh kh\u00f4ng c\u00f3 ph\u00e9p t\u1eafc, kh\u00f4ng c\u00f3 k\u1ef7 c\u01b0\u01a1ng, th\u00ec ng\u01b0\u1eddi th\u00e2n \u0111\u00f4i khi l\u00e0 ng\u01b0\u1eddi th\u00f9, cha con m\u1ea5t t\u00ecnh ngh\u0129a, s\u1ef1 t\u00f4n tr\u1ecdng l\u1eabn nhau kh\u00f4ng c\u00f2n n\u1eefa m\u00e0 thay v\u00e0o \u0111\u00f3 l\u00e0 nh\u1eefng s\u1ef1 th\u00f9 h\u1eadn, gh\u00e9t b\u1ecf v.v&#8230; c\u0169ng v\u1eady \u0111\u1ed1i v\u1edbi x\u00e3 h\u1ed9i, qu\u1ed1c gia n\u1ebfu kh\u00f4ng c\u00f3 k\u1ef7 lu\u1eadt th\u00ec x\u00e3 h\u1ed9i \u1ea5y, qu\u1ed1c gia \u1ea5y s\u1ebd h\u1ed7n lo\u1ea1n, con ng\u01b0\u1eddi s\u1ed1ng v\u00f4 \u0111\u1ea1o \u0111\u1ee9c, t\u1ed9i \u00e1c gia t\u0103ng v.v&#8230; \u0110\u00f3 l\u00e0 n\u00f3i \u0111\u1ebfn gi\u1edbi h\u00f2a.<\/p>\n<p style=\"text-align: justify;\" align=\"center\"><big>5\/- Ki\u1ebfn h\u00f2a \u0111\u1ed3ng gi\u1ea3i : (Th\u1ea5y bi\u1ebft c\u00f9ng nhau gi\u1ea3i b\u00e0i)<\/big><\/p>\n<p style=\"text-align: justify;\" align=\"JUSTIFY\">Khi ch\u00fang ta s\u1ed1ng chung trong m\u1ed9t gia \u0111\u00ecnh, t\u1eadp th\u1ec3, x\u00e3 h\u1ed9i v&#8230; khi th\u1ea5y bi\u1ebft \u0111i\u1ec1u g\u00ec hay ph\u1ea3i ch\u1ec9 b\u1ea3o, gi\u1ea3i b\u00e0y cho ng\u01b0\u1eddi kh\u00e1c c\u00f9ng hi\u1ec3u, l\u00f2ng \u00edch k\u1ef7 h\u1eb9p h\u00f2i l\u00e0 nguy\u00ean nh\u00e2n c\u1ee7a s\u1ef1 xung \u0111\u1ed9t, chi\u1ebfn tranh, kh\u00f4ng th\u00f4ng c\u1ea3m cho nhau.<\/p>\n<p style=\"text-align: justify;\" align=\"JUSTIFY\">\u0110\u1ee9c Ph\u1eadt d\u1ea1y v\u00ed nh\u01b0 con voi ch\u00fang ta l\u00e0 nh\u1eefng k\u1ebb m\u00f9. N\u1ebfu t\u1ed5ng h\u1ee3p \u0111\u01b0\u1ee3c c\u00e1c \u00fd ngh\u0129a \u0111\u00f3, ch\u00fang ta c\u00f3 th\u1ec3 hi\u1ec3u m\u1ed9t c\u00e1ch ch\u00ednh x\u00e1c h\u01a1n. \u0110i\u1ec1u h\u00e0nh m\u1ed9t qu\u1ed1c gia, ch\u00fang ta v\u1ea1ch r\u00f5 \u0111\u01b0\u1eddng h\u01b0\u1edbng kinh t\u1ebf v.v&#8230; cho m\u1ecdi ng\u01b0\u1eddi c\u00f9ng hi\u1ec3u v\u00e0 th\u1ef1c hi\u1ec7n t\u1ed1t \u0111\u1eb9p. \u0110\u00f3 c\u0169ng l\u00e0 &#8220;Ki\u1ebfn h\u00f2a \u0111\u1ed3ng gi\u1ea3i&#8221;. Ngo\u00e0i c\u00e1c tr\u01b0\u1eddng l\u1edbp ch\u00ednh qui, ch\u00fang ta c\u00f2n th\u1ea5y nh\u1eefng l\u1edbp h\u1ecdc t\u00ecnh th\u01b0\u01a1ng, l\u1edbp b\u1ed5 t\u00fac v\u0103n h\u00f3a v.v&#8230; ph\u1ea3i ch\u0103ng x\u00e3 h\u1ed9i \u0111\u00e3 \u0111i \u0111\u00fang l\u1eddi Ph\u1eadt d\u1ea1y m\u1ed9t c\u00e1ch t\u1ed1t \u0111\u1eb9p, c\u00f2n r\u1ea5t nhi\u1ec1u \u0111i\u1ec1u \u0111\u1ec3 ch\u00fang ta h\u00f2a thu\u1eadn gi\u00e3i b\u00e0y cho nhau.<\/p>\n<p style=\"text-align: justify;\" align=\"center\"><big>6\/- L\u1ee3i h\u00f2a \u0111\u1ed3ng qu\u00e2n : (Quy\u1ec1n l\u1ee3i c\u0169ng chia \u0111\u1ec1u nhau)<\/big><\/p>\n<p style=\"text-align: justify;\" align=\"JUSTIFY\">C\u00f3 t\u00e0i l\u1ee3i v\u1eadt th\u1ef1c, \u0111\u1ed3 d\u00f9ng ph\u1ea3i ph\u00e2n chia cho c\u00e2n nhau hay c\u00f9ng nhau th\u1ecd d\u1ee5ng, kh\u00f4ng \u0111\u01b0\u1ee3c chi\u1ebfm l\u00e0m c\u1ee7a ri\u00eang hay gi\u00e0nh ph\u1ea7n nhi\u1ec1u v\u1ec1 minh. \u0110\u1ee9c ph\u1eadt d\u1ea1y : &#8220;C\u00f3 t\u00e0i l\u1ee3i, n\u00ean t\u00f9y thu\u1eadn chia s\u1edbt cho nhau&#8221;. V\u00ec ch\u00fang ta hi\u1ec3u r\u1eb1ng cu\u1ed9c \u0111\u1eddi l\u00e0 v\u00f4 th\u01b0\u1eddng, gi\u00e0u sang ph\u00fa qu\u00fd trong nh\u00e2n gian, nh\u01b0 h\u1ea1t s\u01b0\u01a1ng \u0111\u1ecdng tr\u00ean c\u00e0nh hoa, th\u00ec ch\u1eafc ch\u1eafn s\u1ef1 ch\u00eanh l\u1ec7ch gi\u1eefa gi\u00e0u v\u00e0 ngh\u00e8o s\u1ebd b\u1edbt \u0111i nhi\u1ec1u l\u1eafm, nh\u00e2n lo\u1ea1i s\u1ebd b\u1edbt xung \u0111\u1ed9t nhau h\u01a1n. \u0110\u1ee9c Ph\u1eadt n\u00f3i : &#8220;Kh\u00f4ng c\u00f3 giai c\u1ea5p trong d\u00f2ng m\u00e1u c\u00f9ng \u0111\u1ecf v\u00e0 d\u00f2ng n\u01b0\u1edbc m\u1eaft c\u00f9ng m\u1eb7n&#8221;. S\u1edf d\u0129 c\u00f3 s\u1ef1 gi\u00e0u ngh\u00e8o l\u00e0 do s\u1ef1 sai bi\u1ec7t b\u1edfi nh\u00e2n qu\u1ea3, h\u00e3y gieo nh\u00e2n b\u1ed1 th\u00ed \u0111\u1ec3 c\u00f3 k\u1ebft qu\u1ea3 gi\u00e0u sang. Ch\u00fang ta th\u01b0\u1eddng nghe &#8220;Nh\u01b0\u1eddng c\u01a1m x\u1ebb \u00e1o&#8221;, &#8220;T\u1ed5 ch\u1ee9c l\u01b0\u01a1ng th\u1ef1c th\u1ebf gi\u1edbi&#8221; &#8220;H\u1ed9i T\u1eeb Thi\u1ec7n&#8221; v.v.. \u0110\u00f3 l\u00e0 \u0111\u00e3 th\u1ec3 hi\u1ec7n \u0111\u01b0\u1ee3c tinh th\u1ea7n c\u1ee7a &#8220;L\u1ee3i h\u00f2a \u0111\u1ed3ng qu\u00e2n&#8221;.<\/p>\n<p style=\"text-align: justify;\" align=\"JUSTIFY\">Nh\u01b0 v\u1eady, n\u1ebfu ch\u00fang ta th\u1ef1c h\u00e0nh m\u1ed9t c\u00e1ch tri\u1ec7t \u0111\u1ec3 6 \u0111i\u1ec1u h\u00f2a k\u00ednh n\u00e0y th\u00ec ch\u1eafc ch\u1eafn trong m\u1ed9t \u0111o\u00e0n th\u1ec3, gia \u0111\u00ecnh s\u1ebd h\u00f2a thu\u1eadn, h\u1ea1nh ph\u00fac, x\u00e3 h\u1ed9i \u0111\u01b0\u1ee3c an h\u00f2a, th\u1ecbnh v\u01b0\u1ee3ng, th\u1ebf gi\u1edbi h\u00f2a b\u00ecnh, an l\u1ea1c.<\/p>\n","protected":false},"excerpt":{"rendered":"<p>S\u00e1u ph\u00e1p t\u1ea1o n\u00ean s\u1ef1 h\u00f2a h\u1ee3p trong \u0111\u1eddi s\u1ed1ng c\u1ed9ng \u0111\u1ed3ng TK. Th\u00edch Hu\u1ec7 Ngh\u0129a L\u00e0 m\u1ed9t ph\u01b0\u01a1ng ph\u00e1p m\u00e0 t\u1eeb th\u1eddi \u0110\u1ee9c Ph\u1eadt \u2026 <a class=\"continue-reading-link\" href=\"https:\/\/www.pagodethienminh.fr\/?page_id=1388\">Continue \u00e0 lire <span class=\"meta-nav\">&rarr; <\/span><\/a><\/p>\n","protected":false},"author":1,"featured_media":0,"parent":1599,"menu_order":28,"comment_status":"closed","ping_status":"closed","template":"template-onecolumn.php","meta":{"_mc_calendar":[],"footnotes":""},"class_list":["post-1388","page","type-page","status-publish","hentry"],"_links":{"self":[{"href":"https:\/\/www.pagodethienminh.fr\/index.php?rest_route=\/wp\/v2\/pages\/1388","targetHints":{"allow":["GET"]}}],"collection":[{"href":"https:\/\/www.pagodethienminh.fr\/index.php?rest_route=\/wp\/v2\/pages"}],"about":[{"href":"https:\/\/www.pagodethienminh.fr\/index.php?rest_route=\/wp\/v2\/types\/page"}],"author":[{"embeddable":true,"href":"https:\/\/www.pagodethienminh.fr\/index.php?rest_route=\/wp\/v2\/users\/1"}],"replies":[{"embeddable":true,"href":"https:\/\/www.pagodethienminh.fr\/index.php?rest_route=%2Fwp%2Fv2%2Fcomments&post=1388"}],"version-history":[{"count":5,"href":"https:\/\/www.pagodethienminh.fr\/index.php?rest_route=\/wp\/v2\/pages\/1388\/revisions"}],"predecessor-version":[{"id":3397,"href":"https:\/\/www.pagodethienminh.fr\/index.php?rest_route=\/wp\/v2\/pages\/1388\/revisions\/3397"}],"up":[{"embeddable":true,"href":"https:\/\/www.pagodethienminh.fr\/index.php?rest_route=\/wp\/v2\/pages\/1599"}],"wp:attachment":[{"href":"https:\/\/www.pagodethienminh.fr\/index.php?rest_route=%2Fwp%2Fv2%2Fmedia&parent=1388"}],"curies":[{"name":"wp","href":"https:\/\/api.w.org\/{rel}","templated":true}]}}