{"id":1366,"date":"2011-10-13T08:44:31","date_gmt":"2011-10-13T08:44:31","guid":{"rendered":"http:\/\/www.pagodethienminh.fr\/?page_id=1366"},"modified":"2013-03-13T20:04:03","modified_gmt":"2013-03-13T20:04:03","slug":"ga-xe-l%e1%bb%ada-va-nh%e1%bb%afng-chuy%e1%ba%bfn-tau","status":"publish","type":"page","link":"https:\/\/www.pagodethienminh.fr\/?page_id=1366","title":{"rendered":"Ga Xe L\u1eeda V\u00e0 Nh\u1eefng Chuy\u1ebfn T\u00e0u"},"content":{"rendered":"<p style=\"text-align: justify;\">H\u00f4m kia, c\u00f3 m\u1ed9t v\u00e0i n\u01a1i m\u1eddi \u0111i gi\u1ea3ng ph\u00e1p, Nh\u00e0 S\u01b0 \u00f4m b\u00e1t c\u00f9ng v\u1edbi Li\u1ec5u Minh l\u00ean \u0111\u01b0\u1eddng. Tr\u1eddi n\u1eafng nh\u01b0 \u0111\u1ed5 l\u1eeda, s\u00e2n ga \u0111\u1ea7y ng\u01b0\u1eddi. Nh\u00ecn c\u1ea3nh chen ch\u00fac h\u1ed7n lo\u1ea1n, Li\u1ec5u Minh bu\u1ed9t mi\u1ec7ng than:<\/p>\n<p style=\"text-align: justify;\">&#8211; \u00d4i! Thi\u1ec7t l\u00e0 c\u00e1i \u0111\u1ecba ng\u1ee5c tr\u1ea7n gian!<\/p>\n<p style=\"text-align: justify;\">Nh\u00e0 S\u01b0 v\u00e0 Li\u1ec5u Minh \u0111\u1ee9ng t\u1ea7n ng\u1ea7n tr\u01b0\u1edbc m\u1ed9t \u0111\u00e1m \u0111\u00f4ng \u0111ang c\u00e3i v\u1ea3, ch\u1eedi m\u1eafng, x\u00f4 \u0111\u1ea9y nhau, ch\u01b0a bi\u1ebft ph\u1ea3i b\u01b0\u1edbc \u0111i l\u1ed1i n\u00e0o; th\u00ec t\u1eeb ph\u00eda sau l\u01b0ng, m\u1ed9t bi\u1ec3n ng\u01b0\u1eddi \u1eadp \u0111\u1ebfn. Ti\u1ebfng kh\u00f3c, ti\u1ebfng la vang l\u00ean. C\u00e1i tay, c\u00e1i ch\u00e2n, th\u00fang m\u1ee7ng, bao b\u00ec, t\u00f3c tai, n\u00f3n x\u00e1ch, gu\u1ed1c d\u00e9p, n\u1ed3i ni\u00eau, soong ch\u1ea3o, quang g\u00e1nh\u2026 c\u00f9ng v\u1edbi bao nhi\u00eau th\u1ee9 kh\u00e1c b\u1ecb l\u00f9a \u0111i, b\u1ecb \u0111\u1ea9y \u0111i, ch\u1ea5t ch\u1ed3ng, h\u1ed7n lo\u1ea1n. Bi\u1ec3n \u00e2m thanh t\u1ea1p n\u00e1o. R\u1eebng \u1ea3nh t\u01b0\u1ee3ng quay cu\u1ed3ng. T\u1eebng con ng\u01b0\u1eddi g\u1ea7y kh\u00f4, xanh xao, h\u1edbt h\u00e3i. T\u1eebng g\u01b0\u01a1ng m\u1eb7t lo \u00e2u, m\u1ea5t s\u1eafc, nh\u1ec5 nh\u1ea1i m\u1ed3 h\u00f4i\u2026<\/p>\n<p style=\"text-align: justify;\">Khi tho\u00e1t ra kh\u1ecfi \u0111\u00e1m \u0111\u00f4ng, Nh\u00e0 S\u01b0 m\u1edbi bi\u1ebft r\u1eb1ng m\u00ecnh \u0111\u00e3 v\u00e0o \u0111\u01b0\u1ee3c s\u00e2n ga. Li\u1ec5u Minh t\u1eeb \u0111\u1eb1ng xa ch\u1ea1y t\u1edbi:<\/p>\n<p style=\"text-align: justify;\">&#8211; Con th\u1ea5y Th\u1ea7y b\u1ecb ng\u01b0\u1eddi ta \u0111\u1ea9y x\u00f4, nghi\u00eang b\u00ean ng\u00e0y, ng\u1ea3 b\u00ean kia\u2026 m\u00e0 con kh\u00f4ng th\u1ec3 gi\u00fap Th\u1ea7y \u0111\u01b0\u1ee3c.<\/p>\n<p style=\"text-align: justify;\">Nh\u00e0 S\u01b0 tr\u1edf l\u1ea1i ngay v\u1edbi \u00ab\u00a0Ph\u00e1p ng\u1eef\u00a0\u00bb \u0111\u1ec3 gi\u00e1o hu\u1ea5n \u0111\u1ed3 \u0111\u1ec7:<\/p>\n<p style=\"text-align: justify;\">&#8211; Trong cu\u1ed9c sinh t\u1eed l\u00eanh \u0111\u00eanh v\u00f4 \u0111\u1ecbnh, trong d\u00f2ng tr\u00f4i l\u0103n c\u1ee7a nghi\u1ec7p b\u00e1o, con \u1ea1, kh\u00f4ng ai c\u00f3 th\u1ec3 gi\u00fap ai! M\u1ed7i ng\u01b0\u1eddi h\u00e3y t\u1ef1 c\u1ee9u m\u00ecnh.<\/p>\n<p style=\"text-align: justify;\">L\u1eb3ng l\u1eb7ng nh\u00ecn Nh\u00e0 S\u01b0, gi\u1ecdng Li\u1ec5u Minh \u0111\u1ea7y x\u00fac \u0111\u1ed9ng:<\/p>\n<p style=\"text-align: justify;\">&#8211; Tr\u00e1n Th\u1ea7y r\u01b0\u1edbm m\u00e1u, y Th\u1ea7y c\u0169ng r\u00e1ch n\u1eefa!<\/p>\n<p style=\"text-align: justify;\">&#8211; Ph\u1ea3i, ch\u00fang sanh ai r\u1ed3i c\u0169ng ph\u1ea3i b\u1ecb r\u00e1ch da, r\u01b0\u1edbm m\u00e1u, b\u1ecb ch\u1eb7t \u0111\u1ea7u, b\u1ecb treo c\u1ed5, b\u1ecb m\u00f3c ru\u1ed9t, b\u1ecb phanh th\u00e2y, x\u00e1c tr\u00f4i tr\u00ean d\u00f2ng, x\u01b0\u01a1ng ph\u01a1i gi\u1eefa ngh\u0129a \u0111\u1ecba, gi\u1eefa sa tr\u01b0\u1eddng\u2026 Trong c\u00f5i t\u1eed bi\u1ec7t, sinh ly, chi\u1ebfn tranh, m\u00e1u l\u1eeda, n\u01b0\u1edbc m\u1eaft, th\u1ed1ng kh\u1ed5, ho\u1ea1n n\u1ea1n\u2026 l\u00e0 n\u01a1i ch\u1ed1n m\u00e0 ch\u00fang sanh chen ch\u00fac, x\u00f4 \u0111\u1ea9y nhau \u0111\u1ec3 \u0111i v\u00e0o. Con \u1ea1, \u00ab\u00a0tam gi\u1edbi b\u1ea5t an do nh\u01b0 h\u1ecfa tr\u1ea1ch\u00a0\u00bb [Ba c\u00f5i kh\u00f4ng an, nh\u01b0 \u1edf trong nh\u00e0 l\u1eeda.}. Do v\u1eady, n\u01a1i ba c\u00f5i s\u00e1u \u0111\u01b0\u1eddng, v\u00e0o ra l\u00ean xu\u1ed1ng \u0111\u00f3, ai l\u00e0 ng\u01b0\u1eddi th\u1eadt s\u1ef1 c\u00f3 \u0111\u01b0\u1ee3c s\u1ef1 an b\u00ecnh? Ai l\u00e0 ng\u01b0\u1eddi ch\u1eb3ng \u0111\u1ed5 m\u1ed3 h\u00f4i khi nghi\u1ec7p l\u1ef1c l\u00f4i \u0111i kh\u00f4ng c\u01b0\u1ee1ng \u0111\u01b0\u1ee3c? Ch\u00fang sanh v\u1eabn b\u1ecb cu\u1ed1n tr\u00f4i, b\u1ecb h\u00fat \u0111i ho\u00e0i ho\u00e0i, tri\u1ec1n mi\u00ean nh\u01b0 v\u1eady \u0111\u00f3 con \u00e0!<\/p>\n<p style=\"text-align: justify;\">\u0110\u1ee3i cho m\u1ecdi ng\u01b0\u1eddi l\u00ean h\u1ebft, Nh\u00e0 S\u01b0 v\u1edbi Li\u1ec5u Minh m\u1edbi ki\u1ebfm \u0111\u01b0\u1ee3c m\u1ed9t ch\u1ed7 \u0111\u1ee9ng g\u1ea7n c\u1eeda l\u1edbn &#8211; trong l\u00fac s\u00f3ng ng\u01b0\u1eddi v\u00e0 h\u00e0ng h\u00f3a v\u1eabn c\u00f2n \u0111ang di chuy\u1ec3n, t\u1ea5p n\u00ean, \u0111\u1ea9y l\u00ean. Ng\u01b0\u1eddi ta ch\u1ea5t l\u00ean vai, qu\u1eb3ng l\u00ean l\u01b0ng, th\u1ea3y l\u00ean \u0111\u1ea7u&#8230; Li\u1ec5u Minh h\u00e9t l\u00ean:<\/p>\n<p style=\"text-align: justify;\">&#8211; M\u1ea5y ng\u01b0\u1eddi chi l\u1ea1 r\u1ee9a? Ph\u1ea3i \u0111\u1ec3 cho Th\u1ea7y t\u00f4i th\u1edf v\u1edbi ch\u1ee9!<\/p>\n<p style=\"text-align: justify;\">Nh\u00e0 S\u01b0 nghi\u00eang ng\u01b0\u1eddi ra kh\u1ecfi ki\u1ec7n h\u00e0ng to t\u01b0\u1edbng, kh\u1ebd m\u1ec9m c\u01b0\u1eddi cho Li\u1ec5u Minh an t\u00e2m:<\/p>\n<p style=\"text-align: justify;\">&#8211; Th\u1ea7y c\u00f2n c\u00f3 ch\u1ed7 th\u1edf, kh\u00f4ng sao \u0111\u00e2u, con h\u00e3y b\u00ecnh t\u0129nh l\u1ea1i! Con \u1ea1, d\u00f9 b\u1ea5t c\u1ee9 ho\u00e0n c\u1ea3nh n\u00e0o, ch\u00fang ta c\u0169ng ph\u1ea3i gi\u1eef tr\u1ea7m t\u0129nh, bi\u1ebft nh\u1eabn n\u1ea1i v\u00e0 bi\u1ebft c\u1ea3m th\u00f4ng.<\/p>\n<p style=\"text-align: justify;\">V\u1eabn mu\u1ed1n cho Nh\u00e0 S\u01b0 c\u00f3 m\u1ed9t ch\u1ed7 \u0111\u1ee9ng th\u1eb3ng l\u01b0ng, Li\u1ec5u Minh ph\u1ea3i gi\u1eb1ng co, l\u00f4i k\u00e9o v\u1edbi m\u1ea5y ng\u01b0\u1eddi ch\u1edf h\u00e0ng. Nh\u00e0 S\u01b0 n\u00e9p m\u00ecnh v\u00e0o m\u1ed9t g\u00f3c, n\u1eafm tay Li\u1ec5u Minh v\u00e0 n\u00f3i r\u1eb1ng:<\/p>\n<p style=\"text-align: justify;\">&#8211; Con \u0111\u1eebng t\u1ea1o th\u00eam c\u1ea3nh h\u1ed7n lo\u1ea1n n\u1eefa, ph\u1ea3i gi\u1eef t\u00e2m b\u00ecnh l\u1eb7ng v\u00e0 b\u1ea5t tranh v\u1edbi cu\u1ed9c \u0111\u1eddi! Con h\u00e3y suy ngh\u0129 s\u00e2u xa t\u1eeb b\u00e0i h\u1ecdc n\u00e0y l\u00e0: n\u1ebfu tr\u00ean th\u1ebf gian, ai c\u0169ng \u0111\u00f2i m\u1ed9t ch\u1ed7 \u0111\u1ee9ng ti\u1ec7n nghi, an to\u00e0n, b\u1ea3o \u0111\u1ea3m&#8230; th\u00ec bi\u1ebft bao nhi\u00eau th\u1ea3m c\u1ea3nh s\u1ebd x\u1ea3y ra, con c\u00f3 th\u1ec3 t\u01b0\u1edfng t\u01b0\u1ee3ng \u0111\u01b0\u1ee3c r\u1ed3i ch\u1ee9?<\/p>\n<p style=\"text-align: justify;\">Li\u1ec5u Minh l\u1eb7ng ng\u01b0\u1eddi \u0111i:<\/p>\n<p style=\"text-align: justify;\">&#8211; D\u1ea1, l\u00e0 s\u1ebd sinh ra c\u1ea3nh ch\u00e9m gi\u1ebft, gi\u1eadt gi\u00e0nh, h\u1eadn th\u00f9, m\u01b0u s\u00e2u, k\u1ebf hi\u1ec3m&#8230; B\u1ea1ch Th\u1ea7y con \u0111\u00e3 hi\u1ec3u v\u1eady, nh\u01b0ng sao t\u00e2m con v\u1eabn b\u1ea5t an? Con th\u01b0\u01a1ng Th\u1ea7y, m\u00e0 c\u0169ng y\u00eau th\u01b0\u01a1ng m\u1ecdi ng\u01b0\u1eddi! \u00d4i, ai g\u00e2y ra chi c\u1ea3nh!?<\/p>\n<p style=\"text-align: justify;\">&#8211; \u0110\u1eebng y\u1ebfu \u0111u\u1ed1i, \u0111\u1eebng n\u1ea3n l\u00f2ng, h\u1ee1i con! Ng\u01b0\u1eddi tu s\u0129 l\u1eadp h\u1ea1nh th\u00ec ma ch\u01b0\u1edbng ch\u1eebng n\u00e0o, ch\u00ed nguy\u1ec7n c\u1ee7a ta c\u00e0ng b\u1ea5t khu\u1ea5t, ki\u00ean c\u01b0\u1eddng ch\u1eebng \u0111\u00f3. Con h\u00e3y t\u00e2m ni\u1ec7m nh\u01b0 v\u1eady.<\/p>\n<p style=\"text-align: justify;\">&#8211; Con hi\u1ec3u. Nh\u01b0ng nh\u1eefng th\u1ef1c tr\u1ea1ng n\u00e0y, nh\u1eefng \u0111\u00f3i r\u00e9t, th\u1ed1ng kh\u1ed5, \u1edf \u0111\u1ee3, \u0103n xin, t\u1eadt nguy\u1ec1n, tr\u1ed9m c\u1eafp, ch\u1eedi r\u1ee7a b\u00e1t nh\u00e1o nh\u01b0 th\u1ebf n\u00e0y, ai l\u00e0 ng\u01b0\u1eddi ch\u1ecbu tr\u00e1ch nhi\u1ec7m?<\/p>\n<p style=\"text-align: justify;\">&#8211; L\u00e0 tr\u00e1ch nhi\u1ec7m c\u1ee7a Th\u1ea7y v\u00e0 con \u0111\u1ea5y!<\/p>\n<p style=\"text-align: justify;\">&#8211; Ch\u00fang ta? Sao l\u1ea1i?!<\/p>\n<p style=\"text-align: justify;\">&#8211; Ph\u1ea3i! M\u1ed9t ti\u1ebfng c\u00e1 qu\u1eaby \u0111u\u00f4i ngo\u00e0i \u0110\u00f4ng H\u1ea3i \u1ea3nh h\u01b0\u1edfng \u0111\u1ebfn c\u01a1n gi\u00f3 b\u0103ng qua l\u1ee5c \u0111\u1ecba! M\u1ed9t n\u1ea1n l\u1ee5t cu\u1ed1n tr\u00f4i m\u00f9a m\u00e0ng b\u00ean \u1ea4n \u0110\u1ed9, c\u00f3 th\u1ec3 c\u0169ng do t\u1eeb m\u1ed9t \u0111\u00e1m ng\u01b0\u1eddi \u0111\u1ed1t r\u1eaby tr\u00ean n\u00fai kia! \u1ea2nh h\u01b0\u1edfng tinh th\u1ea7n m\u00e0 v\u1eadt ch\u1ea5t kh\u00f4ng t\u00ecm ra k\u1ebb h\u1edf. V\u1ea1n v\u1eadt v\u1ed1n n\u01b0\u01a1ng nhau m\u00e0 t\u1ed3n t\u1ea1i, n\u01b0\u01a1ng nhau m\u00e0 h\u1ee7y di\u1ec7t. C\u00e1i n\u00e0y sinh th\u00ec c\u00e1i kia sinh trong m\u1ed9t m\u1eafc x\u00edch li\u00ean \u0111\u1edbi tr\u00f9ng tr\u00f9ng. Do v\u1eady, c\u00e1i \u0103n, c\u00e1i m\u1eb7c, c\u1ee7 khoai, c\u1ee7 s\u1eafn, \u0111\u00f4i d\u00e9p, s\u1ee3i ch\u1ec9, c\u00e2y kim&#8230; v\u1ed1n \u0111\u01b0\u1ee3c l\u00e0m t\u1eeb \u0111\u00e1m ch\u00fang sanh h\u1ed7n lo\u1ea1n kia, ch\u00fang ta s\u1eed d\u1ee5ng nh\u1eefng th\u1ee9 \u1ea5y, th\u00ec ch\u1eafc ch\u1eafn ch\u00fang ta ph\u1ea3i c\u00f3 d\u1ef1 ph\u1ea7n trong tr\u00e1ch nhi\u1ec7m li\u00ean \u0111\u1edbi chung. S\u1ed1ng tr\u00ean c\u00f5i d\u1eddi n\u00e0y l\u00e0 ch\u00fang ta \u0111\u00e3 m\u1eafc n\u1ee3 \u00e2n ch\u00fang sanh, \u00e2n x\u00e3 h\u1ed9i.<\/p>\n<p style=\"text-align: justify;\">Li\u1ec5u Minh th\u1edf ra:<\/p>\n<p style=\"text-align: justify;\">&#8211; Con hi\u1ec3u. Nh\u01b0ng \u00fd con mu\u1ed1n h\u1ecfi: nh\u1eefng c\u1ea3nh h\u1ed7n lo\u1ea1n n\u00e0y, nguy\u00ean nh\u00e2n ch\u00ednh do \u0111\u00e2u m\u00e0 c\u00f3?<\/p>\n<p style=\"text-align: justify;\">Nh\u00e0 S\u01b0 \u00f4n t\u1ed3n gi\u1ea3i th\u00edch:<\/p>\n<p style=\"text-align: justify;\">&#8211; Kh\u00f4ng ph\u1ea3i do ho\u00e0n c\u1ea3nh chi\u1ebfn tranh v\u00e0 x\u00e3 h\u1ed9i, kh\u00f4ng ph\u1ea3i do ng\u1eabu nhi\u00ean, do t\u1ea5t \u0111\u1ecbnh, do b\u1ea5t \u0111\u1ecbnh, do t\u1ef1 nhi\u00ean, do thi\u00ean nhi\u00ean, do c\u00e1c n\u0103ng l\u1ef1c si\u00eau nhi\u00ean m\u00f9 qu\u00e1ng, do Th\u01b0\u1ee3ng \u0110\u1ebf, do kinh t\u1ebf ho\u1eb7c m\u1ed9t v\u00e0i nguy\u00ean nh\u00e2n kh\u00e1ch quan \u1edf b\u00ean ngo\u00e0i. C\u00e1i h\u1ed7n lo\u1ea1n gi\u1eadt gi\u00e0nh, tr\u1ed9m c\u1eafp, ch\u1eedi r\u1ee7a, chen l\u1ea5n, x\u00f4 \u0111\u1ea9y&#8230; v\u1ed1n c\u00f3 s\u1eb5n b\u00ean trong t\u00e2m \u0111\u1ecba c\u1ee7a con ng\u01b0\u1eddi; g\u1eb7p duy\u00ean thu\u1eadn l\u1ee3i n\u00f3 s\u1ebd hi\u1ec7n h\u00e0nh, hi\u1ec3n l\u1ed9 ra b\u00ean ngo\u00e0i. Do v\u1eady, d\u1ee9t c\u00e1i b\u00ean trong, \u0111\u1eebng \u0111\u1ec3 cho tham, s\u00e2n \u1edf b\u00ean trong chi ph\u1ed1i, th\u00ec c\u00e1i c\u1ea3nh h\u1ed7n lo\u1ea1n kia s\u1ebd ch\u1ea5m d\u1ee9t; t\u1ef1 n\u00f3 s\u1ebd ch\u1ea5m d\u1ee9t m\u00e0 kh\u00f4ng c\u1ea7n b\u1ea5t c\u1ee9 m\u1ed9t bi\u1ec7n ph\u00e1p k\u1ef7 lu\u1eadt, gi\u00e1o d\u1ee5c, kinh t\u1ebf hay m\u1ed9t bi\u1ec7n ph\u00e1p x\u00e3 h\u1ed9i, ch\u00ednh tr\u1ecb n\u00e0o!<\/p>\n<p style=\"text-align: justify;\">&#8211; Con \u0111\u00e3 hi\u1ec3u!<\/p>\n<p style=\"text-align: justify;\">*<\/p>\n<p style=\"text-align: justify;\">\u0110\u1ebfn ga, m\u1ed9t s\u1ed1 h\u00e0nh kh\u00e1ch xu\u1ed1ng, m\u1ed9t s\u1ed1 kh\u00e1ch l\u00ean, h\u00e0ng h\u00f3a xu\u1ed1ng, h\u00e0ng h\u00f3a l\u00ean. Nh\u00e0 S\u01b0 v\u00e0 Li\u1ec5u Minh \u0111\u00e3 c\u00f3 \u0111\u01b0\u1ee3c m\u1ed9t kho\u1ea3ng kh\u00ed tr\u1eddi \u0111\u1ec3 th\u1edf. G\u1ea1o, b\u1eafp, s\u1eafn, khoai, rau, g\u1ed3ng, g\u00e1nh&#8230; b\u00e2y gi\u1edd \u0111\u00e3 \u1edf y\u00ean v\u1ecb tr\u00ed c\u1ee7a n\u00f3. Li\u1ec5u Minh n\u00f3i:<\/p>\n<p style=\"text-align: justify;\">&#8211; \u00d4i! S\u00e2n ga v\u00e0 chuy\u1ebfn t\u00e0u! Cu\u1ed9c \u0111\u1eddi v\u00e0 con ng\u01b0\u1eddi! B\u1ea1ch Th\u1ea7y, con nghe nh\u01b0 c\u00f3 m\u1ed9t c\u00e1i g\u00ec li\u00ean h\u1ec7 th\u1eadt kh\u1eafng kh\u00edt!<\/p>\n<p style=\"text-align: justify;\">&#8211; Ph\u1ea3i! Cu\u1ed9c \u0111\u1eddi mu\u1ed1n h\u1ebft tao lo\u1ea1n, l\u1ea7m than, y\u1ebfu t\u1ed1 c\u1ea7n v\u00e0 \u0111\u1ee7 l\u00e0 con ng\u01b0\u1eddi ph\u1ea3i bi\u1ebft thi\u1ebft l\u1eadp m\u1ed9t n\u1ec1n v\u0103n h\u00f3a n\u1ed9i t\u00e2m, m\u1ed9t n\u1ec1n h\u00f2a b\u00ecnh n\u1ed9i t\u00e2m. C\u00e1c chuy\u1ebfn t\u00e0u mu\u1ed1n c\u00f3 tr\u1eadt t\u1ef1 th\u00ec s\u00e2n ga ph\u1ea3i bi\u1ebft thu x\u1ebfp cho \u1ed5n \u0111\u1ecbnh. N\u1ebfu con mu\u1ed1n c\u00f3 \u0111\u01b0\u1ee3c nh\u1eefng chuy\u1ebfn t\u00e0u ra \u0111i \u0111\u1ea7y an vui, tho\u1ea3i m\u00e1i, con ph\u1ea3i bi\u1ebft l\u1ea5y GI\u1edaI \u0111\u1ec3 \u1ed5n \u0111\u1ecbnh c\u00e1i S\u00c2N GA c\u1ee7a con &#8211; c\u00e1i s\u00e2n ga \u0111\u1ea7y t\u1ed9i ph\u1ea1m, t\u00e0 v\u1ea1y, b\u1ea5t ch\u00e1nh, d\u1ed1i tr\u00e1, t\u1eadt nguy\u1ec1n, x\u1ea5u xa, \u00edch k\u1ef7, ki\u00eau c\u0103ng v\u00e0 b\u1ea3n n\u0103ng&#8230; c\u1ee7a m\u00ecnh! Con ph\u1ea3i qu\u00e9t s\u1ea1ch c\u00e1i S\u00c2N GA c\u1ee7a con b\u1eb1ng ch\u1ed5i Tu\u1ec7 Minh S\u00e1t. Con ph\u1ea3i r\u01b0\u1edbi n\u01b0\u1edbc t\u1eeb bi m\u00e1t d\u1ecbu l\u00ean nh\u1eefng t\u00e2m ni\u1ec7m n\u00f3ng n\u1ea3y, b\u1ea5t b\u00ecnh. Con ph\u1ea3i nh\u1eabn n\u1ea1i, ch\u0103m chuy\u00ean, tinh t\u1ea5n t\u1eebng ng\u00e0y, t\u1eebng gi\u1edd, t\u1eebng gi\u00e2y, t\u1eebng kh\u1eafc \u0111\u1ec3 l\u00e0m v\u1eafng l\u1eb7ng c\u00e1i S\u00c2N GA c\u1ee7a con b\u1eb1ng gi\u00e1o ph\u00e1p t\u1ed1i th\u01b0\u1ee3ng, th\u00ec ch\u1eafc ch\u1eafn nh\u1eefng chuy\u1ebfn t\u00e0u ra \u0111i s\u1ebd t\u1eeb an l\u1ea1c m\u00e0 \u0111\u1ebfn n\u01a1i an l\u1ea1c. N\u1ec1n t\u1ea3ng c\u1ee7a Ng\u0169 Gi\u1edbi l\u00e0 \u0111i\u1ec1u ki\u1ec7n c\u1ea7n v\u00e0 \u0111\u1ee7 cho an l\u1ea1c nh\u00e2n sinh, \u1ea5m no v\u00e0 h\u1ea1nh ph\u00fac c\u1ee7a con ng\u01b0\u1eddi.<\/p>\n<p style=\"text-align: justify;\">Li\u1ec5u Minh nh\u01b0 u\u1ed1ng c\u1ea1n nh\u1eefng l\u1eddi gi\u00e1o gi\u1edbi c\u1ee7a Nh\u00e0 S\u01b0. Ch\u00fa n\u00f3i:<\/p>\n<p style=\"text-align: justify;\">&#8211; V\u00ec thi\u1ebfu gi\u1edbi n\u00ean nh\u1eefng chuy\u1ebfn t\u00e0u mang s\u1ef1 h\u1ed7n lo\u1ea1n ra \u0111i. Ph\u01b0\u01a1ng tr\u1eddi n\u00e0o s\u1ebd \u0111\u00f3n \u0111\u1ee3i nh\u1eefng chuy\u1ebfn t\u00e0u t\u1ed1c h\u00e0nh thi\u00ean l\u00fd \u1ea5y? Con \u0111\u00e3 bi\u1ebft. Con \u0111\u00e3 th\u1ea5y. Nh\u1eefng kh\u1ed5 c\u1ea3nh \u0111\u1ecba ng\u1ee5c, ng\u1ea1 qu\u1ef7, s\u00fac sanh, atula&#8230; s\u1ebd ch\u1edd \u0111\u00f3n ch\u00fang m\u00e0 th\u00f4i!<\/p>\n<p style=\"text-align: justify;\">Nh\u00ecn \u0111\u1ec7 t\u1eed b\u1eb1ng t\u1ea5t c\u1ea3 s\u1ef1 quan t\u00e2m, Nh\u00e0 S\u01b0 n\u00f3i:<\/p>\n<p style=\"text-align: justify;\">&#8211; Con \u1ea1! &#8220;Nh\u00e2n th\u00e2n nan \u0111\u1eafc, Ph\u1eadt ph\u00e1p nan v\u0103n&#8221; [Th\u00e2n ng\u01b0\u1eddi kh\u00f3 \u0111\u01b0\u1ee3c, Ph\u1eadt ph\u00e1p kh\u00f3 nghe &#8212; kh\u00f3 v\u00ec \u0111i ng\u01b0\u1ee3c d\u00f2ng \u0111\u1eddi]. Ch\u00fang ta duy\u00ean may c\u00f3 \u0111\u01b0\u1ee3c th\u00e2n ng\u01b0\u1eddi, tr\u1ecdn v\u1eb9n th\u00e2n th\u1ec3, t\u1ee9 chi, tr\u00ed \u00f3c, t\u00e2m h\u1ed3n v\u00e0 ng\u0169 quan, l\u1ea1i nghe \u0111\u01b0\u1ee3c ph\u00e1p Ph\u1eadt, th\u00ec ch\u00fang ta h\u00e3y c\u1ed1 g\u1eafng tu tr\u00ec. M\u1ed9t b\u01b0\u1edbc l\u1ea7m l\u1ea1c sa ch\u00e2n th\u00ec mu\u00f4n \u0111\u1eddi r\u01a1i v\u00e0o v\u1ef1c th\u1eb3m, ch\u00ecm v\u00e0o b\u00f3ng t\u1ed1i kh\u1ed5 \u0111au kh\u00f3 c\u00f3 c\u01a1 h\u1ed9i \u0111\u1ec3 tho\u00e1t ra. V\u1eady con h\u00e3y kh\u1eafc ghi trong t\u00e2m kh\u1ea3m nh\u1eefng \u0111i\u1ec1u Th\u1ea7y \u0111\u00e3 gi\u00e1o gi\u1edbi!<\/p>\n<p style=\"text-align: justify;\">&#8211; D\u1ea1, b\u1ea1ch Th\u1ea7y! Nh\u01b0 l\u00e0 l\u1eddi th\u1ec1 ch\u00e9m \u0111\u00e1, con \u0111\u00e3 c\u01b0\u01a1ng quy\u1ebft ra \u0111i, \u00edt nh\u1ea5t l\u00e0 kh\u00f4ng bao gi\u1edd c\u00f2n r\u01a1i v\u00e0o b\u1ed1n \u00e1c \u0111\u1ea1o.<\/p>\n<p style=\"text-align: justify;\">&#8211; L\u00e0nh thay! Th\u1ea7y tin t\u01b0\u1edfng con s\u1ebd l\u00e0m \u0111\u01b0\u1ee3c \u0111i\u1ec1u \u0111\u00f3!<\/p>\n<p style=\"text-align: justify;\">*<\/p>\n<p style=\"text-align: justify;\">Sau nh\u1eefng th\u1eddi thuy\u1ebft ph\u00e1p \u0111\u00f3 \u0111\u00e2y, Nh\u00e0 S\u01b0 n\u00f3i v\u1edbi Li\u1ec5u Minh, \u0111\u1ea1i \u00fd r\u1eb1ng, th\u1ebf gian c\u00f3 tai m\u00e0 kh\u00f3 c\u00f3 ng\u01b0\u1eddi nghe; th\u1ebf gian c\u00f3 tr\u00ed nh\u01b0ng tr\u00ed \u1ea5y ki\u00eau c\u0103ng, \u0111\u1eb7c \u0111\u1ea7y ch\u1eef ngh\u0129a, s\u1edf tri, m\u1ed9t chi\u1ec1u, ch\u1ec9 mong nh\u1ed3i nh\u00e9t cho \u0111\u1ea7y d\u1ee5c v\u1ecdng ki\u1ebfn th\u1ee9c; c\u00f2n tr\u00ed \u0111\u1ec3 th\u1ea5y \u0111\u01b0\u1ee3c gi\u00e1o ph\u00e1p nh\u01b0 th\u1ef1c, c\u1ee5 th\u1ec3, thi\u1ebft th\u1ef1c hi\u1ec7n t\u1ea1i, v\u01b0\u1ee3t th\u1eddi gian\u2026 th\u00ec nh\u01b0 b\u00e3i c\u00e1t t\u00ecm kim, m\u00f2 ch\u00e2u \u0111\u00e1y bi\u1ec3n! Th\u1ea3ng ho\u1eb7c, kh\u00f4ng th\u1ebf, th\u00ec h\u1ecd c\u1ea7u l\u1ed9c, c\u1ea7u t\u00e0i, c\u1ea7u ph\u01b0\u1edbc, c\u1ea7u vinh th\u00e2n ph\u00ec gia, c\u1ea7u tri\u1ec7u ph\u00fa, c\u1ea7u ho\u00e0ng \u0111\u1ebf\u2026! Kh\u00f4ng nh\u01b0 th\u1ebf th\u00ec h\u1ecd l\u1ea1i h\u1eb9n, l\u1ea1i ch\u1edd, mong m\u1ed9t t\u01b0\u01a1ng lai kh\u00e1c, m\u1ed9t th\u1ebf gi\u1edbi kh\u00e1c, m\u1ed9t ch\u1ed7 m\u00e0 h\u1ea1nh ph\u00fac h\u1eefu vi \u0111\u01b0\u1ee3c khu\u1ebfch \u0111\u1ea1i \u0111\u1ebfn t\u1ed9t c\u00f9ng\u2026 \u00d4i! Kh\u00f3 thay! \u0110\u1ea1o ta kh\u00f4ng n\u00f3i \u0111\u01b0\u1ee3c n\u1eefa r\u1ed3i!<\/p>\n<p style=\"text-align: justify;\">&#8211; Th\u00f4i, v\u1ec1 con!<\/p>\n<p style=\"text-align: justify;\">Th\u1ebf l\u00e0 hai th\u1ea7y tr\u00f2 l\u1ea1i l\u1ea7m l\u0169i c\u00f4 \u0111\u01a1n tr\u00ean l\u1ed1i v\u1ec1. \u0110\u01b0\u1eddng xa v\u1ea5t v\u1ea3, c\u1ea3nh c\u0169 l\u1ea1i t\u00e1i di\u1ec5n, nh\u01b0ng tr\u00f4ng Li\u1ec5u Minh \u0111\u00e3 c\u00f3 v\u1ebb ch\u1eefng ch\u1ea1c h\u01a1n, v\u1eafng l\u1eb7ng h\u01a1n, m\u00e1t m\u1ebb h\u01a1n. Nh\u00e0 S\u01b0 m\u1eebng m\u00e0 n\u00f3i r\u1eb1ng:<\/p>\n<p style=\"text-align: justify;\">&#8211; Con \u0111\u00e3 h\u1ecdc \u0111\u01b0\u1ee3c nhi\u1ec1u h\u01a1n l\u00e0 Th\u1ea7y t\u01b0\u1edfng, th\u1ea7y vui l\u00f2ng l\u1eafm, con c\u00f3 bi\u1ebft kh\u00f4ng?<\/p>\n<p style=\"text-align: justify;\">Li\u1ec5u Minh c\u00fai \u0111\u1ea7u nh\u0169n nh\u1eb7n:<\/p>\n<p style=\"text-align: justify;\">&#8211; B\u1ea1ch Th\u1ea7y, con v\u1eabn ch\u01b0a x\u1ee9ng \u0111\u00e1ng.<\/p>\n<p style=\"text-align: justify;\">B\u01b0\u1edbc v\u00e0o c\u1ed5ng ch\u00f9a, c\u00e2y xanh m\u00e1t m\u1ebb, gi\u00f3 th\u1ed5i r\u00ec r\u00e0o, hoa n\u1edf \u0111\u00f3 \u0111\u00e2y, Li\u1ec5u Minh r\u01b0ng r\u01b0ng n\u01b0\u1edbc m\u1eaft:<\/p>\n<p style=\"text-align: justify;\">&#8211; Th\u1eadt v\u1eafng l\u1eb7ng b\u00ecnh y\u00ean! B\u1ea1ch Th\u1ea7y, \u0111\u00e2y \u0111\u00fang l\u00e0 qu\u00ea h\u01b0\u01a1ng, ch\u01b0a d\u00e1m n\u00f3i l\u00e0 c\u1ea3nh Ph\u1eadt, nh\u01b0ng \u0111\u00e2u c\u00f3 kh\u00e1c n\u01b0\u1edbc Nh\u01b0\u1ee3c, non B\u1ed3ng? Kh\u1eafp n\u01a1i tr\u00ean tr\u00e1i \u0111\u1ea5t n\u00e0y, c\u00f3 \u0111\u00e2u m\u1ed9t n\u01a1i ch\u1ed1n kh\u00f4ng h\u1eadn th\u00f9, tranh ch\u1ea5p, kh\u00f4ng \u0111\u1ed1 k\u1ef5, t\u1ef5 hi\u1ec1m, kh\u00f4ng gi\u1eadt gi\u00e0nh, h\u1ed7n lo\u1ea1n, kh\u00f4ng d\u1ed1i tr\u00e1, keo b\u1ea9n, kh\u00f4ng th\u1ee7 \u0111o\u1ea1n, l\u1ecdc l\u1eeba? Ph\u1ea3i ch\u0103ng ch\u1ec9 d\u01b0\u1edbi b\u00f3ng m\u00e1t c\u1ee7a \u0110\u1ee9c Ph\u1eadt tr\u00ed tu\u1ec7 v\u00e0 t\u1eeb bi m\u1edbi c\u00f3 \u0111\u01b0\u1ee3c c\u1ea3nh gi\u1edbi h\u00f2a b\u00ecnh ch\u00e2n th\u1eadt v\u00e0 h\u1ea1nh ph\u00fac ch\u00e2n th\u1eadt nh\u01b0 th\u1ebf n\u00e0y?<\/p>\n<p style=\"text-align: justify;\">Ngh\u0129 ng\u1ee3i m\u1ed9t l\u00fac, Li\u1ec5u Minh t\u1ef1 k\u1ebft lu\u1eadn:<\/p>\n<p style=\"text-align: justify;\">&#8211; B\u1ea1ch Th\u1ea7y! Cho \u0111\u1ebfn b\u00e2y gi\u1edd, sau m\u1ed9t chuy\u1ebfn \u0111i, con m\u1edbi hi\u1ec3u th\u1ea5m th\u00eda m\u1ed9t \u0111o\u1ea1n Kinh m\u00e0 \u0110\u1ee9c \u0110\u1ea1o S\u01b0 \u0111\u00e3 thuy\u1ebft: \u00ab\u00a0Ch\u00fang sanh v\u00ec v\u00f4 minh, v\u00ec \u00e1i d\u1ee5c, v\u00ec t\u00e0 ki\u1ebfn n\u00ean r\u1ed1i lo\u1ea1n nh\u01b0 m\u1edb b\u00f2ng bong, nh\u01b0 \u1ed5 k\u00e9n, nh\u01b0 v\u00f9ng c\u1ecf gai, nh\u01b0 \u0111\u00e1m c\u1ecf l\u00e1c,\u2026 chen l\u1ea5n, x\u00f4 \u0111\u1ea9y nhau nh\u1ea3y v\u00e0o gi\u1eefa d\u00f2ng t\u1eed sinh tri\u1ec1n mi\u00ean th\u1ed1ng kh\u1ed5\u00a0\u00bb\u2026<\/p>\n<p style=\"text-align: right;\"><em><strong>Huy\u1ec1n Kh\u00f4ng<\/strong><\/em><br \/>\n<em><strong>H\u1ea3i V\u00e2n \u2013 L\u0103ng C\u00f4<\/strong><\/em><br \/>\n<em><strong>1977<\/strong><\/em><\/p>\n<p style=\"text-align: center;\">-ooOoo-<\/p>\n","protected":false},"excerpt":{"rendered":"<p>H\u00f4m kia, c\u00f3 m\u1ed9t v\u00e0i n\u01a1i m\u1eddi \u0111i gi\u1ea3ng ph\u00e1p, Nh\u00e0 S\u01b0 \u00f4m b\u00e1t c\u00f9ng v\u1edbi Li\u1ec5u Minh l\u00ean \u0111\u01b0\u1eddng. Tr\u1eddi n\u1eafng nh\u01b0 \u0111\u1ed5 l\u1eeda, \u2026 <a class=\"continue-reading-link\" href=\"https:\/\/www.pagodethienminh.fr\/?page_id=1366\">Continue \u00e0 lire <span class=\"meta-nav\">&rarr; <\/span><\/a><\/p>\n","protected":false},"author":1,"featured_media":0,"parent":1340,"menu_order":7,"comment_status":"closed","ping_status":"closed","template":"template-onecolumn.php","meta":{"_mc_calendar":[],"footnotes":""},"class_list":["post-1366","page","type-page","status-publish","hentry"],"_links":{"self":[{"href":"https:\/\/www.pagodethienminh.fr\/index.php?rest_route=\/wp\/v2\/pages\/1366","targetHints":{"allow":["GET"]}}],"collection":[{"href":"https:\/\/www.pagodethienminh.fr\/index.php?rest_route=\/wp\/v2\/pages"}],"about":[{"href":"https:\/\/www.pagodethienminh.fr\/index.php?rest_route=\/wp\/v2\/types\/page"}],"author":[{"embeddable":true,"href":"https:\/\/www.pagodethienminh.fr\/index.php?rest_route=\/wp\/v2\/users\/1"}],"replies":[{"embeddable":true,"href":"https:\/\/www.pagodethienminh.fr\/index.php?rest_route=%2Fwp%2Fv2%2Fcomments&post=1366"}],"version-history":[{"count":2,"href":"https:\/\/www.pagodethienminh.fr\/index.php?rest_route=\/wp\/v2\/pages\/1366\/revisions"}],"predecessor-version":[{"id":3316,"href":"https:\/\/www.pagodethienminh.fr\/index.php?rest_route=\/wp\/v2\/pages\/1366\/revisions\/3316"}],"up":[{"embeddable":true,"href":"https:\/\/www.pagodethienminh.fr\/index.php?rest_route=\/wp\/v2\/pages\/1340"}],"wp:attachment":[{"href":"https:\/\/www.pagodethienminh.fr\/index.php?rest_route=%2Fwp%2Fv2%2Fmedia&parent=1366"}],"curies":[{"name":"wp","href":"https:\/\/api.w.org\/{rel}","templated":true}]}}