{"id":134,"date":"2011-04-30T07:20:20","date_gmt":"2011-04-30T07:20:20","guid":{"rendered":"http:\/\/www.pagodethienminh.fr\/?page_id=134"},"modified":"2014-06-20T09:18:59","modified_gmt":"2014-06-20T09:18:59","slug":"3-les-graines-de-reliques","status":"publish","type":"page","link":"https:\/\/www.pagodethienminh.fr\/?page_id=134","title":{"rendered":"Les graines de Reliques"},"content":{"rendered":"<p style=\"text-align: justify;\">Le myst\u00e8re des graines de Reliques<\/p>\n<p style=\"text-align: justify;\"><a href=\"https:\/\/www.pagodethienminh.fr\/?attachment_id=135\" rel=\"attachment wp-att-135\"><img loading=\"lazy\" decoding=\"async\" class=\"alignleft size-full wp-image-135\" title=\"Perles de reliques de Bouddha\" src=\"https:\/\/www.pagodethienminh.fr\/wp-content\/uploads\/2011\/04\/crbst_DSC06332.jpg\" alt=\"\" width=\"128\" height=\"96\" \/><\/a>Elles sont comme des cristaux de couleurs, lumineuses comme une pierre pr\u00e9cieuse, aussi solide que le diamant, imbrisable, inconsumable par le feu, les reliques apparaissent dans les cendres ou au milieu des ossements lors de l\u2019incin\u00e9ration compl\u00e8te d\u2019un corps de Grands Ma\u00eetres ou de Grands Pratiquants.<\/p>\n<p style=\"text-align: justify;\">Jusqu\u2019\u00e0 aujourd\u2019hui, son existence et ses propri\u00e9t\u00e9s intrins\u00e8ques restent une \u00e9nigme pour les plus grands chercheurs en bio-physique et bio-chimie.<\/p>\n<p style=\"text-align: justify;\"><strong>Un objet pr\u00e9cieux pour les Bouddhistes<\/strong><\/p>\n<p style=\"text-align: justify;\">\u00ab\u00a0Les Reliques sont des transcriptions spirituelles de la mort\u00a0\u00bb,\u00a0<strong><em>Sarira<\/em><\/strong> en sanscrit signifie au sens propre \u00a0\u00a0\u00a0\u00a0\u00a0\u00a0\u00ab graine de Lumi\u00e8re\u00a0\u00bb. D\u2019apr\u00e8s les \u00e9crits dans l\u2019histoire du Bouddhisme, les disciples ont emmen\u00e9 le corps du Bouddha Sakyamuni pour l\u2019incin\u00e9rer lors de son d\u00e9c\u00e8s. Apr\u00e8s consumation compl\u00e8te du corps du Bouddha, au milieu des cendres se sont trouv\u00e9s des \u00ab\u00a0pierres\u00a0\u00bb cristallines transparentes, de formes et de dimensions diff\u00e9rentes, aussi solides que l\u2019acier, lumineuses et rayonnantes de mille couleurs, comme des pierres pr\u00e9cieuses. Les disciples ont d\u00e9nombr\u00e9s plus de 84\u00a0000 graines \u00e9nerg\u00e9tiques, elles sont rang\u00e9es sur 8 mesures de 4 boisseaux. Elles sont appel\u00e9es Reliques, ou objets pr\u00e9cieux du Bouddhisme.<\/p>\n<p style=\"text-align: justify;\"><strong>La science des Reliques reste encore \u00ab\u00a0ferm\u00e9e\u00a0\u00bb<\/strong><\/p>\n<p style=\"text-align: justify;\">Depuis des dizaines d\u2019ann\u00e9es, la science a commenc\u00e9e par trouver un moyen pour expliquer scientifiquement le ph\u00e9nom\u00e8ne myst\u00e9rieux de ces reliques dont sa science est d\u00e9crite clairement dans les Soutras. Lorsque les scientifiques ont commenc\u00e9 \u00e0 exploiter des pistes pour chercher un sens \u00e0 l\u2019existence des Reliques, ils se sont heurt\u00e9s \u00e0 des obstacles.<\/p>\n<p style=\"text-align: justify;\">Depuis longtemps, les Reliques des Grands Ma\u00eetres ne faisaient pas partie des croyances humaines. Mais ce n\u2019\u00e9tait qu\u2019\u00e0 partir de 1997 qu\u2019un certain Monsieur Pepp\u00e9, fran\u00e7ais d\u2019origine, chercheur de vestiges anciens dans la r\u00e9gion de Piprava, du c\u00f4t\u00e9 du N\u00e9pal, a d\u00e9couvert quelques graines de Reliques \u00e0 l\u2019int\u00e9rieur d\u2019une bo\u00eete en pierre. Au-dessus de la bo\u00eete sont grav\u00e9s des mots Brahmi de l\u2019\u00e9poque, disant comme suit\u00a0:\u00a0\u00ab\u00a0Ce sont les Reliques du Bouddha. Cette partie des Reliques provient de la lign\u00e9e des Sakya, au culte du pays de Savatthi \u00bb. Cette d\u00e9couverte est une preuve de leur existence\u00a0: Tout ce qui est d\u00e9crit dans le Soutra A H\u00e0m et une partie d\u2019autres Soutras au sujet du partage des Reliques du Bouddha en 8 parts pour 8 anciens \u00e9tats apr\u00e8s le Para-nirvana du Bouddha, est une V\u00e9rit\u00e9. Ce qui est surprenant et incontestable\u00a0: les Reliques du Bouddha ont travers\u00e9 plus de 25 si\u00e8cles, ils sont rest\u00e9s intacts avec une conservation de leur clart\u00e9 \u00e9nerg\u00e9tique et physique.<\/p>\n<p style=\"text-align: justify;\"><strong>La Pagode \u0110<\/strong><strong>\u1eadu \u00e0 la ville H\u00e0 T\u00e2y\u00a0 \u00e0 21 km au Sud de Hanoi<\/strong><\/p>\n<div style=\"text-align: justify;\">\n<p>Il y a plus de 2000 ans, la Pagode\u00a0<strong>\u0110<\/strong><strong>\u1eadu <\/strong>est connu pour son lieu hautement spirituel et ses ph\u00e9nom\u00e8nes miraculeusement v\u00e9rifi\u00e9s. Les gens du pays disaient qu\u2019en arrivant sur ce lieu, on arriva aux terres du Bouddha. Pas tr\u00e8s loin d\u2019ici de plus de 300 ans, il y avait deux grands m\u00e9ditants V\u0169 kh\u1eafc Tr\u01b0\u1eddng et V\u0169 kh\u1eafc Minh qui ont atteint l\u2019Etat d\u2019Eveil dans cette pagode et ont laiss\u00e9 des Reliques de leur corps.<\/p>\n<\/div>\n","protected":false},"excerpt":{"rendered":"<p>Le myst\u00e8re des graines de Reliques Elles sont comme des cristaux de couleurs, lumineuses comme une pierre pr\u00e9cieuse, aussi solide que le diamant, imbrisable, inconsumable \u2026 <a class=\"continue-reading-link\" href=\"https:\/\/www.pagodethienminh.fr\/?page_id=134\">Continue \u00e0 lire <span class=\"meta-nav\">&rarr; <\/span><\/a><\/p>\n","protected":false},"author":1,"featured_media":0,"parent":4146,"menu_order":3,"comment_status":"closed","ping_status":"closed","template":"template-onecolumn.php","meta":{"_mc_calendar":[],"footnotes":""},"class_list":["post-134","page","type-page","status-publish","hentry"],"_links":{"self":[{"href":"https:\/\/www.pagodethienminh.fr\/index.php?rest_route=\/wp\/v2\/pages\/134","targetHints":{"allow":["GET"]}}],"collection":[{"href":"https:\/\/www.pagodethienminh.fr\/index.php?rest_route=\/wp\/v2\/pages"}],"about":[{"href":"https:\/\/www.pagodethienminh.fr\/index.php?rest_route=\/wp\/v2\/types\/page"}],"author":[{"embeddable":true,"href":"https:\/\/www.pagodethienminh.fr\/index.php?rest_route=\/wp\/v2\/users\/1"}],"replies":[{"embeddable":true,"href":"https:\/\/www.pagodethienminh.fr\/index.php?rest_route=%2Fwp%2Fv2%2Fcomments&post=134"}],"version-history":[{"count":7,"href":"https:\/\/www.pagodethienminh.fr\/index.php?rest_route=\/wp\/v2\/pages\/134\/revisions"}],"predecessor-version":[{"id":4153,"href":"https:\/\/www.pagodethienminh.fr\/index.php?rest_route=\/wp\/v2\/pages\/134\/revisions\/4153"}],"up":[{"embeddable":true,"href":"https:\/\/www.pagodethienminh.fr\/index.php?rest_route=\/wp\/v2\/pages\/4146"}],"wp:attachment":[{"href":"https:\/\/www.pagodethienminh.fr\/index.php?rest_route=%2Fwp%2Fv2%2Fmedia&parent=134"}],"curies":[{"name":"wp","href":"https:\/\/api.w.org\/{rel}","templated":true}]}}