{"id":130,"date":"2011-04-30T07:16:54","date_gmt":"2011-04-30T07:16:54","guid":{"rendered":"http:\/\/www.pagodethienminh.fr\/?page_id=130"},"modified":"2014-06-20T09:18:15","modified_gmt":"2014-06-20T09:18:15","slug":"2-signification-de-la-naissance","status":"publish","type":"page","link":"https:\/\/www.pagodethienminh.fr\/?page_id=130","title":{"rendered":"Signification de la naissance"},"content":{"rendered":"<p style=\"text-align: center;\"><strong>Signification de la naissance du bouddha<\/strong><\/p>\n<p style=\"text-align: justify;\"><a rel=\"attachment wp-att-131\" href=\"https:\/\/www.pagodethienminh.fr\/?attachment_id=131\"><img loading=\"lazy\" decoding=\"async\" class=\"aligncenter size-medium wp-image-131\" title=\"Cuoc_Doi_Duc_Phat_06\" src=\"https:\/\/www.pagodethienminh.fr\/wp-content\/uploads\/2011\/04\/Cuoc_Doi_Duc_Phat_06-250x300.jpg\" alt=\"\" width=\"250\" height=\"300\" srcset=\"https:\/\/www.pagodethienminh.fr\/wp-content\/uploads\/2011\/04\/Cuoc_Doi_Duc_Phat_06-250x300.jpg 250w, https:\/\/www.pagodethienminh.fr\/wp-content\/uploads\/2011\/04\/Cuoc_Doi_Duc_Phat_06-125x150.jpg 125w, https:\/\/www.pagodethienminh.fr\/wp-content\/uploads\/2011\/04\/Cuoc_Doi_Duc_Phat_06.jpg 600w\" sizes=\"auto, (max-width: 250px) 100vw, 250px\" \/><\/a><\/p>\n<p style=\"text-align: justify;\">Beaucoup de fid\u00e8les consid\u00e8rent que le jour de F\u00eate de V\u00e9sak est un jour particulier du bouddhisme, mais tr\u00e8s peu de personnes comprennent exactement la signification v\u00e9ritable de cette f\u00eate de V\u00e9sak, et la v\u00e9ritable origine de la naissance du bouddha, chacun a besoin de chercher \u00e0 savoir pour comprendre cette signification et cette origine.<\/p>\n<p style=\"text-align: justify;\">Dans le monde c\u00e9leste, le Boddhisatva H\u1ed9\u00a0Minh m\u00e9ditait constamment en aspirant spirituellement \u00e0 porter secours aux \u00eatres. C\u2019\u00e9tait pour cette raison que les Brahmas et les Rois c\u00e9lestes des 10 milles mondes se r\u00e9unissaient pour inviter le Boddhisattva \u00e0 descendre sur terre pour sauver les \u00eatres de la souffrance. Quand les conditions \u00e9taient pleinement atteintes\u00a0: au jour de pleine lune du mois d\u2019Avril calendrier lunaire (mois Visakka), en l\u2019an 624 avant J.C., au jardin Lumbini dans le royaume Kapilavastu, appel\u00e9 de nos jour le N\u00e9pal, le Boddhisattva \u00e9tait descendu dans le monde terrestre. Cette \u00e9tape importante permettait \u00e0 tous les \u00eatres de pouvoir prendre une voie de Sagesse et de bonheur. Les moments de \u2018Naissance, d\u2019apparition dans ce monde, &#8230;\u2019 porte la signification du jour o\u00f9 le Bouddha, apparu dans ce monde va apporter la joie et le bonheur aux \u00eatres.<\/p>\n<p style=\"text-align: justify;\">Dans la collection Buddhavamsa, est \u00e9crit selon la pratique du Bouddha, chaque Boddhisatva qui naitra doit r\u00e9unir 5 conditions:<\/p>\n<p style=\"text-align: justify;\"><strong>1- L\u2019\u00e9poque (K\u00e0la)<\/strong> : la long\u00e9vit\u00e9 des \u00eatres \u00e0 cette \u00e9poque ne d\u00e9passait pas les 1000 ans et leur \u00e2ge ne descendait pas en dessous de 100 ans. Si ces \u00eatres d\u00e9passaient les 1000 ans d\u2019existence, leur mentale avait tendance \u00e0 cr\u00e9er de mauvais karmas, et s\u2019ils vivaient en dessous des 100 ans, leur mentale pouvait se tourner vers l\u2019orgueil, le d\u00e9sir mat\u00e9riel et de pouvoir, le temps leur manquerait pour la m\u00e9ditation et la pri\u00e8re. C\u2019\u00e9tait pour cette raison, que le futur Bouddha f\u00fbt apparu \u00e0 cette \u00e9poque en vivant 80 ann\u00e9es pour montrer le chemin avant de rentrer dans le Nirvana.<\/p>\n<p style=\"text-align: justify;\"><strong>2-Le pays\u00a0( Desa )<\/strong> : Le futur Bouddha avait choisi de na\u00eetre en Inde, un pays ne se baignant ni dans la richesse, ni dans la pauvret\u00e9, o\u00f9 r\u00e9gnait l\u2019injustice et au quotidien. De plus, beaucoup de diff\u00e9rences s\u00e9paraient les classes sociales.\u00a0La pauvret\u00e9 et les maladies \u00e9taient l\u2019origine de la souffrance des hommes, gr\u00e2ce \u00e0 ces \u00e9tats, les hommes se tournaient facilement vers la vertu et la charit\u00e9.<\/p>\n<p style=\"text-align: justify;\"><strong>3-La lign\u00e9e\u00a0( Kula )<\/strong> : Le futur Bouddha a choisi la lign\u00e9e Sakya. Dans les 30 coutumes d\u2019un Bouddha, pour sa derni\u00e8re r\u00e9incarnation, chaque futur bouddha ne pourra pas prendre naissance dans une famille en bas de l\u2019\u00e9chelle sociale, parce que sinon, sa vie ne sera pas favorable pour transmettre son savoir. Au contraire s\u2019il appara\u00eet dans une famille en haut de l\u2019\u00e9chelle, ses enseignements pourront \u00eatre entendus et apporter des r\u00e9sultats positifs.<\/p>\n<p style=\"text-align: justify;\"><strong>4-R\u00e9gion\u00a0( Padipa )<\/strong> : L\u2019esp\u00e8ce humain est entrain de vivre et d\u2019exister dans les quatre r\u00e9gions du monde\u00a0: l\u2019est, l\u2019ouest, le nord\u00a0, le Sud. Le futur Bouddha a choisi le Sud de la r\u00e9gion parce que cette r\u00e9gion est peupl\u00e9e par des hommes ignorants de connaissance, et idiots. C\u2019est pour cette raison que lorsque les personnes rencontr\u00e8rent le Bouddha, ils avaient une facilit\u00e9 pour comprendre et pratiquer les enseignements pour atteindre l\u2019Eveil.<\/p>\n<p style=\"text-align: justify;\"><strong>5-Les parents\u00a0( M\u00e0tara )<\/strong> : Le Bouddha est le professeur universel des 3 mondes, c\u2019est pour cela qu\u2019il doit choisir les personnes qui ont les liens et les conditions suffisantes, qu\u2019ils ont cr\u00e9\u00e9s avec le futur Bouddha durant leur vies ant\u00e9rieures. Le roi Suddhodana et la reine Mahamayadevi, \u00e9taient d\u00e9j\u00e0 les parents du futur Bouddha dans des milliers de vies\u00a0: le futur les a choisis comme parents pour sa derni\u00e8re naissance. La pratique les v\u0153ux sur les 10 perfections a men\u00e9 le futur Bouddha \u00e0 rena\u00eetre dans ce monde, en devenant le guide spirituel\u00a0 des milliers et des milliers d\u2019\u00eatres. A partir de cette vision, le nom et l\u2019\u00e2ge du futur Bouddha, le royaume Kapilavastu au jardin Lumbini, le N\u00e9pal d\u2019aujourd\u2019hui, restera graver au fil du temps dans les esprits des \u00eatres gr\u00e2ce \u00e0 ce Grand Boddhisattva, le futur Bouddha Sakyamuni.<\/p>\n<ul style=\"text-align: justify;\">\n<li><em><strong>Dans un ciel paisible \u00e0 ce jour, il y a plus de 2500 ans,<\/strong><\/em><\/li>\n<li><em><strong>Une senteur de parfum flotte l\u00e9g\u00e8rement<\/strong><\/em><\/li>\n<li><em><strong>Le parfum de la fleur, vers les dix directions, se r\u00e9pand<\/strong><\/em><\/li>\n<li><em><strong>Par compassion et par amour aux \u00eatres vivants.<\/strong><\/em><\/li>\n<\/ul>\n<p style=\"text-align: justify;\">Quand le futur Bouddha naqu\u00eet, il n\u2019est pas affect\u00e9 par les maladies enfantines mais au contraire une lumi\u00e8re refl\u00e9tait sa pleine sant\u00e9&#8230; Le point particulier est le moment o\u00f9 le futur Bouddha est n\u00e9\u00a0: \u00e0 cet instant le ciel s\u2019est \u00e9clairci dans un cercle de lumi\u00e8re, tout s\u2019impr\u00e8gne de parfums de fleur des divinit\u00e9s c\u00e9lestes venant accueillir la venue du Bouddha, les nuages se dispersent, les fleurs s\u2019\u00e9clorent, le vent devient m\u00e9lodieux et doux, les oiseaux chantent et les montagnes se prosternent pour accueillir le Ma\u00eetre spirituel de tous les temps. Dans l\u2019histoire des hommes, c\u2019est la premi\u00e8re fois que cet \u00e9v\u00e9nement se d\u00e9roule, une heureuse nouvelle arrivait v\u00e9ritablement aux \u00eatres, d\u2019o\u00f9 son nom, le prince Siddh\u00e2rta, signifiant \u00ab\u00a0toutes choses de b\u00e9n\u00e9fiques\u00a0\u00bb, le prince va amener le calme aux \u00eatres qui sont prisonniers de la roue des existences.<\/p>\n<p style=\"text-align: justify;\">Aujourd\u2019hui, la comm\u00e9moration de la 2551e f\u00eate de V\u00e9sak est un rappel au respect au Bouddha, \u00eatre \u00e9veill\u00e9, celui qui a guid\u00e9 les \u00eatres vers la voie de la lib\u00e9ration. Un ma\u00eetre spirituel qui a pratiqu\u00e9 son enseignement pour montrer aux \u00eatres son chemin de pratique, tel f\u00fbt, tel est et tel sera sa pers\u00e9v\u00e9rance. Cette image est la vraie signification de sa \u00ab\u00a0Naissance\u00a0\u00bb.<\/p>\n<p style=\"text-align: center;\"><strong>Namo au jardin Lumbini V\u00f4 \u00d0u Th\u1ecd H\u1ea1 th\u1ecb hi\u1ec7n <\/strong><\/p>\n<p style=\"text-align: center;\"><strong><\/strong><strong>la Naissance de l\u2019omniscient Sakyamuni Bouddha<\/strong><\/p>\n","protected":false},"excerpt":{"rendered":"<p>Signification de la naissance du bouddha Beaucoup de fid\u00e8les consid\u00e8rent que le jour de F\u00eate de V\u00e9sak est un jour particulier du bouddhisme, mais tr\u00e8s \u2026 <a class=\"continue-reading-link\" href=\"https:\/\/www.pagodethienminh.fr\/?page_id=130\">Continue \u00e0 lire <span class=\"meta-nav\">&rarr; <\/span><\/a><\/p>\n","protected":false},"author":1,"featured_media":0,"parent":4146,"menu_order":2,"comment_status":"closed","ping_status":"closed","template":"template-onecolumn.php","meta":{"_mc_calendar":[],"footnotes":""},"class_list":["post-130","page","type-page","status-publish","hentry"],"_links":{"self":[{"href":"https:\/\/www.pagodethienminh.fr\/index.php?rest_route=\/wp\/v2\/pages\/130","targetHints":{"allow":["GET"]}}],"collection":[{"href":"https:\/\/www.pagodethienminh.fr\/index.php?rest_route=\/wp\/v2\/pages"}],"about":[{"href":"https:\/\/www.pagodethienminh.fr\/index.php?rest_route=\/wp\/v2\/types\/page"}],"author":[{"embeddable":true,"href":"https:\/\/www.pagodethienminh.fr\/index.php?rest_route=\/wp\/v2\/users\/1"}],"replies":[{"embeddable":true,"href":"https:\/\/www.pagodethienminh.fr\/index.php?rest_route=%2Fwp%2Fv2%2Fcomments&post=130"}],"version-history":[{"count":5,"href":"https:\/\/www.pagodethienminh.fr\/index.php?rest_route=\/wp\/v2\/pages\/130\/revisions"}],"predecessor-version":[{"id":3255,"href":"https:\/\/www.pagodethienminh.fr\/index.php?rest_route=\/wp\/v2\/pages\/130\/revisions\/3255"}],"up":[{"embeddable":true,"href":"https:\/\/www.pagodethienminh.fr\/index.php?rest_route=\/wp\/v2\/pages\/4146"}],"wp:attachment":[{"href":"https:\/\/www.pagodethienminh.fr\/index.php?rest_route=%2Fwp%2Fv2%2Fmedia&parent=130"}],"curies":[{"name":"wp","href":"https:\/\/api.w.org\/{rel}","templated":true}]}}