{"id":114,"date":"2011-04-30T06:51:02","date_gmt":"2011-04-30T06:51:02","guid":{"rendered":"http:\/\/www.pagodethienminh.fr\/?page_id=114"},"modified":"2013-03-13T15:01:58","modified_gmt":"2013-03-13T15:01:58","slug":"5-liens","status":"publish","type":"page","link":"https:\/\/www.pagodethienminh.fr\/?page_id=114","title":{"rendered":"Liens"},"content":{"rendered":"<ol>\n<li><strong>Dhamma de la For\u00eat<\/strong> :\u00a0<a href=\"http:\/\/www.dhammadelaforet.org\/sommaire\/dhp\/dhp_sommaire.html\" target=\"_blank\">dhammapada<\/a><\/li>\n<li><strong><a href=\"http:\/\/www.gdptquangduc.fr\/\" target=\"_blank\">G.\u0110.P.T. Qu\u00e3ng\u00a0\u0110\u1ee9c<\/a><\/strong><\/li>\n<li><strong><a href=\"http:\/\/www.gdptvnac.net\/\" target=\"_blank\">G.\u0110.P.T\u00a0\u00c2u Ch\u00e2u<\/a><\/strong><\/li>\n<li><strong><a href=\"http:\/\/giadinhphattu.vn\/\" target=\"_blank\">G.\u0110.P.T\u00a0Vi\u1ec7t Nam<\/a><\/strong><\/li>\n<\/ol>\n","protected":false},"excerpt":{"rendered":"<p>Dhamma de la For\u00eat :\u00a0dhammapada G.\u0110.P.T. Qu\u00e3ng\u00a0\u0110\u1ee9c G.\u0110.P.T\u00a0\u00c2u Ch\u00e2u G.\u0110.P.T\u00a0Vi\u1ec7t Nam<\/p>\n","protected":false},"author":1,"featured_media":0,"parent":33,"menu_order":5,"comment_status":"closed","ping_status":"closed","template":"template-onecolumn.php","meta":{"_mc_calendar":[],"footnotes":""},"class_list":["post-114","page","type-page","status-publish","hentry"],"_links":{"self":[{"href":"https:\/\/www.pagodethienminh.fr\/index.php?rest_route=\/wp\/v2\/pages\/114","targetHints":{"allow":["GET"]}}],"collection":[{"href":"https:\/\/www.pagodethienminh.fr\/index.php?rest_route=\/wp\/v2\/pages"}],"about":[{"href":"https:\/\/www.pagodethienminh.fr\/index.php?rest_route=\/wp\/v2\/types\/page"}],"author":[{"embeddable":true,"href":"https:\/\/www.pagodethienminh.fr\/index.php?rest_route=\/wp\/v2\/users\/1"}],"replies":[{"embeddable":true,"href":"https:\/\/www.pagodethienminh.fr\/index.php?rest_route=%2Fwp%2Fv2%2Fcomments&post=114"}],"version-history":[{"count":5,"href":"https:\/\/www.pagodethienminh.fr\/index.php?rest_route=\/wp\/v2\/pages\/114\/revisions"}],"predecessor-version":[{"id":3248,"href":"https:\/\/www.pagodethienminh.fr\/index.php?rest_route=\/wp\/v2\/pages\/114\/revisions\/3248"}],"up":[{"embeddable":true,"href":"https:\/\/www.pagodethienminh.fr\/index.php?rest_route=\/wp\/v2\/pages\/33"}],"wp:attachment":[{"href":"https:\/\/www.pagodethienminh.fr\/index.php?rest_route=%2Fwp%2Fv2%2Fmedia&parent=114"}],"curies":[{"name":"wp","href":"https:\/\/api.w.org\/{rel}","templated":true}]}}