{"id":1028,"date":"2011-06-24T17:37:41","date_gmt":"2011-06-24T17:37:41","guid":{"rendered":"http:\/\/www.pagodethienminh.fr\/?page_id=1028"},"modified":"2013-03-14T15:38:34","modified_gmt":"2013-03-14T15:38:34","slug":"3af-nghi-th%e1%bb%a9c-th%c6%b0%e1%bb%a3ng-cung","status":"publish","type":"page","link":"https:\/\/www.pagodethienminh.fr\/?page_id=1028","title":{"rendered":"Nghi Th\u1ee9c Th\u01b0\u1ee3ng C\u00fang"},"content":{"rendered":"<p style=\"text-align: center;\"><span style=\"color: #800000;\"><strong>Nghi Th\u1ee9c Th\u01b0\u1ee3ng C\u00fang<\/strong><br \/>\n(C\u00fang Ng\u1ecd)<\/span><\/p>\n<p><span style=\"color: #800000;\"><a href=\"https:\/\/www.pagodethienminh.fr\/?attachment_id=1029\" rel=\"attachment wp-att-1029\"><img loading=\"lazy\" decoding=\"async\" class=\"aligncenter size-medium wp-image-1029\" title=\"dia tang\" alt=\"\" src=\"https:\/\/www.pagodethienminh.fr\/wp-content\/uploads\/2011\/06\/diatang-196x300.jpg\" width=\"196\" height=\"300\" srcset=\"https:\/\/www.pagodethienminh.fr\/wp-content\/uploads\/2011\/06\/diatang-196x300.jpg 196w, https:\/\/www.pagodethienminh.fr\/wp-content\/uploads\/2011\/06\/diatang-98x150.jpg 98w, https:\/\/www.pagodethienminh.fr\/wp-content\/uploads\/2011\/06\/diatang.jpg 392w\" sizes=\"auto, (max-width: 196px) 100vw, 196px\" \/><\/a><br \/>\n<\/span><\/p>\n<p>&nbsp;<\/p>\n<p>&nbsp;<\/p>\n<p><span style=\"color: #800000;\"><strong><em>GI\u1edaI \u0110\u1ecaNH CH\u00c2N H\u01af\u01a0NG<\/em><\/strong><\/span><\/p>\n<p>&nbsp;<\/p>\n<p><span style=\"color: #800000;\">Gi\u1edbi \u0111\u1ecbnh ch\u00e2n h\u01b0\u01a1ng. Ph\u1ea7n kh\u1edfi xung thi\u00ean th\u01b0\u1ee3ng.<\/span><\/p>\n<p><span style=\"color: #800000;\">\u0110\u1ec7 t\u1eed ki\u00ean th\u00e0nh. Nhi\u1ec7t t\u1ea1i kim l\u01b0 ph\u00f3ng.<\/span><\/p>\n<p><span style=\"color: #800000;\">Kho\u1ea3nh kh\u1eafc ph\u00e2n v\u00e2n. T\u1ee9c bi\u1ebfn m\u00e3n th\u1eadp ph\u01b0\u01a1ng.<\/span><\/p>\n<p><span style=\"color: #800000;\">T\u00edch nh\u1ef1t D\u00e0 Du. Mi\u1ec5n n\u1ea1n ti\u00eau tai ch\u01b0\u1edbng.<\/span><\/p>\n<p><span style=\"color: #800000;\">Nam M\u00f4 H\u01b0\u01a1ng V\u00e2n C\u00e1i B\u1ed3 T\u00e1t Ma Ha T\u00e1t.\u00a0<strong>(3 l\u1ea7n)<\/strong><\/span><\/p>\n<p>&nbsp;<\/p>\n<p>&nbsp;<\/p>\n<p>&nbsp;<\/p>\n<p><span style=\"color: #800000;\"><strong><em>T\u00c1N L\u01af H\u01af\u01a0NG<\/em><\/strong><\/span><\/p>\n<p>&nbsp;<\/p>\n<p>&nbsp;<\/p>\n<p><span style=\"color: #800000;\">L\u01b0 h\u01b0\u01a1ng s\u1ea1 nhi\u1ec7t. Ph\u00e1p gi\u1edbi m\u00f4ng hu\u00e2n, ch\u01b0 Ph\u1eadt h\u1ea3i h\u1ed9i t\u1ea5t di\u00eau v\u0103n. T\u00f9y x\u1ee9 ki\u1ebft t\u01b0\u1eddng v\u00e2n. Th\u00e0nh \u00fd ph\u01b0\u01a1ng \u00e2n. Ch\u01b0 Ph\u1eadt hi\u1ec7n to\u00e0n th\u00e2n.<\/span><\/p>\n<p><span style=\"color: #800000;\">Nam M\u00f4 H\u01b0\u01a1ng V\u00e2n C\u00e1i B\u1ed3 T\u00e1t Ma Ha T\u00e1t.<strong> ( 3 l\u1ea7n )<\/strong><\/span><\/p>\n<p>&nbsp;<\/p>\n<p><span style=\"color: #800000;\"><strong><em>PH\u1eacT TI\u1ec0N \u0110\u1ea0I C\u00daNG<\/em><\/strong><\/span><\/p>\n<p>&nbsp;<\/p>\n<p>&nbsp;<\/p>\n<p><span style=\"color: #800000;\">Nam M\u00f4 Linh S\u01a1n H\u1ed9i Th\u01b0\u1ee3ng Ph\u1eadt B\u1ed3 T\u00e1t\u00a0<strong>(3 l\u1ea7n)<\/strong><\/span><\/p>\n<p><span style=\"color: #800000;\">Nam M\u00f4 Th\u01b0\u1eddng Tr\u1ee5 Th\u1eadp Ph\u01b0\u01a1ng Ph\u1eadt.<\/span><\/p>\n<p><span style=\"color: #800000;\">Nam M\u00f4 Th\u01b0\u1eddng Tr\u1ee5 Th\u1eadp Ph\u01b0\u01a1ng Ph\u00e1p.<\/span><\/p>\n<p><span style=\"color: #800000;\">Nam M\u00f4 Th\u01b0\u1eddng Tr\u1ee5 Th\u1eadp Ph\u01b0\u01a1ng T\u0103ng.<\/span><\/p>\n<p><span style=\"color: #800000;\">Nam M\u00f4 Th\u00edch Ca M\u00e2u Ni Ph\u1eadt.<\/span><\/p>\n<p><span style=\"color: #800000;\">Nam M\u00f4 Ti\u00eau Tai Di\u00ean Th\u1ecd D\u01b0\u1ee3c S\u01b0 Ph\u1eadt.<\/span><\/p>\n<p><span style=\"color: #800000;\">Nam M\u00f4 C\u1ef1c L\u1ea1c Th\u1ebf Gi\u1edbi A Di \u0110\u00e0 Ph\u1eadt.<\/span><\/p>\n<p><span style=\"color: #800000;\">Nam M\u00f4 \u0110\u01b0\u01a1ng Lai H\u1ea1 Sanh Di L\u1eb7c T\u00f4n Ph\u1eadt.<\/span><\/p>\n<p><span style=\"color: #800000;\">Nam M\u00f4 Th\u1eadp Ph\u01b0\u01a1ng Tam Th\u1ebf Nh\u1ea5t Thi\u1ebft Ch\u01b0 Ph\u1eadt.<\/span><\/p>\n<p><span style=\"color: #800000;\">Nam M\u00f4 \u0110\u1ea1i Tr\u00ed V\u0103n Th\u00f9 S\u01b0 L\u1ee3i B\u1ed3 T\u00e1t.<\/span><\/p>\n<p><span style=\"color: #800000;\">Nam M\u00f4 \u0110\u1ea1i H\u1ea1nh Ph\u1ed5 Hi\u1ec1n B\u1ed3 T\u00e1t.<\/span><\/p>\n<p><span style=\"color: #800000;\">Nam M\u00f4 \u0110\u1ea1i Bi Qu\u00e1n Th\u1ebf \u00c2m B\u1ed3 T\u00e1t.<\/span><\/p>\n<p><span style=\"color: #800000;\">Nam M\u00f4 \u0110\u1ea1i Th\u1ebf Ch\u00ed B\u1ed3 T\u00e1t.<\/span><\/p>\n<p><span style=\"color: #800000;\">Nam M\u00f4 Thanh T\u1ecbnh \u0110\u1ea1i H\u1ea3i Ch\u00fang B\u1ed3 T\u00e1t.<\/span><\/p>\n<p><span style=\"color: #800000;\">Nam M\u00f4 \u0110\u1ea1i Nguy\u1ec7n \u0110\u1ecba T\u1ea1ng V\u01b0\u01a1ng B\u1ed3 T\u00e1t.<\/span><\/p>\n<p><span style=\"color: #800000;\">Nam M\u00f4 H\u1ed9 Ph\u00e1p Ch\u01b0 Thi\u00ean B\u1ed3 T\u00e1t.<\/span><\/p>\n<p><span style=\"color: #800000;\">Nam M\u00f4 Gi\u00e0 Lam Th\u00e1nh Ch\u00fang B\u1ed3 T\u00e1t.<\/span><\/p>\n<p><span style=\"color: #800000;\">Nam M\u00f4 L\u1ecbch \u0110\u1ea1i T\u1ed5 S\u01b0 B\u1ed3 T\u00e1t.<strong> (3 l\u1ea7n)<\/strong><\/span><\/p>\n<p>&nbsp;<\/p>\n<p>&nbsp;<\/p>\n<p><span style=\"color: #800000;\"><strong><em>BI\u1ebeN TH\u1ef0C CH\u01a0N NG\u00d4N<\/em><\/strong><\/span><\/p>\n<p>&nbsp;<\/p>\n<p><span style=\"color: #800000;\"><strong><em>NAM M\u00d4 T\u00c1T PH\u1ea0 \u0110\u00c1T THA<\/em><\/strong><\/span><\/p>\n<p><span style=\"color: #800000;\"><strong><em>NGA \u0110A PH\u1ea0 L\u1ed2 CH\u1ec8 \u0110\u1ebe<\/em><\/strong><\/span><\/p>\n<p><span style=\"color: #800000;\"><strong><em>\u00c1N TAM B\u1ea0T RA<\/em><\/strong><\/span><\/p>\n<p><span style=\"color: #800000;\"><strong><em>TAM B\u1ea0T RA H\u1ed2NG<\/em><\/strong><\/span><\/p>\n<p>&nbsp;<\/p>\n<p>&nbsp;<\/p>\n<p>&nbsp;<\/p>\n<p>&nbsp;<\/p>\n<p><span style=\"color: #800000;\"><strong><em>CAM L\u1ed2 TH\u1ee6Y CH\u01a0N NG\u00d4N<\/em><\/strong><\/span><\/p>\n<p>&nbsp;<\/p>\n<p><span style=\"color: #800000;\"><strong><em>NAM M\u00d4 T\u00d4 R\u00d4 D\u00c0 DA<\/em><\/strong><\/span><\/p>\n<p><span style=\"color: #800000;\"><strong><em>\u0110\u00c1T THA NGA \u0110A DA<\/em><\/strong><\/span><\/p>\n<p><span style=\"color: #800000;\"><strong><em>\u0110\u00c1T \u0110I\u1ec6T THA<\/em><\/strong><\/span><\/p>\n<p><span style=\"color: #800000;\"><strong><em>\u00c1N T\u00d4 R\u00d4 T\u00d4 R\u00d4<\/em><\/strong><\/span><\/p>\n<p><span style=\"color: #800000;\"><strong><em>B\u00c1T RA T\u00d4 R\u00d4<\/em><\/strong><\/span><\/p>\n<p><span style=\"color: #800000;\"><strong><em>B\u00c1T RA T\u00d4 R\u00d4<\/em><\/strong><\/span><\/p>\n<p><span style=\"color: #800000;\"><strong><em>TA B\u00c0 HA<\/em><\/strong><\/span><\/p>\n<p>&nbsp;<\/p>\n<p><span style=\"color: #800000;\">Th\u1eed th\u1ef1c s\u1eafc h\u01b0\u01a1ng v\u1ecb. Th\u01b0\u1ee3ng c\u00fang th\u1eadp ph\u01b0\u01a1ng Ph\u1eadt<\/span><\/p>\n<p><span style=\"color: #800000;\">Trung ph\u1ee5ng ch\u01b0 Th\u00e1nh hi\u1ec1n, H\u1ea1 t\u1ebf l\u1ee5c \u0111\u1ea1o ph\u1ea9m,<\/span><\/p>\n<p><span style=\"color: #800000;\">\u0110\u1eb3ng th\u00ed v\u00f4 sai bi\u1ec7t, s\u1edf nguy\u1ec7n giai b\u1ea3o m\u00e3n,<\/span><\/p>\n<p><span style=\"color: #800000;\">Linh kim th\u1ec7 giai \u0111\u1eafc, v\u00f4 l\u01b0\u1ee3ng Ba La M\u1eadt<\/span><\/p>\n<p><span style=\"color: #800000;\">Tam \u0111\u1ee9c l\u1ee5c v\u1ecb, c\u00fang Ph\u1eadt d\u0129 T\u0103ng,<\/span><\/p>\n<p><span style=\"color: #800000;\">Ph\u00e1p gi\u1edbi h\u1eefu t\u00ecnh, ph\u1ed5 \u0111\u1ed3ng c\u00fang d\u01b0\u1eddng.<\/span><\/p>\n<p>&nbsp;<\/p>\n<p><span style=\"color: #800000;\"><strong><em>PH\u1ed4 C\u00daNG D\u01af\u1edcNG CH\u01a0N NG\u00d4N<\/em><\/strong><\/span><\/p>\n<p>&nbsp;<\/p>\n<p><span style=\"color: #800000;\"><strong><em>\u00c1N NGA NGA N\u1eb2NG<\/em><\/strong><\/span><\/p>\n<p><span style=\"color: #800000;\"><strong><em>TAM B\u00c0 PH\u1ea0<\/em><\/strong><\/span><\/p>\n<p><span style=\"color: #800000;\"><strong><em>PHI\u1ec6T NH\u1ef0T RA H\u1ed2NG<\/em><\/strong><\/span><\/p>\n<p>&nbsp;<\/p>\n<p><span style=\"color: #800000;\"><strong><em>T\u00c1N C\u00daNG NG\u1ecc<\/em><\/strong><\/span><\/p>\n<p>&nbsp;<\/p>\n<p><span style=\"color: #800000;\"><strong><em>THI\u00caN TR\u00d9 DI\u1ec6U C\u00daNG.<\/em><\/strong><\/span><\/p>\n<p><span style=\"color: #800000;\"><strong><em>THI\u1ec0N DUY\u1ec6T T\u00d4 \u0110\u00c0.<\/em><\/strong><\/span><\/p>\n<p><span style=\"color: #800000;\"><strong><em>H\u1ed8 \u00c1N T\u00d4 R\u00d4 T\u00c1T L\u1eca PH\u1ea0<\/em><\/strong><\/span><\/p>\n<p><span style=\"color: #800000;\"><strong><em>\u0110\u00c1T THA A NGA \u0110A<\/em><\/strong><\/span><\/p>\n<p><span style=\"color: #800000;\"><strong><em>\u0110\u00c1T \u0110\u1ec2 D\u1ea2 THA.<\/em><\/strong><\/span><\/p>\n<p><span style=\"color: #800000;\"><strong><em>T\u00d4 L\u00d4 T\u00c1T PH\u1ea0 HA<\/em><\/strong><\/span><\/p>\n<p><span style=\"color: #800000;\"><strong><em>NAM M\u00d4 THI\u1ec0N DUY\u1ec6T T\u1ea0NG<\/em><\/strong><\/span><\/p>\n<p><span style=\"color: #800000;\"><strong><em>B\u1ed2 T\u00c1T MA HA T\u00c1T!<\/em><\/strong><\/span><\/p>\n<p><span style=\"color: #800000;\"><strong><em>MA HA B\u00c1T NH\u00c3 BA LA M\u1eacT!<\/em><\/strong><\/span><\/p>\n<p>&nbsp;<\/p>\n<p><span style=\"color: #800000;\"><strong><em>TR\u01af\u1edcNG SANH L\u1ed8C V\u1eca<\/em><\/strong><\/span><\/p>\n<p>&nbsp;<\/p>\n<p><span style=\"color: #800000;\">Nam m\u00f4 Ti\u00eau Tai Di\u00ean Th\u1ecd D\u01b0\u1ee3c S\u01b0 Ph\u1eadt!<\/span><\/p>\n<p><span style=\"color: #800000;\">Nam m\u00f4 T\u0103ng Ph\u01b0\u1edbc Th\u1ecd B\u1ed3 T\u00e1t Ma Ha T\u00e1t.<strong>(3 l\u1ea7n)<\/strong><\/span><\/p>\n<p><span style=\"color: #800000;\">Nam m\u00f4 Ti\u00eau Tai Di\u00ean Th\u1ecd D\u01b0\u1ee3c S\u01b0 Ph\u1eadt.<strong> (3 l\u1ea7n)<\/strong><\/span><\/p>\n<p>&nbsp;<\/p>\n<p><span style=\"color: #800000;\"><strong><em>D\u01af\u1ee2C S\u01af QU\u00c1N \u0110\u1ea2NH CH\u00c2N NG\u00d4N<\/em><\/strong><\/span><\/p>\n<p>&nbsp;<\/p>\n<p><span style=\"color: #800000;\"><strong><em>NAM M\u00d4 B\u1ea0T \u0110\u00c0 PH\u1ea0T \u0110\u1ebe<\/em><\/strong><\/span><\/p>\n<p><span style=\"color: #800000;\"><strong><em>B\u1ec6 S\u00c1T X\u1ea2,<\/em><\/strong><\/span><\/p>\n<p><span style=\"color: #800000;\"><strong><em>L\u1ee4 R\u00d4 TH\u00cdCH L\u01afU LY,<\/em><\/strong><\/span><\/p>\n<p><span style=\"color: #800000;\"><strong><em>B\u00c1T L\u1eb6T B\u00c0,<\/em><\/strong><\/span><\/p>\n<p><span style=\"color: #800000;\"><strong><em>H\u1eaeT RA X\u00c0 D\u00c3,<\/em><\/strong><\/span><\/p>\n<p><span style=\"color: #800000;\"><strong><em>A RA H\u1eaeT \u0110\u1ebe,<\/em><\/strong><\/span><\/p>\n<p><span style=\"color: #800000;\"><strong><em>TAM MI\u1ec6U TAM B\u1ed8T \u0110\u00c0 DA.<\/em><\/strong><\/span><\/p>\n<p><span style=\"color: #800000;\"><strong><em>\u0110\u00c1T \u0110I\u1ec6N THA.<\/em><\/strong><\/span><\/p>\n<p><span style=\"color: #800000;\"><strong><em>\u00c1N, B\u1ec6 S\u00c1T TH\u1ec6,<\/em><\/strong><\/span><\/p>\n<p><span style=\"color: #800000;\"><strong><em>B\u00ca, S\u00c1T TH\u1ec6,<\/em><\/strong><\/span><\/p>\n<p><span style=\"color: #800000;\"><strong><em>B\u1ec6 S\u00c1T X\u00c3,<\/em><\/strong><\/span><\/p>\n<p><span style=\"color: #800000;\"><strong><em>TAM M\u1ed8T Y\u1ebeT \u0110\u1ebe T\u00c1 HA.<\/em> (7 l\u1ea7n)<\/strong><\/span><\/p>\n<p>&nbsp;<\/p>\n<p><span style=\"color: #800000;\"><strong><em>T\u00c1N<\/em><\/strong><\/span><\/p>\n<p>&nbsp;<\/p>\n<p><span style=\"color: #800000;\">Ph\u1eadt quang ch\u1ee7 chi\u1ebfu. B\u1ed5n m\u1ea1ng nguy\u00ean th\u1ea7n.<\/span><\/p>\n<p><span style=\"color: #800000;\">Tai tinh tho\u00e1i \u0111\u1ed9 ph\u01b0\u1edbc tinh l\u00e2m .<\/span><\/p>\n<p><span style=\"color: #800000;\">C\u1eedu di\u1ec7u b\u1ea3o tr\u01b0\u1eddng sanh. V\u1eadn h\u1ea1n h\u00f2a b\u00ecnh.<\/span><\/p>\n<p><span style=\"color: #800000;\">Ph\u01b0\u1edbc th\u1ecd v\u0129nh khang ninh.<\/span><\/p>\n<p>&nbsp;<\/p>\n<p><span style=\"color: #800000;\"><strong><em>K\u1ec6 H\u1ed2I H\u01af\u1edaNG<\/em><\/strong><\/span><\/p>\n<p>&nbsp;<\/p>\n<p><span style=\"color: #800000;\">Nguy\u1ec7n ti\u00eau tam ch\u01b0\u1edbng tr\u1eeb phi\u1ec1n n\u00e3o,<\/span><\/p>\n<p><span style=\"color: #800000;\">Nguy\u1ec7n \u0111\u1eafc tr\u00ed hu\u1ec7 ch\u01a1n minh li\u1ec5u,<\/span><\/p>\n<p><span style=\"color: #800000;\">Ph\u1ed5 nguy\u1ec7n t\u1ed9i ch\u01b0\u1edbng b\u1ea5t ti\u00eau tr\u1eeb<\/span><\/p>\n<p><span style=\"color: #800000;\">Th\u1ebf th\u1ebf th\u01b0\u1eddng h\u00e0nh B\u1ed3 T\u00e1t \u0111\u1ea1o.<\/span><\/p>\n<p>&nbsp;<\/p>\n<p><span style=\"color: #800000;\"><strong><em>V\u00c3NG SANH LI\u00caN V\u1eca<\/em><\/strong><\/span><\/p>\n<p>&nbsp;<\/p>\n<p><span style=\"color: #800000;\"><em>\u0110\u1ea1i ch\u00fang c\u00f9ng h\u00e1t :<\/em><\/span><\/p>\n<p><span style=\"color: #800000;\">Nam M\u00f4 A Di \u0110\u00e0 Ph\u1eadt!<\/span><\/p>\n<p>&nbsp;<\/p>\n<p><span style=\"color: #800000;\">Nam M\u00f4 Thanh L\u01b0\u01a1ng \u0110\u1ecba B\u1ed3 T\u00e1t Ma Ha T\u00e1t<strong> (3 l\u1ea7n)<\/strong><\/span><\/p>\n<p>&nbsp;<\/p>\n<p><span style=\"color: #800000;\"><em>\u0110\u1ea1i ch\u00fang c\u00f9ng h\u00e1t :<\/em><\/span><\/p>\n<p><span style=\"color: #800000;\">Nam M\u00f4 B\u00e1t Nh\u00e3 H\u1ed9i Th\u01b0\u1ee3ng Ph\u1eadt B\u1ed3 T\u00e1t<strong> (3 l\u1ea7n)<\/strong><\/span><\/p>\n<p>&nbsp;<\/p>\n<p>&nbsp;<\/p>\n<p><span style=\"color: #800000;\"><strong><em>B\u00c1T NH\u00c3 BA LA M\u1eacT \u0110A T\u00c2M KINH<\/em><\/strong><\/span><\/p>\n<p>&nbsp;<\/p>\n<p><span style=\"color: #800000;\">B\u00e1t nh\u00e3 Ba La M\u1eadt \u0110a t\u00e2m kinh. Qu\u00e1n t\u1ef1 t\u1ea1i B\u1ed3-T\u00e1t h\u00e0nh th\u00e2m b\u00e1t nh\u00e3 Ba la m\u1eadt \u0111a th\u1eddi chi\u1ebfu ki\u1ebfn ng\u0169 u\u1ea9n giai kh\u00f4ng, \u0111\u1ed9 nh\u1ea5t thi\u1ebft kh\u1ed5 \u00e1ch. X\u00e1-L\u1ee3i-T\u1eed!\u00a0 S\u1eafc b\u1ea5t d\u1ecb kh\u00f4ng, kh\u00f4ng b\u1ea5t d\u1ecb s\u1eafc, s\u1eafc t\u1ee9c th\u1ecb kh\u00f4ng, kh\u00f4ng t\u1ee9c th\u1ecb s\u1eafc, th\u1ecd, t\u01b0\u1edfng, h\u00e0nh, th\u1ee9c, di\u1ec7c ph\u1ee5c nh\u01b0 th\u1ecb. X\u00e1-L\u1ee3i t\u1eed, th\u1ecb ch\u01b0 Ph\u00e1p kh\u00f4ng t\u01b0\u1edbng, b\u1ea5t sanh, b\u1ea5t di\u1ec7t, b\u1ea5t c\u1ea5u b\u1ea5t t\u1ecbnh, b\u1ea5t t\u0103ng b\u1ea5t gi\u1ea3m. Th\u1ecb c\u1ed1 kh\u00f4ng trung v\u00f4 s\u1eafc, v\u00f4 th\u1ecd t\u01b0\u1edfng h\u00e0nh th\u1ee9c, v\u00f4 nh\u00e3n nh\u0129 t\u1ec9 thi\u1ec7t th\u00e2n \u00fd, v\u00f4 s\u1eafc thinh h\u01b0\u01a1ng v\u1ecb x\u00fac ph\u00e1p, v\u00f4 nh\u00e3n gi\u1edbi n\u00e3i ch\u00ed v\u00f4 \u00fd th\u1ee9c gi\u1edbi. V\u00f4 v\u00f4 minh di\u1ec7c, v\u00f4 v\u00f4 minh t\u1eadn, n\u00e3i ch\u00ed v\u00f4 l\u00e3o t\u1eed di\u1ec7c v\u00f4 l\u00e3o t\u1eed t\u1eadn. V\u00f4 kh\u1ed5 t\u1eadp di\u1ec7c \u0111\u1ea1o, v\u00f4 tr\u00ed di\u1ec7c v\u00f4 \u0111\u1eafc, d\u0129 v\u00f4 s\u1edf \u0111\u1eafc c\u1ed1, B\u1ed3-\u0110\u1ec1 T\u00e1t-\u0110\u1ecfa, Y b\u00e1t nh\u00e3 Ba la m\u1eadt \u0111a c\u1ed1, t\u00e2m v\u00f4 qu\u00e1i ng\u1ea1i c\u1ed1, v\u00f4 qu\u00e1i ng\u1ea1i, v\u00f4 h\u1eefu kh\u1ee7ng b\u1ed1, vi\u1ec5n ly \u0111i\u00ean \u0111\u1ea3o m\u1ed9ng t\u01b0\u1edfng, c\u1ee9u c\u00e1nh ni\u1ebft-b\u00e0n. Tam-th\u1ebf ch\u01b0 Ph\u1eadt, y B\u00e1t-nh\u00e3-ba-la m\u1eadt \u0111a c\u1ed1, \u0111\u1eafc A N\u1eadu \u0110a La Tam Mi\u1ec7u Tam B\u1ed3 \u0110\u1ec1. C\u1ed1 tri b\u00e1t-nh\u00e3-ba-la-m\u1eadt-\u0111a, th\u1ecb \u0111\u1ea1i-th\u1ea7n ch\u00fa, th\u1ecb \u0111\u1ea1i minh ch\u00fa, th\u1ecb v\u00f4-th\u01b0\u1ee3ng ch\u00fa, th\u1ecb v\u00f4 \u0111\u1eb3ng \u0111\u1eb3ng ch\u00fa, n\u0103ng tr\u1eeb nh\u1ee9t thi\u1ebft kh\u1ed5, ch\u00e2n thi\u1ec7t b\u1ea5t h\u01b0. C\u1ed1 thuy\u1ebft b\u00e1t-nh\u00e3-ba-la m\u1eadt-\u0111a ch\u00fa.\u00a0 T\u1ee9c thuy\u1ebft ch\u00fa vi\u1ebft: Y\u1ebft \u0111\u1ebf y\u1ebft \u0111\u1ebf, ba la y\u1ebft-\u0111\u1ebf, ba-la-t\u0103ng y\u1ebft-\u0111\u1ebf. B\u1ed3-\u0111\u1ec1 t\u00e1t b\u00e0 ha<strong>. <\/strong><strong>(3 l\u1ea7n)<\/strong><\/span><\/p>\n<p>&nbsp;<\/p>\n<p><span style=\"color: #800000;\"><strong><em>CH\u00da V\u00c3NG SANH<\/em><\/strong><\/span><\/p>\n<p>&nbsp;<\/p>\n<p><span style=\"color: #800000;\"><strong>B\u1ea0T NH\u1ea4T THI\u1ebeT NGHI\u1ec6P CH\u01af\u1edaNG C\u0102N B\u1ea2N \u0110\u1eaeC SANH T\u1ecaNH \u0110\u1ed8 \u0110\u00c0 LA NI<\/strong><\/span><\/p>\n<p><span style=\"color: #800000;\">Nam-m\u00f4 A Di \u0110a B\u00e0 D\u1ea1<\/span><\/p>\n<p><span style=\"color: #800000;\">Da tha d\u00e0 \u0111a d\u1ea1<\/span><\/p>\n<p><span style=\"color: #800000;\">\u0110\u00e1 \u0111\u1ecba d\u1ea1 tha<\/span><\/p>\n<p><span style=\"color: #800000;\">A Di r\u1ecb \u0111\u00f4 b\u00e0 t\u1ef3<\/span><\/p>\n<p><span style=\"color: #800000;\">A Di r\u1ecb \u0111a. T\u1ea5t \u0111am b\u00e0 t\u1ef3<\/span><\/p>\n<p><span style=\"color: #800000;\">A Di r\u1ecb \u0111a. T\u00ec ca lan \u0111\u1ebf<\/span><\/p>\n<p><span style=\"color: #800000;\">A Di r\u1ecb \u0111a. T\u00ec ca lan \u0111a<\/span><\/p>\n<p><span style=\"color: #800000;\">D\u00e0 Di N\u1ecb. D\u00e0 d\u00e0 na ch\u1ec9 \u0111a ca l\u1ec7. Ta B\u00e0 Ha.\u00a0<strong>(3 l\u1ea7n)<\/strong><\/span><\/p>\n<p>&nbsp;<\/p>\n<p><span style=\"color: #800000;\"><strong><em>BI\u1ebeN TH\u1ef0C CH\u01a0N-NG\u00d4N<\/em><\/strong><\/span><\/p>\n<p>&nbsp;<\/p>\n<p><span style=\"color: #800000;\">Nam-m\u00f4 T\u00e1t ph\u1ea1 \u0111\u00e1t tha.<\/span><\/p>\n<p><span style=\"color: #800000;\">Nga \u0111a ph\u1ea1 l\u1ed3 ch\u1ec9 \u0111\u1ebf<\/span><\/p>\n<p><span style=\"color: #800000;\">\u00c1n, tam b\u1ea1t ra<\/span><\/p>\n<p><span style=\"color: #800000;\">Tam b\u1ea1t ra h\u1ed3ng<\/span><\/p>\n<p>&nbsp;<\/p>\n<p><span style=\"color: #800000;\"><strong><em>CAM L\u1ed2 TH\u1ee6Y CH\u01a0N-NG\u00d4N<\/em><\/strong><\/span><\/p>\n<p>&nbsp;<\/p>\n<p><span style=\"color: #800000;\">Nam m\u00f4 t\u00f4 r\u00f4 d\u00e0 da<\/span><\/p>\n<p><span style=\"color: #800000;\">\u0110\u00e1t tha nga \u0111a da<\/span><\/p>\n<p><span style=\"color: #800000;\">\u0110\u00e1t \u0111i\u1ec7t tha<\/span><\/p>\n<p><span style=\"color: #800000;\">\u00c1n t\u00f4 r\u00f4 t\u00f4 r\u00f4<\/span><\/p>\n<p><span style=\"color: #800000;\">B\u00e1t ra t\u00f4 r\u00f4<\/span><\/p>\n<p><span style=\"color: #800000;\">B\u00e1t ra t\u00f4 r\u00f4<\/span><\/p>\n<p><span style=\"color: #800000;\">Ta b\u00e0 ha<\/span><\/p>\n<p>&nbsp;<\/p>\n<p><span style=\"color: #800000;\"><strong><em>PH\u1ed4 C\u00daNG D\u01af\u1edcNG CH\u01a0N-NG\u00d4N<\/em><\/strong><\/span><\/p>\n<p>&nbsp;<\/p>\n<p><span style=\"color: #800000;\">\u00c1n nga nga n\u1eb3ng tam b\u00e0 pha phi\u1ec7t nh\u1ef1t ra h\u1ed3ng<\/span><\/p>\n<p>&nbsp;<\/p>\n<p><span style=\"color: #800000;\"><strong><em>T\u00c1N LI\u00caN TR\u00cc<\/em><\/strong><\/span><\/p>\n<p>&nbsp;<\/p>\n<p><span style=\"color: #800000;\">Li\u00ean tr\u00ec h\u1ea3i h\u1ed9i. Di \u0110\u00e0 Nh\u01b0 Lai Quan \u00c2m Th\u1ebf Ch\u00ed t\u1ecda li\u00ean \u0111\u00e0i. Ti\u1ebfp d\u1eabn th\u01b0\u1ee3ng kim giai. \u0110\u1ea1i th\u1ec7 ho\u1eb1ng khai. Ph\u1ed5 nguy\u1ec7n li tr\u1ea7n ai. Nam m\u00f4 Li\u00ean Tr\u00ec H\u1ea3i H\u1ed9i Ph\u1eadt B\u1ed3 T\u00e1t Ma Ha T\u00e1t.<strong> (3 l\u1ea7n)<\/strong><\/span><\/p>\n<p>&nbsp;<\/p>\n<p><span style=\"color: #800000;\"><strong><em>DI \u0110\u00c0 \u0110\u1ea0I T\u00c1N<\/em><\/strong><\/span><\/p>\n<p>&nbsp;<\/p>\n<p><span style=\"color: #800000;\">Di \u0110\u00e0 Ph\u1eadt \u0111\u1ea1i nguy\u1ec7n v\u01b0\u01a1ng. T\u1eeb Bi h\u1ec9 x\u1ea3 nan l\u01b0\u1ee3ng.<\/span><\/p>\n<p><span style=\"color: #800000;\">Mi gian th\u01b0\u1eddng ph\u00f3ng b\u1ea1ch h\u00e0o quang. \u0110\u1ed9 ch\u00fang sanh C\u1ef1c L\u1ea1c bang. B\u00e1t \u0111\u1ee9c tr\u00ec trung li\u00ean c\u1eedu ph\u1ea9m. Th\u1ea5t b\u1ea3o di\u1ec7u th\u1ecd th\u00e0nh h\u00e0ng. Nh\u01b0 Lai th\u00e1nh hi\u1ec7u nh\u01b0\u1ee3c tuy\u00ean d\u01b0\u01a1ng. Ti\u1ebfp d\u1eabn v\u00e3ng T\u00e2y Ph\u01b0\u01a1ng. Di \u0110\u00e0 th\u00e1nh hi\u1ec7u nh\u01b0\u1ee3c tuy\u00ean d\u01b0\u01a1ng. \u0110\u1ed3ng nguy\u1ec7n v\u00e3ng T\u00e2y Ph\u01b0\u01a1ng.<\/span><\/p>\n<p>&nbsp;<\/p>\n<p><span style=\"color: #800000;\"><strong><em>K\u1ec6 H\u1ed2I H\u01af\u1edaNG<\/em><\/strong><\/span><\/p>\n<p>&nbsp;<\/p>\n<p><span style=\"color: #800000;\">Nguy\u1ec7n sanh T\u00e2y Ph\u01b0\u01a1ng T\u1ecbnh \u0110\u1ed9 trung<\/span><\/p>\n<p><span style=\"color: #800000;\">C\u1eedu ph\u1ea9m Li\u00ean Hoa vi ph\u1ee5 m\u1eabu<\/span><\/p>\n<p><span style=\"color: #800000;\">Hoa khai ki\u1ebfn Ph\u1eadt ng\u1ed9 v\u00f4 sanh<\/span><\/p>\n<p><span style=\"color: #800000;\">B\u1ea5t th\u1ed1i B\u1ed3 T\u00e1t vi b\u1ea1n l\u1eef<\/span><\/p>\n<p><span style=\"color: #800000;\">Nam M\u00f4 A Di \u0110\u00e0 Ph\u1eadt<\/span><\/p>\n<p><span style=\"color: #800000;\">C\u00fang Ph\u1eadt d\u0129 ch\u00ed.\u00a0 \u0110\u01b0\u01a1ng nguy\u1ec7n ch\u00fang sanh<\/span><\/p>\n<p><span style=\"color: #800000;\">S\u1edf t\u00e1c giai bi\u1ec7n. C\u1ee5 ch\u01b0 Ph\u1eadt Ph\u00e1p<\/span><\/p>\n<p>&nbsp;<\/p>\n","protected":false},"excerpt":{"rendered":"<p>Nghi Th\u1ee9c Th\u01b0\u1ee3ng C\u00fang (C\u00fang Ng\u1ecd) &nbsp; &nbsp; GI\u1edaI \u0110\u1ecaNH CH\u00c2N H\u01af\u01a0NG &nbsp; Gi\u1edbi \u0111\u1ecbnh ch\u00e2n h\u01b0\u01a1ng. Ph\u1ea7n kh\u1edfi xung thi\u00ean th\u01b0\u1ee3ng. \u0110\u1ec7 t\u1eed ki\u00ean \u2026 <a class=\"continue-reading-link\" href=\"https:\/\/www.pagodethienminh.fr\/?page_id=1028\">Continue \u00e0 lire <span class=\"meta-nav\">&rarr; <\/span><\/a><\/p>\n","protected":false},"author":1,"featured_media":0,"parent":836,"menu_order":6,"comment_status":"closed","ping_status":"closed","template":"template-onecolumn.php","meta":{"_mc_calendar":[],"footnotes":""},"class_list":["post-1028","page","type-page","status-publish","hentry"],"_links":{"self":[{"href":"https:\/\/www.pagodethienminh.fr\/index.php?rest_route=\/wp\/v2\/pages\/1028","targetHints":{"allow":["GET"]}}],"collection":[{"href":"https:\/\/www.pagodethienminh.fr\/index.php?rest_route=\/wp\/v2\/pages"}],"about":[{"href":"https:\/\/www.pagodethienminh.fr\/index.php?rest_route=\/wp\/v2\/types\/page"}],"author":[{"embeddable":true,"href":"https:\/\/www.pagodethienminh.fr\/index.php?rest_route=\/wp\/v2\/users\/1"}],"replies":[{"embeddable":true,"href":"https:\/\/www.pagodethienminh.fr\/index.php?rest_route=%2Fwp%2Fv2%2Fcomments&post=1028"}],"version-history":[{"count":6,"href":"https:\/\/www.pagodethienminh.fr\/index.php?rest_route=\/wp\/v2\/pages\/1028\/revisions"}],"predecessor-version":[{"id":3490,"href":"https:\/\/www.pagodethienminh.fr\/index.php?rest_route=\/wp\/v2\/pages\/1028\/revisions\/3490"}],"up":[{"embeddable":true,"href":"https:\/\/www.pagodethienminh.fr\/index.php?rest_route=\/wp\/v2\/pages\/836"}],"wp:attachment":[{"href":"https:\/\/www.pagodethienminh.fr\/index.php?rest_route=%2Fwp%2Fv2%2Fmedia&parent=1028"}],"curies":[{"name":"wp","href":"https:\/\/api.w.org\/{rel}","templated":true}]}}