{"id":102,"date":"2011-04-30T06:43:46","date_gmt":"2011-04-30T06:43:46","guid":{"rendered":"http:\/\/www.pagodethienminh.fr\/?page_id=102"},"modified":"2014-09-16T14:12:08","modified_gmt":"2014-09-16T14:12:08","slug":"1-presentation","status":"publish","type":"page","link":"https:\/\/www.pagodethienminh.fr\/?page_id=102","title":{"rendered":"Pr\u00e9sentation &#8211; Gi\u1edbi thi\u1ec7u"},"content":{"rendered":"<h1>M\u1ee5c \u0110\u00edch &#8211; Ch\u00e2m Ng\u00f4n &#8211; \u0110i\u1ec1u Lu\u1eadt Gia \u0110\u00ecnh Ph\u1eadt T\u1eed<\/h1>\n<p><span style=\"color: #0000ff;\">Objectif &#8211; Devise &#8211; Les r\u00e8gles de la Famille de la Jeunesse Bouddhiste<\/span><\/p>\n<p><strong>I.\u00a0\u00a0<span style=\"text-decoration: underline;\">M\u1ee5c \u0111\u00edch G\u0110PT<span style=\"color: #0000ff; text-decoration: underline;\"> &#8211; Objectif\u00a0<strong>G\u0110PT<\/strong><\/span><\/span><\/strong><\/p>\n<div class=\"bodytext\" style=\"color: #000000; text-align: justify;\">\u00a0 \u00a0 \u00a0<strong style=\"font-style: italic;\">1.\u00a0<span style=\"text-decoration: underline;\">Danh x\u01b0ng<\/span>:<\/strong>\u00a0\u0110\u1ea1i h\u1ed9i huynh tr\u01b0\u1edfng to\u00e0n qu\u1ed1c n\u0103m 1951 t\u1ea1i ch\u00f9a T\u1eeb \u0110\u00e0m &#8211; Hu\u1ebf, \u201cGia \u0110\u00ecnh Ph\u1eadt H\u00f3a Ph\u1ed5\u201d \u0111\u1ed5i th\u00e0nh \u201cGia \u0110\u00ecnh Ph\u1eadt T\u1eed\u201d. <span style=\"color: #0000ff;\">&#8211; En 1951 le congr\u00e8s des dirigeants du mouvement du pays \u00e0 la pagode\u00a0T\u1eeb \u0110\u00e0m \u00e0 Hu\u1ebf, a d\u00e9cid\u00e9 de modifier l&#8217;appellation &#8220;Gia \u0110\u00ecnh Ph\u1eadt H\u00f3a Ph\u1ed5&#8221; en \u00a0\u201cGia \u0110\u00ecnh Ph\u1eadt T\u1eed\u201d.<\/span><\/div>\n<div class=\"bodytext\" style=\"color: #000000; text-align: justify;\"><em><strong>\u00a0 \u00a0 \u00a02.\u00a0<span style=\"text-decoration: underline;\">M\u1ee5c \u0111\u00edch <span style=\"color: #0000ff; text-decoration: underline;\">&#8211; But<\/span><\/span>:<\/strong><\/em><br \/>\n+ N\u0103m 1964, \u0110\u1ea1i h\u1ed9i huynh tr\u01b0\u1edfng G\u0110PT to\u00e0n qu\u1ed1c t\u1ea1i S\u00e0i G\u00f2n, tu ch\u1ec9nh m\u1ee5c \u0111\u00edch c\u1ee7a G\u0110PT l\u00e0: \u201c<em>\u0111\u00e0o luy\u1ec7n thanh thi\u1ebfu \u0111\u1ed3ng ni\u00ean th\u00e0nh Ph\u1eadt t\u1eed ch\u00e2n ch\u00ednh, g\u00f3p ph\u1ea7n x\u00e2y d\u1ef1ng x\u00e3 h\u1ed9i theo tinh th\u1ea7n Ph\u1eadt gi\u00e1o\u201d <span style=\"color: #0000ff;\">&#8211; <\/span><\/em><span style=\"color: #0000ff;\">En 1964, le congr\u00e8s des dirigeants du mouvement G\u0110PT du pays \u00e0 Saigon, a annonc\u00e9 que l&#8217;objectif de G\u0110PT est de : &#8220;<em>B\u00e2tir\u00a0la jeunesse\u00a0selon la noble discipline\u00a0du bouddhisme, afin de\u00a0contribuer \u00e0 \u00a0construire une soci\u00e9t\u00e9 selon l&#8217;esprit bouddhiste.<\/em>&#8220;<\/span><br \/>\n+ N\u0103m 2001, H\u1ed9i ngh\u1ecb Huynh tr\u01b0\u1edfng c\u1ea5p D\u0169ng, c\u1ea5p T\u1ea5n G\u0110PT to\u00e0n qu\u1ed1c t\u1ea1i ch\u00f9a T\u1eeb \u0110\u00e0m &#8211; Hu\u1ebf, tu ch\u1ec9nh n\u1ed9i quy. Ph\u1ea7n m\u1ee5c \u0111\u00edch \u0111\u00e3 th\u00eam b\u1edbt m\u1ed9t s\u1ed1 t\u1eeb cho ph\u00f9 h\u1ee3p v\u1edbi th\u1eddi \u0111\u1ea1i nh\u01b0ng mang \u0111\u1ea7y \u0111\u1ee7 \u00fd ngh\u0129a gi\u00e1o d\u1ee5c c\u1ee7a G\u0110PT. M\u1ee5c \u0111\u00edch G\u0110PT: \u201c \u0110\u00e0o luy\u1ec7n thanh &#8211; thi\u1ebfu &#8211; \u0111\u1ed3ng ni\u00ean\u00a0 tin Ph\u1eadt th\u00e0nh Ph\u1eadt t\u1eed ch\u00e2n ch\u00ednh, g\u00f3p ph\u1ea7n ph\u1ee5ng s\u1ef1 \u0111\u1ea1o ph\u00e1p v\u00e0 x\u00e2y d\u1ef1ng x\u00e3 h\u1ed9i\u201d.<\/div>\n<div class=\"bodytext\" style=\"color: #000000; text-align: justify;\"><\/div>\n<div class=\"bodytext\" style=\"color: #000000; text-align: justify;\"><strong>II.\u00a0<span style=\"text-decoration: underline;\">Ch\u00e2m ng\u00f4n <span style=\"color: #0000ff; text-decoration: underline;\">&#8211; Devise<\/span> G\u0110PT<\/span><\/strong><br \/>\n<em>\u00a0 \u00a0 \u00a0<strong>1.\u00a0<span style=\"text-decoration: underline;\">\u0110\u1ecbnh ngh\u0129a <span style=\"color: #0000ff; text-decoration: underline;\">&#8211; D\u00e9finition<\/span><\/span>:<\/strong><\/em><br \/>\n* Ch\u00e2m ng\u00f4n l\u00e0 m\u1ed9t c\u00e2u n\u00f3i ng\u1eafn g\u1ecdn n\u00eau l\u00ean nh\u1eefng \u0111i\u1ec1u l\u00e0m chu\u1ea9n m\u1ef1c, g\u01b0\u01a1ng m\u1eabu v\u1ec1 \u0111\u1ea1o \u0111\u1ee9c, ph\u1ea9m h\u1ea1nh, l\u1ed1i s\u1ed1ng, tinh th\u1ea7n cao th\u01b0\u1ee3ng nh\u1eb1m khuy\u1ebfn h\u00f3a, kh\u00edch l\u1ec7 con ng\u01b0\u1eddi l\u00e0m theo v\u00e0 truy\u1ec1n cho nhau h\u1ecdc t\u1eadp.<br \/>\n* Ch\u00e2m ng\u00f4n c\u1ee7a G\u0110PT l\u00e0: Bi \u2013 Tr\u00ed \u2013 D\u0169ng. <span style=\"color: #0000ff;\">&#8211; Devise de G\u0110PT est : Compassion &#8211; Clairvoyance &#8211; Courage<\/span><br \/>\n* Ch\u00e2m ng\u00f4n c\u1ee7a Ng\u00e0nh \u0110\u1ed3ng G\u0110PT l\u00e0:\u00a0H\u00f2a \u2013 Tin \u2013 Vui.<span style=\"color: #0000ff;\">\u00a0&#8211; Devise des jeunes G\u0110PT est : Harmonie &#8211; Foi\u00a0&#8211; Joie<\/span><\/div>\n<div class=\"bodytext\" style=\"color: #000000; text-align: justify;\"><\/div>\n<div class=\"bodytext\" style=\"color: #000000; text-align: justify;\"><em><strong>2.\u00a0<span style=\"text-decoration: underline;\">\u00dd ngh\u0129a Bi \u2013 Tr\u00ed \u2013 D\u0169ng <span style=\"color: #0000ff; text-decoration: underline;\">&#8211; Signification de Compassion &#8211; Clairvoyance &#8211; Courage<\/span><\/span>:<\/strong><\/em><br \/>\n+ Bi (T\u1eeb bi) T\u1eeb ngh\u0129a l\u00e0 ban vui cho t\u1ea5t c\u1ea3 ch\u00fang sanh, Bi ngh\u0129a l\u00e0 c\u1ee9u kh\u1ed5 cho t\u1ea5t c\u1ea3 m\u1ecdi lo\u00e0i. T\u1eeb bi l\u00e0 l\u00f2ng th\u01b0\u01a1ng y\u00eau cao c\u1ea3 v\u00f4 bi\u00ean, th\u00fac \u0111\u1ea9y con ng\u01b0\u1eddi lu\u00f4n s\u1eb5n s\u00e0ng c\u1ee9u gi\u00fap m\u1ecdi ng\u01b0\u1eddi, m\u1ecdi lo\u00e0i tho\u00e1t kh\u1ed5, \u0111\u01b0\u1ee3c an vui t\u1eeb v\u1eadt ch\u1ea5t \u0111\u1ebfn tinh th\u1ea7n. Ch\u01b0 Ph\u1eadt ra \u0111\u1eddi l\u00e0 b\u1edfi v\u00ec th\u01b0\u01a1ng t\u01b0\u1edfng \u0111\u1ed1i v\u1edbi m\u1ecdi lo\u00e0i ch\u00fang sanh ph\u1ea3i s\u1ed1ng trong v\u00f4 minh \u0111au kh\u1ed5, cho n\u00ean \u0110\u1ea1o Ph\u1eadt l\u00e0 \u0111\u1ea1o t\u1eeb bi.<br \/>\n+ Tr\u00ed (Tr\u00ed hu\u1ec7) l\u00e0 hi\u1ec3u bi\u1ebft s\u00e1ng su\u1ed1t, c\u00f9ng kh\u1eafp, nh\u1eadn ch\u00e2n s\u1ef1 th\u1eadt. \u0110\u1ea1o Ph\u1eadt l\u00e0 \u0111\u1ea1o gi\u00e1c ng\u1ed9, \u0111\u1ee9c Ph\u1eadt l\u00e0 hi\u1ec7n th\u00e2n c\u1ee7a tr\u00ed hu\u1ec7 n\u00ean \u0110\u1ea1o Ph\u1eadt l\u1ea5y tr\u00ed tu\u1ec7 l\u00e0m s\u1ef1 nghi\u1ec7p (duy tu\u1ec7 th\u1ecb nghi\u1ec7p).<br \/>\n+ D\u0169ng (D\u0169ng l\u1ef1c hay h\u00f9ng l\u1ef1c): l\u00e0 d\u0169ng m\u00e3nh tinh ti\u1ebfn, kh\u00f4ng y\u1ebfu \u0111u\u1ed1i, h\u00e8n nh\u00e1c, lu\u00f4n ch\u1ecbu kh\u00f3 nh\u1eabn n\u1ea1i, kh\u00f4ng ng\u1eebng ti\u1ebfn b\u01b0\u1edbc tr\u00ean con \u0111\u01b0\u1eddng tu h\u1ecdc \u0111\u1ec3 l\u1ee3i m\u00ecnh, l\u1ee3i ng\u01b0\u1eddi v\u00e0 ch\u00fang sanh. Ch\u00ednh \u0110\u1ee9c Ph\u1eadt \u0111\u00e3 b\u1eb1ng d\u0169ng l\u1ef1c v\u00f4 song, t\u1eeb b\u1ecf ng\u00f4i b\u00e1u, v\u1ee3 con \u0111\u1ec3 xu\u1ea5t gia t\u00ecm \u0111\u1ea1o v\u00e0 v\u1edbi \u00fd ch\u00ed ki\u00ean c\u01b0\u1eddng, Ng\u00e0i \u0111\u00e3 chi\u1ebfn th\u1eafng n\u1ed9i ma, ngo\u1ea1i ch\u01b0\u1edbng \u0111\u1ec3 th\u00e0nh ch\u00e1nh gi\u00e1c.<em><strong>\u00a0 \u00a0 <\/strong><\/em><\/div>\n<div class=\"bodytext\" style=\"color: #000000; text-align: justify;\"><\/div>\n<div class=\"bodytext\" style=\"color: #000000; text-align: justify;\"><em><strong>\u00a03.\u00a0<span style=\"text-decoration: underline;\">\u00dd ngh\u0129a H\u00f2a \u2013 Tin \u2013 Vui <span style=\"color: #0000ff; text-decoration: underline;\">&#8211; Signification de Harmonie &#8211; Foi &#8211; Joie<\/span>\u00a0<\/span>:<\/strong><\/em><br \/>\n+ Ho\u00e0 thu\u1eadn: L\u00e0 thu\u1eadn th\u1ea3o v\u1edbi t\u1ea5t c\u1ea3 m\u1ecdi ng\u01b0\u1eddi, kh\u00f4ng tranh gi\u00e0nh c\u00e3i c\u1ecd nhau. Trong gia \u0111\u00ecnh em lu\u00f4n lu\u00f4n thu\u1eadn th\u1ea3o v\u1edbi anh ch\u1ecb em, \u0111\u1ebfn tr\u01b0\u1eddng em l\u00e0 m\u1ed9t h\u1ecdc sinh g\u01b0\u01a1ng m\u1eabu kh\u00f4ng \u0111\u00e1nh nhau v\u1edbi b\u1ea1n h\u1ecdc; \u0111\u1ebfn v\u1edbi \u00d0o\u00e0n em lu\u00f4n lu\u00f4n h\u00f2a \u0111\u1ed3ng v\u1edbi c\u00e1c b\u1ea1n trong \u00d0o\u00e0n, nghe l\u1eddi nh\u1eefng ng\u01b0\u1eddi b\u1ea1n l\u1edbn, hi\u1ec3u bi\u1ebft h\u01a1n m\u00ecnh, gi\u00fap \u0111\u1ee1 nh\u1eefng em nh\u1ecf m\u1edbi ch\u1eadp ch\u1eefng v\u00e0o \u00d0o\u00e0n.<br \/>\n+ Tin y\u00eau: L\u00e0 th\u01b0\u01a1ng m\u1ebfn, tin t\u01b0\u1edfng nhau, lu\u00f4n lu\u00f4n tin Ph\u1eadt \u0111\u1ec3 g\u1ea7n Ph\u1eadt. Em ph\u1ea3i th\u01b0\u01a1ng y\u00eau m\u1ecdi ng\u01b0\u1eddi nh\u01b0 th\u01b0\u01a1ng y\u00eau ch\u00ednh b\u1ea3n th\u00e2n em. Em ph\u1ea3i tin v\u00e0o nh\u1eefng ng\u01b0\u1eddi l\u1edbn, nh\u1eefng anh ch\u1ecb Huynh Tr\u01b0\u1edfng, v\u00e0 nh\u1ea5t l\u00e0 em ph\u1ea3i tin v\u00e0o \u00d0\u1ee9c Ph\u1eadt v\u00ec Ng\u00e0i h\u01b0\u1edbng d\u1eabn em tr\u1edf th\u00e0nh ng\u01b0\u1eddi t\u1ed1t.<br \/>\n+ Vui v\u1ebb: L\u00e0 kh\u00f4ng bu\u1ed3n gi\u1eadn, lu\u00f4n lu\u00f4n vui v\u1ebb t\u01b0\u01a1i c\u01b0\u1eddi v\u1edbi m\u1ecdi ng\u01b0\u1eddi. Em c\u00f3 t\u00ednh t\u00ecnh vui v\u1ebb s\u1ebd d\u1ec5 g\u1ea7n g\u0169i v\u1edbi b\u1ea1n b\u00e8, anh ch\u1ecb em. N\u0169ng n\u1ecbu, gi\u1eadn h\u1eddn, la kh\u00f3c r\u1ea5t kh\u00f3 nh\u00ecn, v\u00e0 b\u1ea1n b\u00e8 s\u1ebd xa l\u00e1nh em.<\/div>\n<div class=\"bodytext\" style=\"color: #000000; text-align: justify;\"><\/div>\n<div class=\"bodytext\" style=\"color: #000000; text-align: justify;\"><strong>III.\u00a0<span style=\"text-decoration: underline;\">\u0110i\u1ec1u lu\u1eadt<span style=\"color: #0000ff; text-decoration: underline;\"> &#8211; Les r\u00e8gles de<\/span> G\u0110PT<\/span><\/strong><\/div>\n<div class=\"bodytext\" style=\"color: #000000; text-align: justify;\"><em><strong>\u00a0 \u00a0 \u00a01.<span style=\"text-decoration: underline;\">Qu\u00e1 tr\u00ecnh h\u00ecnh th\u00e0nh v\u00e0 c\u1ea3i ti\u1ebfn<\/span>:<\/strong><\/em><br \/>\n<em>a)\u00a0<span style=\"text-decoration: underline;\">\u0110i\u1ec1u lu\u1eadt Gia \u0110\u00ecnh Ph\u1eadt H\u00f3a Ph\u1ed5\u00a0<\/span>(10 \u0111i\u1ec1u)<\/em><br \/>\n1\/ Ph\u1eadt t\u1eed h\u1ecdc kinh, ni\u1ec7m Ph\u1eadt.<br \/>\n2\/ Ph\u1eadt t\u1eed k\u00ednh m\u1ebfn cha m\u1eb9, thu\u1eadn th\u1ea3o v\u1edbi anh ch\u1ecb em.<br \/>\n3\/ Ph\u1eadt t\u1eed nh\u01a1n t\u1eeb \u0111\u1ed1i v\u1edbi ng\u01b0\u1eddi v\u00e0 v\u1eadt.<br \/>\n4\/ Ph\u1eadt t\u1eed l\u1ef1a b\u1ea1n t\u1ed1t v\u00e0 m\u1ebfn th\u01b0\u01a1ng b\u1ea1n.<br \/>\n5\/ Ph\u1eadt t\u1eed vui bu\u1ed3n c\u00f9ng chia, nh\u1eafc nh\u1edf nhau tr\u00e1nh d\u1eef l\u00e0m l\u00e0nh.<br \/>\n6\/ Ph\u1eadt t\u1eed gi\u1eef g\u00ecn l\u1eddi n\u00f3i \u00f4n h\u00f2a ngay th\u1eadt.<br \/>\n7\/ Ph\u1eadt t\u1eed th\u1eadt th\u00e0, si\u00eang n\u0103ng, th\u1ee9 t\u1ef1, s\u1ea1ch s\u1ebd.<br \/>\n8\/ Ph\u1eadt t\u1eed s\u1ed1ng gi\u1ea3n d\u1ecb v\u00e0 \u0111i\u1ec1u \u0111\u1ed9.<br \/>\n9\/ Ph\u1eadt t\u1eed b\u00ecnh t\u0129nh v\u00e0 l\u1ea1c quan.<br \/>\n10\/ Ph\u1eadt t\u1eed l\u00e0m tr\u00f2n b\u1ed5n ph\u1eadn.<\/div>\n<div class=\"bodytext\" style=\"color: #000000; text-align: justify;\"><\/div>\n<div class=\"bodytext\" style=\"color: #000000; text-align: justify;\"><em>b)<\/em><em>\u00a0<span style=\"text-decoration: underline;\">\u0110i\u1ec1u lu\u1eadt G\u0110PT (1951)<\/span>:<\/em><\/div>\n<div class=\"bodytext\" style=\"color: #000000; text-align: justify;\">&#8211; Lu\u1eadt c\u1ee7a Thanh, Thi\u1ebfu ni\u00ean nam, n\u1eef g\u1ed3m 5 \u0111i\u1ec1u:<br \/>\n1\/ Ph\u1eadt t\u1eed quy y Ph\u1eadt, Ph\u00e1p, T\u0103ng v\u00e0 gi\u1eef gi\u1edbi \u0111\u00e3 ph\u00e1t nguy\u1ec7n.<br \/>\n2\/ Ph\u1eadt t\u1eed m\u1edf r\u1ed9ng l\u00f2ng th\u01b0\u01a1ng, t\u00f4n tr\u1ecdng s\u1ef1 s\u1ed1ng.<br \/>\n3\/ Ph\u1eadt t\u1eed trau d\u1ed3i tr\u00ed tu\u1ec7, t\u00f4n tr\u1ecdng s\u1ef1 th\u1eadt.<br \/>\n4\/ Ph\u1eadt t\u1eed trong s\u1ea1ch t\u1eeb th\u1ec3 ch\u1ea5t \u0111\u1ebfn tinh th\u1ea7n, t\u1eeb l\u1eddi n\u00f3i \u0111\u1ebfn vi\u1ec7c l\u00e0m.<br \/>\n5\/ Ph\u1eadt t\u1eed s\u1ed1ng h\u1ef7 x\u1ea3 \u0111\u1ec3 d\u0169ng ti\u1ebfn tr\u00ean \u0111\u01b0\u1eddng \u0111\u1ea1o.<\/div>\n<div class=\"bodytext\" style=\"color: #000000; text-align: justify;\"><\/div>\n<div class=\"bodytext\" style=\"color: #000000; text-align: justify;\">&#8211; Lu\u1eadt c\u1ee7a Oanh v\u0169 g\u1ed3m 3 \u0111i\u1ec1u:<br \/>\n1\/ Em t\u01b0\u1edfng nh\u1edb Ph\u1eadt.<br \/>\n2\/ Em k\u00ednh m\u1ebfn cha m\u1eb9 v\u00e0 th\u1ee5\u1eadn th\u1ea3o v\u1edbi anh ch\u1ecb em.<br \/>\n3\/ Em th\u01b0\u01a1ng ng\u01b0\u1eddi v\u00e0 v\u1eadt.<\/div>\n<div class=\"bodytext\" style=\"color: #000000; text-align: justify;\"><\/div>\n<div class=\"bodytext\" style=\"color: #000000; text-align: justify;\"><em>c)\u00a0<\/em><em><span style=\"text-decoration: underline;\">\u0110i\u1ec1u lu\u1eadt G\u0110PT hi\u1ec7n nay<\/span>:<\/em><\/div>\n<div class=\"bodytext\" style=\"color: #000000; text-align: justify;\">Theo n\u1ed9i quy tu ch\u00ednh n\u0103m 2001 b\u1ed5 sung: Lu\u1eadt c\u1ee7a Huynh tr\u01b0\u1edfng v\u00e0 \u0111o\u00e0n sinh Thanh, Thi\u1ebfu ni\u00ean thay cho lu\u1eadt c\u1ee7a Thanh, Thi\u1ebfu nam, n\u1eef.<br \/>\n1\/ Ph\u1eadt t\u1eed quy y Ph\u1eadt, Ph\u00e1p,T\u0103ng v\u00e0 gi\u1eef gi\u1edbi \u0111\u00e3 ph\u00e1t nguy\u1ec7n.<br \/>\n2\/ Ph\u1eadt t\u1eed m\u1edf r\u1ed9ng l\u00f2ng th\u01b0\u01a1ng, t\u00f4n tr\u1ecdng s\u1ef1 s\u1ed1ng.<br \/>\n3\/ Ph\u1eadt t\u1eed trau d\u1ed3i tr\u00ed tu\u1ec7 ,t\u00f4n tr\u1ecdng s\u1ef1 th\u1eadt.<br \/>\n4\/ Ph\u1eadt t\u1eed trong s\u1ea1ch t\u1eeb th\u1ec3 ch\u1ea5t \u0111\u1ebfn tinh th\u1ea7n, t\u1eeb l\u1eddi n\u00f3i \u0111\u1ebfn vi\u1ec7c l\u00e0m.<br \/>\n5\/ Ph\u1eadt t\u1eed s\u1ed1ng h\u1ef7 x\u1ea3 \u0111\u1ec3 d\u0169ng ti\u1ebfn tr\u00ean \u0111\u01b0\u1eddng \u0111\u1ea1o.<\/div>\n<div class=\"bodytext\" style=\"color: #000000; text-align: justify;\"><\/div>\n<div class=\"bodytext\" style=\"color: #000000; text-align: justify;\"><em><strong>\u00a0 \u00a0 \u00a02.\u00a0<span style=\"text-decoration: underline;\">Ph\u00e2n t\u00edch\u00a0 \u00fd ngh\u0129a<\/span>:<\/strong><\/em><br \/>\n\u0110i\u1ec1u 1: ph\u00f9 h\u1ee3p v\u1edbi h\u1ea1nh tinh t\u1ea5n c\u1ee7a \u0110\u1ee9c B\u1ed5n S\u01b0 Th\u00edch Ca M\u00e2u Ni<br \/>\n\u0110i\u1ec1u 2: th\u1ef1c hi\u1ec7n h\u1ea1nh t\u1eeb bi m\u00e0 B\u1ed3 T\u00e1t Qu\u00e1n Th\u1ebf \u00c2m l\u00e0 bi\u1ec3u t\u01b0\u1ee3ng.<br \/>\n\u0110i\u1ec1u 3: ph\u00f9 h\u1ee3p v\u1edbi h\u1ea1nh tr\u00ed tu\u1ec7 m\u00e0 B\u1ed3 t\u00e1t V\u0103n Th\u00f9 S\u01b0 L\u1ee3i l\u00e0 bi\u1ec3u t\u01b0\u1ee3ng<br \/>\n\u0110i\u1ec1u 4: th\u1ef1c hi\u1ec7n h\u1ea1nh thanh t\u1ecbnh c\u1ee7a \u0110\u1ee9c Ph\u1eadt A Di \u0110\u00e0.<br \/>\n\u0110i\u1ec1u 5: th\u1ef1c hi\u1ec7n h\u1ea1nh h\u1ef7 x\u1ea3 c\u1ee7a \u0110\u1ee9c Ph\u1eadt Di L\u1eb7c.<strong>IV.\u00a0<span style=\"text-decoration: underline;\">K\u1ebft lu\u1eadn<\/span>:<\/strong><br \/>\nM\u1ee5c \u0111\u00edch, ch\u00e2m ng\u00f4n, \u0111i\u1ec1u lu\u1eadt c\u1ee7a G\u0110PT l\u00e0 kim ch\u1ec9 nam cho m\u1ecdi huynh tr\u01b0\u1edfng\u00a0 v\u00e0 \u0111o\u00e0n sinh G\u0110PT \u0111\u1ec3 tu d\u01b0\u1ee1ng r\u00e8n luy\u1ec7n m\u00ecnh tr\u1edf th\u00e0nh m\u1ed9t Ph\u1eadt t\u1eed ch\u00e2n ch\u00ednh, l\u00e0m t\u1ed1t \u0111\u1ea1o, \u0111\u1eb9p \u0111\u1eddi.<strong><span style=\"text-decoration: underline;\">C\u00c2U H\u1eceI \u00d4N T\u1eacP<\/span><\/strong><\/p>\n<p>1. Em h\u00e3y ph\u00e1t bi\u1ec3u m\u1ee5c \u0111\u00edch c\u1ee7a G\u0110PT (tu ch\u1ec9nh n\u0103m 2001), gi\u1ea3i th\u00edch?<br \/>\n2. N\u00eau \u00fd ngh\u0129a c\u1ee7a Ch\u00e2m ng\u00f4n: Bi &#8211; Tr\u00ed &#8211; D\u0169ng?<br \/>\n3. N\u00eau 3 \u0111i\u1ec1u lu\u1eadt Ng\u00e0nh Oanh, 5 \u0111i\u1ec1u lu\u1eadt Ng\u00e0nh Thi\u1ebfu, gi\u1ea3i th\u00edch \u00fd ngh\u0129a?<br \/>\n4. N\u00eau c\u00e1c h\u1ea1nh t\u01b0\u01a1ng \u1ee9ng c\u1ee7a ch\u01b0 Ph\u1eadt, B\u1ed3 T\u00e1t v\u1edbi 5 \u0111i\u1ec1u lu\u1eadt c\u1ee7a Huynh tr\u01b0\u1edfng v\u00e0 \u0111o\u00e0n sinh Thanh, Thi\u1ebfu ni\u00ean.<\/p>\n<\/div>\n<p>&nbsp;<\/p>\n","protected":false},"excerpt":{"rendered":"<p>M\u1ee5c \u0110\u00edch &#8211; Ch\u00e2m Ng\u00f4n &#8211; \u0110i\u1ec1u Lu\u1eadt Gia \u0110\u00ecnh Ph\u1eadt T\u1eed Objectif &#8211; Devise &#8211; Les r\u00e8gles de la Famille de la Jeunesse Bouddhiste \u2026 <a class=\"continue-reading-link\" href=\"https:\/\/www.pagodethienminh.fr\/?page_id=102\">Continue \u00e0 lire <span class=\"meta-nav\">&rarr; <\/span><\/a><\/p>\n","protected":false},"author":1,"featured_media":0,"parent":33,"menu_order":1,"comment_status":"closed","ping_status":"closed","template":"template-onecolumn.php","meta":{"_mc_calendar":[],"footnotes":""},"class_list":["post-102","page","type-page","status-publish","hentry"],"_links":{"self":[{"href":"https:\/\/www.pagodethienminh.fr\/index.php?rest_route=\/wp\/v2\/pages\/102","targetHints":{"allow":["GET"]}}],"collection":[{"href":"https:\/\/www.pagodethienminh.fr\/index.php?rest_route=\/wp\/v2\/pages"}],"about":[{"href":"https:\/\/www.pagodethienminh.fr\/index.php?rest_route=\/wp\/v2\/types\/page"}],"author":[{"embeddable":true,"href":"https:\/\/www.pagodethienminh.fr\/index.php?rest_route=\/wp\/v2\/users\/1"}],"replies":[{"embeddable":true,"href":"https:\/\/www.pagodethienminh.fr\/index.php?rest_route=%2Fwp%2Fv2%2Fcomments&post=102"}],"version-history":[{"count":13,"href":"https:\/\/www.pagodethienminh.fr\/index.php?rest_route=\/wp\/v2\/pages\/102\/revisions"}],"predecessor-version":[{"id":4322,"href":"https:\/\/www.pagodethienminh.fr\/index.php?rest_route=\/wp\/v2\/pages\/102\/revisions\/4322"}],"up":[{"embeddable":true,"href":"https:\/\/www.pagodethienminh.fr\/index.php?rest_route=\/wp\/v2\/pages\/33"}],"wp:attachment":[{"href":"https:\/\/www.pagodethienminh.fr\/index.php?rest_route=%2Fwp%2Fv2%2Fmedia&parent=102"}],"curies":[{"name":"wp","href":"https:\/\/api.w.org\/{rel}","templated":true}]}}